{"id":1985,"date":"2020-11-25T12:03:20","date_gmt":"2020-11-25T12:03:20","guid":{"rendered":"https:\/\/geopark.viska.dev\/product\/reykjanes\/"},"modified":"2021-03-14T16:22:25","modified_gmt":"2021-03-14T16:22:25","slug":"reykjanes","status":"publish","type":"product","link":"https:\/\/geopark.viska.dev\/is\/product\/reykjanes\/","title":{"rendered":"Reykjanesb\u00f3kin &#8211; fangar \u00e6gifagra n\u00e1tt\u00faru Reykjanes Geopark"},"content":{"rendered":"<p><strong>\/\/English below<\/strong><br \/>\nReykjanes UNESCO Global Geopark hefur gefi\u00f0 \u00fat veglega b\u00f3k um Reykjanes \u00fear sem finna m\u00e1 fj\u00f6lda lj\u00f3smynda af einst\u00f6kum Reykjanesskaganum og tilv\u00edsanir \u00ed menningu og s\u00f6gu \u00feessa landshluta sem kalla m\u00e1 hli\u00f0i\u00f0 inn \u00ed landi\u00f0.<\/p>\n<p>Reykjanes UNESCO Global Geopark er einstakt sv\u00e6\u00f0i \u00e1 heimsv\u00edsu en \u00fear r\u00eds Mi\u00f0-Atlantshafshryggurinn \u00far s\u00e6 en \u00e1 f\u00e1um st\u00f6\u00f0um \u00ed heiminum er h\u00e6gt a\u00f0 sko\u00f0a sprungumyndanir sem eru jafn l\u00fdsandi fyrir gli\u00f0nun milli jar\u00f0skorpufleka \u00fear sem skiljast a\u00f0 Amer\u00edka og Evr\u00f3pa.<\/p>\n<p>\u00cd b\u00f3kinni er tvinna\u00f0 saman n\u00e1tt\u00faru og landslagi, menningu og f\u00f3lki sem og n\u00fdsk\u00f6pun og atvinnu til a\u00f0 gefa nokkra mynd af \u00feessu samf\u00e9lagi su\u00f0ur me\u00f0 sj\u00f3. Landslagi\u00f0 er eldbrunni\u00f0 og hrj\u00f3strugt vi\u00f0 fyrstu s\u00edn og hefur \u00fev\u00ed veri\u00f0 l\u00edkt vi\u00f0 tungli\u00f0, gott ef \u00e6fingar fyrir tunglg\u00f6nguna hafi ekki fari\u00f0 fram \u00fear, en \u00feegar betur er a\u00f0 g\u00e1\u00f0 birtist \u00e6gifegur\u00f0 skagans sem er einst\u00f6k \u00ed hrikaleik s\u00ednum. M\u00e1 \u00fear nefna \u00ed\u00f0ilgr\u00e6na sprungug\u00edga, mosahei\u00f0ar, hverasinf\u00f3n\u00edu og leiraugu \u00fear sem orkan kraumar \u00ed i\u00f0rum jar\u00f0ar enda er Reykjanesi\u00f0 h\u00e1hitasv\u00e6\u00f0i sem hefur s\u00e9\u00f0 Su\u00f0unesjam\u00f6nnum r\u00edkulega fyrir orku. Brimi\u00f0 \u00e1 Reykjanesi er st\u00f3rfenglegt \u00fear sem Atlantshafsaldan skellur fyrst \u00e1 landinu en \u00fe\u00f3 er ve\u00f0urfar \u00e1 Reykjanesi me\u00f0 \u00feeim mildari \u00e1 landinu.<\/p>\n<p><!--more--><\/p>\n<p>B\u00f3kin gefur t\u00f3nlistararfi Su\u00f0urnesjamanna g\u00f3\u00f0 skil en \u00fear eru birtir textar vins\u00e6lla d\u00e6gurlaga allt fr\u00e1 7. \u00e1ratuginum og fram til dagsins \u00ed dag en \u00fear m\u00e1 nefna R\u00fanar J\u00fal\u00edusson, Villa vill, J\u00f3hann Helgason, Valdimar og Of Monsters and Men. Einnig eru birtir textar eftir \u00feekkt sk\u00e1ld sem tengjast Reykjanesi \u00e1 einn e\u00f0a annan h\u00e1tt og m\u00e1 \u00fear nefna lj\u00f3\u00f0sk\u00e1ldi\u00f0 Stein Steinarr sem starfa\u00f0i sem vitav\u00f6r\u00f0ur \u00e1 Reykjanesvita, elsta vita landsins, um nokkurt skei\u00f0, Hannes Sigf\u00fasson sem skrifa\u00f0i b\u00f3kina Strandi\u00f0 um einn mannsk\u00e6\u00f0asta skipska\u00f0a s\u00f6gunnar vi\u00f0 Valahnu\u00fak, J\u00f3n Kalman og Gu\u00f0berg Bergsson auk \u00feess sem segja m\u00e1 a\u00f0 \u00fear hafi Hallgr\u00edmur P\u00e9tursson stigi\u00f0 fyrst fram \u00e1 svi\u00f0i\u00f0 sem tr\u00faarsk\u00e1ld \u00feegar hann orti um d\u00f3ttur s\u00edna og hj\u00f3 henni minningarstein \u00e1 Hvalsnesi.<\/p>\n<p>Lj\u00f3smyndirnar eru flestar teknar af \u00der\u00e1nni Kolbeinssyni sem b\u00fdr \u00ed Grindav\u00edk og hefur honum tekist a\u00f0 gefa okkur n\u00fdja s\u00fdn \u00e1 Reykjanes. Voru \u00fe\u00e6r unnar \u00ed samstarfi vi\u00f0 Marka\u00f0sstofu Reykjaness og Hekluna, atvinnu\u00fer\u00f3unarf\u00e9lag Su\u00f0urnesja og var \u00feeim \u00e6tla\u00f0 a\u00f0 gefa fj\u00f6lbreytta mynd af samf\u00e9lagi og n\u00e1tt\u00faru sem \u00e1 s\u00e9r engan l\u00edka. L\u00f6g\u00f0 var \u00e1hersla \u00e1 a\u00f0 gefa mynd af samspili manns og n\u00e1tt\u00faru og hvernig \u00fea\u00f0 samtal ver\u00f0ur til hvort sem \u00fea\u00f0 er \u00e1 brimbretti \u00ed \u00f6ldunum \u00fat af Grindav\u00edk, sj\u00f3sund vi\u00f0 s\u00f3lsetur \u00e1 Gar\u00f0skaga, kajak \u00e1 Kleifarvatni e\u00f0a d\u00fdfa \u00ed dj\u00fapan hyl \u00e1 heitum sumardegi.<\/p>\n<p>Um er a\u00f0 r\u00e6\u00f0a metna\u00f0arfullt b\u00f3kverk sem allir \u00e6ttu a\u00f0 hafa gaman af \u00fev\u00ed a\u00f0 eiga.<\/p>\n<p>Kilja &#8211; 2020 &#8211; 198 bls<\/p>\n<p>\/\/<\/p>\n<p>Reykjanes UNESCO Global Geopark has published a special book about Reykjanes where you can find\u00a0 incredible photographs of the unique Reykjanes peninsula and references to the culture and history of this part of the country, which can be called the gateway into Iceland. The book combines nature and landscape, culture and people as well as innovation and employment to give some idea of \u200b\u200bthis community south by the sea. The landscape is fiery and barren at first, and has therefore been likened to the moon, good if exercises for the moonwalk did not take place there, but when you look closely, the beauty of the peninsula appears, which is unique in its ruggedness. These include the evergreen fissure crater, moss heaths, hot spring symphony and mud pots where the energy simmers in the bowels of the earth, as Reykjanes is a high-temperature area that has provided the people of Reykjanes with plenty of energy.<\/p>\n<p>Paperback &#8211; 2020 &#8211; 198 pages<\/p>\n<p>&nbsp;<\/p>\n<p>&nbsp;<\/p>\n<p>&nbsp;<\/p>\n<p>&nbsp;<\/p>\n<p>&nbsp;<\/p>\n<p>&nbsp;<\/p>\n<p>&nbsp;<\/p>\n<p>&nbsp;<\/p>\n<p>&nbsp;<\/p>\n<p>&nbsp;<\/p>\n<p>&nbsp;<\/p>\n<p>&nbsp;<\/p>\n<p>&nbsp;<\/p>\n<p>&nbsp;<\/p>\n","protected":false},"excerpt":{"rendered":"<p>&nbsp;<\/p>\n<p>&nbsp;<\/p>\n<p>&nbsp;<\/p>\n<p>&nbsp;<\/p>\n<p>&nbsp;<\/p>\n<p>&nbsp;<\/p>\n<p>&nbsp;<\/p>\n<p>&nbsp;<\/p>\n<p>&nbsp;<\/p>\n<p>&nbsp;<\/p>\n<p>&nbsp;<\/p>\n<p>&nbsp;<\/p>\n<p>&nbsp;<\/p>\n<p>&nbsp;<\/p>\n<p>&nbsp;<\/p>\n<p>&nbsp;<\/p>\n","protected":false},"featured_media":1942,"comment_status":"open","ping_status":"closed","template":"","meta":{"inline_featured_image":false,"_mi_skip_tracking":false,"site-sidebar-layout":"default","site-content-layout":"default","ast-global-header-display":"","ast-main-header-display":"","ast-hfb-above-header-display":"","ast-hfb-below-header-display":"","ast-hfb-mobile-header-display":"","site-post-title":"","ast-breadcrumbs-content":"","ast-featured-img":"","footer-sml-layout":"","theme-transparent-header-meta":"default","adv-header-id-meta":"","stick-header-meta":"","header-above-stick-meta":"","header-main-stick-meta":"","header-below-stick-meta":""},"product_cat":[37],"product_tag":[],"_links":{"self":[{"href":"https:\/\/geopark.viska.dev\/is\/wp-json\/wp\/v2\/product\/1985"}],"collection":[{"href":"https:\/\/geopark.viska.dev\/is\/wp-json\/wp\/v2\/product"}],"about":[{"href":"https:\/\/geopark.viska.dev\/is\/wp-json\/wp\/v2\/types\/product"}],"replies":[{"embeddable":true,"href":"https:\/\/geopark.viska.dev\/is\/wp-json\/wp\/v2\/comments?post=1985"}],"wp:featuredmedia":[{"embeddable":true,"href":"https:\/\/geopark.viska.dev\/is\/wp-json\/wp\/v2\/media\/1942"}],"wp:attachment":[{"href":"https:\/\/geopark.viska.dev\/is\/wp-json\/wp\/v2\/media?parent=1985"}],"wp:term":[{"taxonomy":"product_cat","embeddable":true,"href":"https:\/\/geopark.viska.dev\/is\/wp-json\/wp\/v2\/product_cat?post=1985"},{"taxonomy":"product_tag","embeddable":true,"href":"https:\/\/geopark.viska.dev\/is\/wp-json\/wp\/v2\/product_tag?post=1985"}],"curies":[{"name":"wp","href":"https:\/\/api.w.org\/{rel}","templated":true}]}}