{"id":1982,"date":"2021-03-12T16:16:52","date_gmt":"2021-03-12T16:16:52","guid":{"rendered":"https:\/\/geopark.viska.dev\/product\/verold-vaettanna-bergrisinn-vaknar-litabok-kynningarverd\/"},"modified":"2021-03-19T12:50:24","modified_gmt":"2021-03-19T12:50:24","slug":"verold-vaettanna-bergrisinn-vaknar-litabok","status":"publish","type":"product","link":"https:\/\/geopark.viska.dev\/is\/product\/verold-vaettanna-bergrisinn-vaknar-litabok\/","title":{"rendered":"Ver\u00f6ld v\u00e6ttanna &#8211; Bergrisinn vaknar + litab\u00f3k"},"content":{"rendered":"<p>Fr\u00e1 \u00f6r\u00f3fi alda hafa landv\u00e6ttirnar haft \u00fea\u00f0 hlutverk a\u00f0 passa landi\u00f0 okkar. Bergrisinn, verndari Reykjaness, hefur \u00fe\u00f3 sofi\u00f0 \u00e1ratugum saman en n\u00fa er m\u00e1l a\u00f0 hann vakni. Skottan s\u00e9r til \u00feess og saman heilsa \u00feau upp \u00e1 vini s\u00edna, Berglindi og Brimi.<\/p>\n<p>\u00cd \u00feessari skemmtilegu s\u00f6gu er landv\u00e6ttir Reykjaness kynntar til s\u00f6gunnar og flakka\u00f0 v\u00edtt og breytt um jar\u00f0vanginn. B\u00f3kinni fylgir l\u00edka skemmtilegt kort \u00fear sem athygli er vakin \u00e1 \u00e1hugaver\u00f0um st\u00f6\u00f0um sem gaman er a\u00f0 heims\u00e6kja. \u00de\u00e1 fylgir einnig litab\u00f3k me\u00f0 teikningum af kennileitum Reykjaness og myndum \u00far b\u00f3kinni.<\/p>\n<p>H\u00f6fundur texta er Margr\u00e9t Tryggvad\u00f3ttir en myndirnar ger\u00f0i Silvia P\u00e9rez.<br \/>\n___<\/p>\n<p>Fr\u00e1 \u00e1rinu 2018 hefur Reykjanes Geopark \u00der\u00f3a\u00f0 talsmenn fyrir Reykjanes, \u00fe.e. Ver\u00f6ld v\u00e6ttanna. Markmi\u00f0i\u00f0 er a\u00f0 koma uppl\u00fdsingum og fr\u00f3\u00f0leik \u00e1 framf\u00e6ri vi\u00f0 yngstu kynsl\u00f3\u00f0ina. V\u00e6ttirnir koma til me\u00f0 a\u00f0 au\u00f0velda \u00f6ll samskipti vi\u00f0 b\u00f6rn og auka \u00feannig n\u00e1tt\u00farul\u00e6si, sta\u00f0arvitund \u00feeirra og \u00feekkingu \u00e1 umhverfism\u00e1lum. Sl\u00edkt kemur til me\u00f0 a\u00f0 vera hvatning til hreyfingar og \u00fativistar, auka stolt, styrkja r\u00e6tur \u00feeirra og tengingu vi\u00f0 sv\u00e6\u00f0i\u00f0.<\/p>\n<p>\u00datg\u00e1fa b\u00f3kar um Ver\u00f6ld v\u00e6ttanna er mikilv\u00e6gur li\u00f0ur \u00ed \u00fev\u00ed a\u00f0 koma bo\u00f0skap verkefnisins til skila og kynna s\u00f6guheiminn og v\u00e6ttirnar til leiks. \u00deannig n\u00fa f\u00e6r yngri kynsl\u00f3\u00f0in t\u00e6kif\u00e6ri til a\u00f0 kynnast Ver\u00f6ld v\u00e6ttanna og s\u00ednu umhverfi.\u00a0 Einnig er stefnt a\u00f0 \u00e1framhaldandi \u00fer\u00f3unarvinna og marka\u00f0setningu verkefnisins.<\/p>\n<p>&nbsp;<\/p>\n<p>&nbsp;<\/p>\n<p>&nbsp;<\/p>\n<p>&nbsp;<\/p>\n<p>&nbsp;<\/p>\n<p>&nbsp;<\/p>\n<p>&nbsp;<\/p>\n<p>&nbsp;<\/p>\n","protected":false},"excerpt":{"rendered":"<p>&nbsp;<\/p>\n<p>&nbsp;<\/p>\n<p>&nbsp;<\/p>\n<p>&nbsp;<\/p>\n<p>&nbsp;<\/p>\n<p>&nbsp;<\/p>\n<p>&nbsp;<\/p>\n<p>&nbsp;<\/p>\n","protected":false},"featured_media":1952,"comment_status":"open","ping_status":"closed","template":"","meta":{"inline_featured_image":false,"_mi_skip_tracking":false,"site-sidebar-layout":"default","site-content-layout":"default","ast-global-header-display":"","ast-main-header-display":"","ast-hfb-above-header-display":"","ast-hfb-below-header-display":"","ast-hfb-mobile-header-display":"","site-post-title":"","ast-breadcrumbs-content":"","ast-featured-img":"","footer-sml-layout":"","theme-transparent-header-meta":"default","adv-header-id-meta":"","stick-header-meta":"","header-above-stick-meta":"","header-main-stick-meta":"","header-below-stick-meta":""},"product_cat":[37],"product_tag":[],"_links":{"self":[{"href":"https:\/\/geopark.viska.dev\/is\/wp-json\/wp\/v2\/product\/1982"}],"collection":[{"href":"https:\/\/geopark.viska.dev\/is\/wp-json\/wp\/v2\/product"}],"about":[{"href":"https:\/\/geopark.viska.dev\/is\/wp-json\/wp\/v2\/types\/product"}],"replies":[{"embeddable":true,"href":"https:\/\/geopark.viska.dev\/is\/wp-json\/wp\/v2\/comments?post=1982"}],"wp:featuredmedia":[{"embeddable":true,"href":"https:\/\/geopark.viska.dev\/is\/wp-json\/wp\/v2\/media\/1952"}],"wp:attachment":[{"href":"https:\/\/geopark.viska.dev\/is\/wp-json\/wp\/v2\/media?parent=1982"}],"wp:term":[{"taxonomy":"product_cat","embeddable":true,"href":"https:\/\/geopark.viska.dev\/is\/wp-json\/wp\/v2\/product_cat?post=1982"},{"taxonomy":"product_tag","embeddable":true,"href":"https:\/\/geopark.viska.dev\/is\/wp-json\/wp\/v2\/product_tag?post=1982"}],"curies":[{"name":"wp","href":"https:\/\/api.w.org\/{rel}","templated":true}]}}