{"id":2929,"date":"2022-06-01T09:02:37","date_gmt":"2022-06-01T09:02:37","guid":{"rendered":"https:\/\/geopark.viska.dev\/?page_id=2929"},"modified":"2022-06-01T09:02:57","modified_gmt":"2022-06-01T09:02:57","slug":"sandvik-grindavik","status":"publish","type":"page","link":"https:\/\/geopark.viska.dev\/is\/fuglaskodun\/sandvik-grindavik\/","title":{"rendered":"Sandv\u00edk &#8211; Grindav\u00edk"},"content":{"rendered":"\t\t<div data-elementor-type=\"wp-page\" data-elementor-id=\"2929\" class=\"elementor elementor-2929\">\n\t\t\t\t\t\t<div class=\"elementor-inner\">\n\t\t\t\t<div class=\"elementor-section-wrap\">\n\t\t\t\t\t\t\t\t\t<section class=\"elementor-section elementor-top-section elementor-element elementor-element-070fbfc elementor-section-boxed elementor-section-height-default elementor-section-height-default\" data-id=\"070fbfc\" data-element_type=\"section\" data-settings=\"{&quot;background_background&quot;:&quot;classic&quot;}\">\n\t\t\t\t\t\t<div class=\"elementor-container elementor-column-gap-default\">\n\t\t\t\t\t\t\t<div class=\"elementor-row\">\n\t\t\t\t\t<div class=\"elementor-column elementor-col-100 elementor-top-column elementor-element elementor-element-506248a\" data-id=\"506248a\" data-element_type=\"column\">\n\t\t\t<div class=\"elementor-column-wrap elementor-element-populated\">\n\t\t\t\t\t\t\t<div class=\"elementor-widget-wrap\">\n\t\t\t\t\t\t\t\t<\/div>\n\t\t\t\t\t<\/div>\n\t\t<\/div>\n\t\t\t\t\t\t\t\t<\/div>\n\t\t\t\t\t<\/div>\n\t\t<\/section>\n\t\t\t\t<section class=\"elementor-section elementor-top-section elementor-element elementor-element-74d476f elementor-section-boxed elementor-section-height-default elementor-section-height-default\" data-id=\"74d476f\" data-element_type=\"section\">\n\t\t\t\t\t\t<div class=\"elementor-container elementor-column-gap-default\">\n\t\t\t\t\t\t\t<div class=\"elementor-row\">\n\t\t\t\t\t<div class=\"elementor-column elementor-col-100 elementor-top-column elementor-element elementor-element-6f916fa\" data-id=\"6f916fa\" data-element_type=\"column\">\n\t\t\t<div class=\"elementor-column-wrap elementor-element-populated\">\n\t\t\t\t\t\t\t<div class=\"elementor-widget-wrap\">\n\t\t\t\t\t\t<div class=\"elementor-element elementor-element-27b8e95 elementor-arrows-position-inside elementor-pagination-position-outside elementor-widget elementor-widget-image-carousel\" data-id=\"27b8e95\" data-element_type=\"widget\" data-settings=\"{&quot;slides_to_show&quot;:&quot;1&quot;,&quot;navigation&quot;:&quot;both&quot;,&quot;autoplay&quot;:&quot;yes&quot;,&quot;pause_on_hover&quot;:&quot;yes&quot;,&quot;pause_on_interaction&quot;:&quot;yes&quot;,&quot;autoplay_speed&quot;:5000,&quot;infinite&quot;:&quot;yes&quot;,&quot;effect&quot;:&quot;slide&quot;,&quot;speed&quot;:500}\" data-widget_type=\"image-carousel.default\">\n\t\t\t\t<div class=\"elementor-widget-container\">\n\t\t\t\t\t<div class=\"elementor-image-carousel-wrapper swiper-container\" dir=\"ltr\">\n\t\t\t<div class=\"elementor-image-carousel swiper-wrapper\">\n\t\t\t\t\t\t\t\t<div class=\"swiper-slide\"><figure class=\"swiper-slide-inner\"><img class=\"swiper-slide-image\" src=\"https:\/\/geopark.viska.dev\/wp-content\/uploads\/2022\/05\/vqfnrjmuirua2bmjdsco-1-768x512.jpeg\" alt=\"vqfnrjmuirua2bmjdsco\" \/><\/figure><\/div>\t\t\t<\/div>\n\t\t\t\t\t<\/div>\n\t\t\t\t<\/div>\n\t\t\t\t<\/div>\n\t\t\t\t<div class=\"elementor-element elementor-element-0a2d522 elementor-widget elementor-widget-text-editor\" data-id=\"0a2d522\" data-element_type=\"widget\" data-widget_type=\"text-editor.default\">\n\t\t\t\t<div class=\"elementor-widget-container\">\n\t\t\t\t\t\t\t\t<div class=\"elementor-text-editor elementor-clearfix\">\n\t\t\t\t<h3>St\u00f3ra-Sandv\u00edk<\/h3><p>St\u00f3ra-Sandv\u00edk er fl\u00f6t og falleg v\u00edk me\u00f0 st\u00f3rum sand\u00f6ldum og miklu l\u00f3ni sem fuglar s\u00e6kja miki\u00f0 \u00ed. Erfitt getur reynst a\u00f0 komast \u00ed f\u00e6ri vi\u00f0 fuglana, \u00fev\u00ed er gott a\u00f0 vera me\u00f0 g\u00f3\u00f0an sj\u00f3nauka \u00e1 f\u00e6ti til a\u00f0 sko\u00f0a \u00fe\u00e1. Sk\u00fafendur, stokkendur, rau\u00f0h\u00f6f\u00f0ar, urtendur og \u00e1lftir eru reglulegir gestir vi\u00f0 l\u00f3ni\u00f0. \u00cd gegnum t\u00ed\u00f0ina hafa s\u00e9st margir fl\u00e6kingar enda er l\u00f3ni\u00f0 ein af f\u00e1um vatnsvinjum \u00e1 \u00feessu sv\u00e6\u00f0i. Malarvegurinn vi\u00f0 l\u00f3ni\u00f0 og upp \u00e1 sand\u00f6lduna er hol\u00f3ttur en \u00e6tti a\u00f0 vera f\u00e6r flestum b\u00edlum. Ekki er m\u00e6lt me\u00f0 \u00fev\u00ed a\u00f0 keyra ni\u00f0ur \u00ed v\u00edkina \u00fear sem au\u00f0velt er a\u00f0 festa b\u00edl \u00fear og fl\u00f3\u00f0asta\u00f0an er flj\u00f3t a\u00f0 breytast.<\/p><h3>Reykjanes \u2013 Eldey, Valahnj\u00fakur og Karl<\/h3><p>Reykjanesi\u00f0 er ysta og vestasta nesi\u00f0 \u00e1 Reykjanesskaga sem dregur nafn sitt af \u00feessu nesi. \u00dear er l\u00edklega eina kr\u00eduvarpi\u00f0 \u00ed heiminum sta\u00f0sett \u00e1 hverasv\u00e6\u00f0i. \u00cd flestum tj\u00f6rnum \u00e1 sv\u00e6\u00f0inu g\u00e6tir sj\u00e1varfalla og einst\u00f6k l\u00edfkerfi \u00fer\u00edfast \u00ed \u00feeim tj\u00f6rnum. Va\u00f0fuglar s\u00e6kja \u00ed \u00feessar tjarnir \u00ed leit a\u00f0 \u00e6ti og skj\u00f3li. Fr\u00e1b\u00e6rar a\u00f0st\u00e6\u00f0ur eru til sj\u00f3fuglasko\u00f0unar \u00e1 sv\u00e6\u00f0inu enda eru r\u00edk fiskimi\u00f0 \u00e1 Reykjaneshryggnum n\u00e1l\u00e6gt landi. H\u00e6gt er a\u00f0 keyra a\u00f0 Reykjanesvita og ni\u00f0ur a\u00f0 Valahnj\u00fak. \u00dear er h\u00e6gt a\u00f0 ganga upp a\u00f0 bjargsbr\u00fan og fylgjast me\u00f0 verpandi ritum og f\u00fdlum \u00ed klettaveggjunum. R\u00e9tt utar s\u00e9st Karlinn standa \u00ed sj\u00f3num en \u00fear verpa ritur, f\u00fdlar og st\u00f6ku \u00e1lkur. \u00deegar horft er \u00fat \u00e1 hafi\u00f0 stendur Eldey tignarleg upp \u00far hafinu. Eldey er st\u00e6rsta s\u00falnabygg\u00f0 \u00e1 \u00cdslandi me\u00f0 um 14-18.000 p\u00f6r en a\u00f0rar varptegundir eru ritur, langv\u00edur, stuttnefjur og f\u00fdlar.<\/p><h3>V\u00edkur<\/h3><p>\u00deegar eki\u00f0 er stuttan sp\u00f6l fr\u00e1 Reykjanesvita \u00ed \u00e1tt a\u00f0 Grindav\u00edk eftir malarvegi ni\u00f0ur \u00ed M\u00f6lv\u00edk a\u00f0 g\u00f6mlum ni\u00f0urrifnum h\u00fasum \u00e1 h\u00e6gri h\u00f6nd. Ef honum er fylgt \u00fat a\u00f0 enda og gengi\u00f0 ni\u00f0ur a\u00f0 sj\u00f3 m\u00e1 oft sj\u00e1 st\u00f3ra h\u00f3pa \u00e6\u00f0arfugla. \u00cd \u00feeim leynast oft hrafnsendur, korpendur, kolendur og \u00e6\u00f0ark\u00f3ngar.<\/p><h3>Arfadalsv\u00edk<\/h3><p>Affall fiskeldisins \u00e1 Sta\u00f0 lokkar til s\u00edn marga m\u00e1fa, andfugla og jafnvel va\u00f0fugla sem s\u00e6kja \u00ed n\u00e6ringarr\u00edkt seti\u00f0. Nokkrar litlar v\u00edkur eru \u00e1 sv\u00e6\u00f0inu og \u00ed sumum \u00feeirra safnast uppreki\u00f0 \u00feang sem dregur til s\u00edn va\u00f0fugla \u00ed f\u00e6\u00f0uleit. Arfadalsv\u00edk er langst\u00e6rst \u00feessara v\u00edka og er einstaklega l\u00edfr\u00edk. Gott skj\u00f3l er \u00ed v\u00edkinni mi\u00f0a\u00f0 vi\u00f0 mikla og r\u00edkjandi austl\u00e6ga strauma. Fyrir viki\u00f0 er botnd\u00fdral\u00edf miki\u00f0 og fuglal\u00edf endurspeglar \u00fea\u00f0. A\u00f0 vetri er h\u00e6gt a\u00f0 ganga a\u00f0 5-15 straum\u00f6ndum v\u00edsum vi\u00f0 gamla bryggju innst \u00ed v\u00edkinni. Himbrimar eru stutt fr\u00e1 landi \u00ed \u00e6tisleit, tugir og upp \u00ed hundru\u00f0 stokk- og rau\u00f0h\u00f6f\u00f0aanda er a\u00f0 finna \u00ed sj\u00e1varpollum og tj\u00f6rnum uppi \u00ed landi alla lei\u00f0 a\u00f0 St\u00f3rub\u00f3t. Margir fl\u00e6kingar og \u00fear af sumir s\u00e1rasjaldg\u00e6fir hafa fundist \u00ed Arfadalsv\u00edk.<\/p><h3>Grindav\u00edk<\/h3><p>Fyrir fl\u00e6kingsfuglasko\u00f0ara er Grindav\u00edk fr\u00e1b\u00e6r sta\u00f0ur. Vel uppl\u00fdstur b\u00e6rinn \u00e1 su\u00f0-vestanver\u00f0u landinu dregur a\u00f0 s\u00e9r fl\u00e6kinga b\u00e6\u00f0i fr\u00e1 Evr\u00f3pu og Amer\u00edku. H\u00f6fnin \u00ed Grindav\u00edk er l\u00edka mj\u00f6g g\u00f3\u00f0ur sta\u00f0ur fyrir fl\u00e6kingsm\u00e1fa og a\u00f0ra sj\u00f3fugla. Himbrimar \u00ed vetrarb\u00faningi svamla um \u00ed h\u00f6fninni \u00e1samt teistum og sk\u00f6rfum me\u00f0an m\u00e1far hafa setsta\u00f0 innst \u00ed h\u00f6fninni. Nokkrir g\u00f3\u00f0ir fuglasko\u00f0unarsta\u00f0ir eru \u00fati \u00e1 H\u00f3psnesi. Fj\u00f6rupollar eru sunnan vi\u00f0 H\u00f6fnina \u00ed Grindav\u00edk en austan vi\u00f0 H\u00f3psnes er \u00fearask\u00f3gur vi\u00f0 \u00de\u00f3rk\u00f6tlusta\u00f0ab\u00f3t sem dregur a\u00f0 s\u00e9r endur, br\u00fasa og sj\u00f3fugla.\u00a0<\/p>\t\t\t\t\t<\/div>\n\t\t\t\t\t\t<\/div>\n\t\t\t\t<\/div>\n\t\t\t\t\t\t<\/div>\n\t\t\t\t\t<\/div>\n\t\t<\/div>\n\t\t\t\t\t\t\t\t<\/div>\n\t\t\t\t\t<\/div>\n\t\t<\/section>\n\t\t\t\t\t\t\t\t\t<\/div>\n\t\t\t<\/div>\n\t\t\t\t\t<\/div>\n\t\t","protected":false},"excerpt":{"rendered":"<p>St\u00f3ra-Sandv\u00edk St\u00f3ra-Sandv\u00edk er fl\u00f6t og falleg v\u00edk me\u00f0 st\u00f3rum sand\u00f6ldum og miklu l\u00f3ni sem fuglar s\u00e6kja miki\u00f0 \u00ed. Erfitt getur reynst a\u00f0 komast \u00ed f\u00e6ri vi\u00f0 fuglana, \u00fev\u00ed er gott a\u00f0 vera me\u00f0 g\u00f3\u00f0an sj\u00f3nauka \u00e1 f\u00e6ti til a\u00f0 sko\u00f0a \u00fe\u00e1. Sk\u00fafendur, stokkendur, rau\u00f0h\u00f6f\u00f0ar, urtendur og \u00e1lftir eru reglulegir gestir vi\u00f0 l\u00f3ni\u00f0. \u00cd gegnum t\u00ed\u00f0ina &hellip;<\/p>\n<p class=\"read-more\"> <a class=\"\" href=\"https:\/\/geopark.viska.dev\/is\/fuglaskodun\/sandvik-grindavik\/\"> <span class=\"screen-reader-text\">Sandv\u00edk &#8211; Grindav\u00edk<\/span> Read More &raquo;<\/a><\/p>\n","protected":false},"author":6,"featured_media":0,"parent":2851,"menu_order":0,"comment_status":"closed","ping_status":"closed","template":"elementor_header_footer","meta":{"inline_featured_image":false,"_mi_skip_tracking":false,"site-sidebar-layout":"no-sidebar","site-content-layout":"page-builder","ast-global-header-display":"","ast-main-header-display":"","ast-hfb-above-header-display":"","ast-hfb-below-header-display":"","ast-hfb-mobile-header-display":"","site-post-title":"disabled","ast-breadcrumbs-content":"","ast-featured-img":"disabled","footer-sml-layout":"","theme-transparent-header-meta":"default","adv-header-id-meta":"","stick-header-meta":"","header-above-stick-meta":"","header-main-stick-meta":"","header-below-stick-meta":""},"_links":{"self":[{"href":"https:\/\/geopark.viska.dev\/is\/wp-json\/wp\/v2\/pages\/2929"}],"collection":[{"href":"https:\/\/geopark.viska.dev\/is\/wp-json\/wp\/v2\/pages"}],"about":[{"href":"https:\/\/geopark.viska.dev\/is\/wp-json\/wp\/v2\/types\/page"}],"author":[{"embeddable":true,"href":"https:\/\/geopark.viska.dev\/is\/wp-json\/wp\/v2\/users\/6"}],"replies":[{"embeddable":true,"href":"https:\/\/geopark.viska.dev\/is\/wp-json\/wp\/v2\/comments?post=2929"}],"version-history":[{"count":1,"href":"https:\/\/geopark.viska.dev\/is\/wp-json\/wp\/v2\/pages\/2929\/revisions"}],"predecessor-version":[{"id":2946,"href":"https:\/\/geopark.viska.dev\/is\/wp-json\/wp\/v2\/pages\/2929\/revisions\/2946"}],"up":[{"embeddable":true,"href":"https:\/\/geopark.viska.dev\/is\/wp-json\/wp\/v2\/pages\/2851"}],"wp:attachment":[{"href":"https:\/\/geopark.viska.dev\/is\/wp-json\/wp\/v2\/media?parent=2929"}],"curies":[{"name":"wp","href":"https:\/\/api.w.org\/{rel}","templated":true}]}}