{"id":2919,"date":"2022-06-01T08:55:05","date_gmt":"2022-06-01T08:55:05","guid":{"rendered":"https:\/\/geopark.viska.dev\/?page_id=2919"},"modified":"2022-06-01T08:58:17","modified_gmt":"2022-06-01T08:58:17","slug":"vatnsleysustrond-reykjanesbaer","status":"publish","type":"page","link":"https:\/\/geopark.viska.dev\/is\/fuglaskodun\/vatnsleysustrond-reykjanesbaer\/","title":{"rendered":"Vatnsleysustr\u00f6nd &#8211; Reykjanesb\u00e6r"},"content":{"rendered":"\t\t<div data-elementor-type=\"wp-page\" data-elementor-id=\"2919\" class=\"elementor elementor-2919\">\n\t\t\t\t\t\t<div class=\"elementor-inner\">\n\t\t\t\t<div class=\"elementor-section-wrap\">\n\t\t\t\t\t\t\t\t\t<section class=\"elementor-section elementor-top-section elementor-element elementor-element-070fbfc elementor-section-boxed elementor-section-height-default elementor-section-height-default\" data-id=\"070fbfc\" data-element_type=\"section\" data-settings=\"{&quot;background_background&quot;:&quot;classic&quot;}\">\n\t\t\t\t\t\t<div class=\"elementor-container elementor-column-gap-default\">\n\t\t\t\t\t\t\t<div class=\"elementor-row\">\n\t\t\t\t\t<div class=\"elementor-column elementor-col-100 elementor-top-column elementor-element elementor-element-506248a\" data-id=\"506248a\" data-element_type=\"column\">\n\t\t\t<div class=\"elementor-column-wrap elementor-element-populated\">\n\t\t\t\t\t\t\t<div class=\"elementor-widget-wrap\">\n\t\t\t\t\t\t\t\t<\/div>\n\t\t\t\t\t<\/div>\n\t\t<\/div>\n\t\t\t\t\t\t\t\t<\/div>\n\t\t\t\t\t<\/div>\n\t\t<\/section>\n\t\t\t\t<section class=\"elementor-section elementor-top-section elementor-element elementor-element-74d476f elementor-section-boxed elementor-section-height-default elementor-section-height-default\" data-id=\"74d476f\" data-element_type=\"section\">\n\t\t\t\t\t\t<div class=\"elementor-container elementor-column-gap-default\">\n\t\t\t\t\t\t\t<div class=\"elementor-row\">\n\t\t\t\t\t<div class=\"elementor-column elementor-col-100 elementor-top-column elementor-element elementor-element-6f916fa\" data-id=\"6f916fa\" data-element_type=\"column\">\n\t\t\t<div class=\"elementor-column-wrap elementor-element-populated\">\n\t\t\t\t\t\t\t<div class=\"elementor-widget-wrap\">\n\t\t\t\t\t\t<div class=\"elementor-element elementor-element-27b8e95 elementor-arrows-position-inside elementor-pagination-position-outside elementor-widget elementor-widget-image-carousel\" data-id=\"27b8e95\" data-element_type=\"widget\" data-settings=\"{&quot;slides_to_show&quot;:&quot;2&quot;,&quot;navigation&quot;:&quot;both&quot;,&quot;autoplay&quot;:&quot;yes&quot;,&quot;pause_on_hover&quot;:&quot;yes&quot;,&quot;pause_on_interaction&quot;:&quot;yes&quot;,&quot;autoplay_speed&quot;:5000,&quot;infinite&quot;:&quot;yes&quot;,&quot;speed&quot;:500}\" data-widget_type=\"image-carousel.default\">\n\t\t\t\t<div class=\"elementor-widget-container\">\n\t\t\t\t\t<div class=\"elementor-image-carousel-wrapper swiper-container\" dir=\"ltr\">\n\t\t\t<div class=\"elementor-image-carousel swiper-wrapper\">\n\t\t\t\t\t\t\t\t<div class=\"swiper-slide\"><figure class=\"swiper-slide-inner\"><img class=\"swiper-slide-image\" src=\"https:\/\/geopark.viska.dev\/wp-content\/uploads\/2022\/05\/fkuiugcdezleqvn4z4ff-1024x682.png\" alt=\"fkuiugcdezleqvn4z4ff\" \/><\/figure><\/div><div class=\"swiper-slide\"><figure class=\"swiper-slide-inner\"><img class=\"swiper-slide-image\" src=\"https:\/\/geopark.viska.dev\/wp-content\/uploads\/2022\/05\/uyxgczufjpvhmnmi9ske-1024x682.png\" alt=\"uyxgczufjpvhmnmi9ske\" \/><\/figure><\/div>\t\t\t<\/div>\n\t\t\t\t\t\t\t\t\t\t\t\t<div class=\"swiper-pagination\"><\/div>\n\t\t\t\t\t\t\t\t\t\t\t\t\t<div class=\"elementor-swiper-button elementor-swiper-button-prev\">\n\t\t\t\t\t\t<i aria-hidden=\"true\" class=\"eicon-chevron-left\"><\/i>\t\t\t\t\t\t<span class=\"elementor-screen-only\">Previous<\/span>\n\t\t\t\t\t<\/div>\n\t\t\t\t\t<div class=\"elementor-swiper-button elementor-swiper-button-next\">\n\t\t\t\t\t\t<i aria-hidden=\"true\" class=\"eicon-chevron-right\"><\/i>\t\t\t\t\t\t<span class=\"elementor-screen-only\">Next<\/span>\n\t\t\t\t\t<\/div>\n\t\t\t\t\t\t\t\t\t<\/div>\n\t\t\t\t<\/div>\n\t\t\t\t<\/div>\n\t\t\t\t<div class=\"elementor-element elementor-element-0a2d522 elementor-widget elementor-widget-text-editor\" data-id=\"0a2d522\" data-element_type=\"widget\" data-widget_type=\"text-editor.default\">\n\t\t\t\t<div class=\"elementor-widget-container\">\n\t\t\t\t\t\t\t\t<div class=\"elementor-text-editor elementor-clearfix\">\n\t\t\t\t<p>Vatnsleysustr\u00f6nd n\u00e6r fr\u00e1 Vogum a\u00f0 Hvassahrauni (K\u00faager\u00f0i) \u00ed austri og er um 15 km l\u00f6ng. \u00deetta er gr\u00f3\u00f0urr\u00edkt sv\u00e6\u00f0i, ef teki\u00f0 er mi\u00f0 af \u00f6llu Reykjanesinu, me\u00f0 nokkrar tjarnir og ferskvatn sem rennur undan hrauninu ni\u00f0ur \u00ed fj\u00f6ru. A\u00f0alvegurinn er malbika\u00f0ur en a\u00f0gengi a\u00f0 str\u00f6nd er \u00e1 flestum st\u00f6\u00f0um um einkal\u00f6nd. Kr\u00eduvarp er vi\u00f0 St\u00f3ru-Vatnsleysu, \u00e6\u00f0arfuglar verpa \u00e1 stangli um sv\u00e6\u00f0i\u00f0, m\u00e1far verpa \u00e1\u00a0 nokkrum st\u00f6\u00f0um og verpandi va\u00f0fuglar eru algengir. Sjaldg\u00e6fari varpfuglar eru t.d. l\u00f3mur og \u00f3\u00f0inshani. A\u00f0 hausti m\u00e1 finna umfer\u00f0arfugla svo sem rau\u00f0brystinga, tildrur og sanderlur \u00ed \u00e6tisleit og hv\u00edld \u00ed fj\u00f6rum strandarinnar. Stakksfj\u00f6r\u00f0ur n\u00e6r fr\u00e1 Vatnsleysustr\u00f6nd a\u00f0 Stakki nor\u00f0an Helguv\u00edkur.<\/p><h3>K\u00e1lfatjarnarkirkja<\/h3><p>Ef komi\u00f0 er \u00far austri af Reykjanesbraut inn \u00e1 Vatnsleysustr\u00f6ndina m\u00e1 sj\u00e1 St\u00f3ru-Vatnsleysu. \u00dear \u00ed n\u00e1grenninu m\u00e1 finna fiskeldi innan gir\u00f0ingar og \u00fat fr\u00e1 \u00fev\u00ed rennur \u00fargangur ni\u00f0ur \u00ed fj\u00f6ru. \u00cd \u00farganginn s\u00e6kja m\u00e1far, endur og st\u00f6ku va\u00f0fuglar. A\u00f0 hausti er sj\u00f3rinn r\u00edkur af d\u00edlaskarfi, \u00e6\u00f0arfuglum, svartbaki, s\u00edlam\u00e1fi og silfurm\u00e1fi. \u00dar Flekkuv\u00edk er fallegt \u00fats\u00fdni og \u00fear eru g\u00f3\u00f0ar hraunfj\u00f6rur, en \u00feanga\u00f0 er um 500 metra gangur fr\u00e1 vegi. K\u00e1lfatjarnarkirkja er \u00ed n\u00e6sta n\u00e1grenni og \u00fear er h\u00e6gt a\u00f0 leggja b\u00edlnum og ganga ni\u00f0ur a\u00f0 tj\u00f6rn. \u00c1 tj\u00f6rninni eru oft endur og va\u00f0fuglar \u00ed k\u00f6ntum. \u00cd landfyllingunni eru sp\u00f6rfuglar, svo sem steindeplar, \u00fe\u00fafutittlingar og m\u00fasarrindlar a\u00f0 vetri. Fjaran er r\u00edk af va\u00f0fuglum, b\u00e6\u00f0i \u00ed seti og gr\u00fdttu \u00feanginu. Tjarnir sem \u00feessar eru g\u00f3\u00f0ur sta\u00f0ur til a\u00f0 sj\u00e1 f\u00e1s\u00e9\u00f0ar endur svo sem skei\u00f0endur, grafendur e\u00f0a erlendar fl\u00e6kingsendur \u00fear sem l\u00edti\u00f0 er um yfirbor\u00f0sferskvatn \u00e1 \u00feessum sl\u00f3\u00f0um. Nokkrar tjarnir m\u00e1 sj\u00e1 vi\u00f0 veginn \u00e1 Vatnsleysustr\u00f6nd sem vert er a\u00f0 sko\u00f0a \u00e1 lei\u00f0 um sv\u00e6\u00f0i\u00f0. Fitjar er a\u00f0 finna \u00e1 nokkrum st\u00f6\u00f0um \u00e1 sv\u00e6\u00f0inu. L\u00edfr\u00edkar fitjar me\u00f0 marg\u00e6sum, gr\u00e1g\u00e6sum og jafnvel hei\u00f0ag\u00e6sum \u00e1 fart\u00edma sj\u00e1st vi\u00f0 fj\u00f6runa milli \u00c1lfasunds og Brunnasta\u00f0asunds, og verpandi l\u00f3m \u00e1samt nokkrum andategundum m\u00e1 sj\u00e1 \u00e1 tj\u00f6rninni austan Brunnasta\u00f0a. Handan varnargar\u00f0s er h\u00e6gt a\u00f0 finna litmerktar sanderlur \u00e1 fart\u00edma og t\u00f6luvert hefur veri\u00f0 merkt af tjaldi \u00e1 Vatnsleysustr\u00f6ndinni.<\/p><h3>Vogar<\/h3><p>Inni \u00ed Vogum er st\u00f3r andapollur sem dregur a\u00f0 s\u00e9r nokkrar tegundir anda, \u00f3\u00f0inshana og va\u00f0fugla a\u00f0 sumri. Kringum tj\u00f6rnina er vegur og g\u00f6ngust\u00edgur sem b\u00ed\u00f0ur upp \u00e1 g\u00f3\u00f0 f\u00e6ri til lj\u00f3smyndunar. Handan tjarnarinnar er varnargar\u00f0ur og st\u00f3r fjara. \u00cd h\u00f6fninni sj\u00e1st teistur, h\u00e1vellur og straumendur. A\u00f0 sumri m\u00e1 sj\u00e1 sp\u00f6rfugla gr\u00edpa flugur \u00e1 flugi \u00ed kringum grj\u00f3tgar\u00f0inn. \u00deegar komi\u00f0 er inn \u00ed Voga, tekin fyrsta beygja til vinstri og keyrt \u00ed gegnum b\u00e6inn, endar ma\u00f0ur \u00e1 malarvegi. Malarvegurinn liggur a\u00f0 hli\u00f0i Stofnfisks og h\u00e6gt a\u00f0 komast \u00fea\u00f0an ni\u00f0ur a\u00f0 Vogaleirunni undir h\u00f6mrum Vogastapa. \u00dear eru st\u00f3rir h\u00f3par l\u00f3u\u00fer\u00e6la, hei\u00f0l\u00f3a, sandl\u00f3a, stelka, tjalda og annarra va\u00f0fugla. Vi\u00f0 \u00fatrennsli Stofnfisks er miki\u00f0 um m\u00e1fa og endur.<\/p><h3>\u00deorbj\u00f6rn og S\u00f3lbrekkusk\u00f3gur<\/h3><p>Litskr\u00fa\u00f0ugur mosi og lyng er r\u00edkjandi gr\u00f3\u00f0ur \u00e1 Reykjanesinu en l\u00edti\u00f0 er um sk\u00f3glendi. Sk\u00f3gr\u00e6ktarf\u00e9lag Su\u00f0urnesja hefur sta\u00f0i\u00f0 fyrir sm\u00e1v\u00e6gilegum gr\u00f3\u00f0ursetningum innfluttra pl\u00f6ntutegunda. \u00dear m\u00e1 helst nefna Selsk\u00f3g vi\u00f0 r\u00e6tur \u00deorbjarnar, S\u00f3lbrekkusk\u00f3g vi\u00f0 Seltj\u00f6rn og H\u00e1abjalla vi\u00f0 Snorrasta\u00f0atjarnir. Helstu tegundir sem finnast \u00ed \u00feessum lundum eru sk\u00f3gar\u00ferestir, m\u00fasarrindlar, \u00fe\u00fafutittlingar, au\u00f0nutittlingar og gl\u00f3kollar. \u00cd S\u00f3lbrekkusk\u00f3gi er oft a\u00f0 finna smyril og rj\u00fapur eru algengar vi\u00f0 ja\u00f0rana. Erlendir fl\u00e6kingsfuglar fr\u00e1 Evr\u00f3pu og Amer\u00edku sem vanir eru sk\u00f3glendi s\u00e6kja \u00ed \u00feetta skj\u00f3l \u00ed von um f\u00e6\u00f0i \u00e1 fart\u00edma. Gott er a\u00f0 g\u00e6gjast \u00e1 tjarnirnar og athuga me\u00f0 endur e\u00f0a a\u00f0ra vatnafugla.<\/p><h3>Reykjanesb\u00e6r<\/h3><p>Njar\u00f0v\u00edkurfitjar \u00e1 fl\u00f3\u00f0i eru me\u00f0 betri fuglast\u00f6\u00f0um \u00e1 Reykjanesi. \u00dear er best a\u00f0 ganga um allar tjarnirnar. Va\u00f0fuglar og sp\u00f6rfuglar leynast \u00ed fitjunum og k\u00f6ntum tjarnanna. Stokkendur, urtendur, rau\u00f0h\u00f6f\u00f0ar, m\u00e1far og va\u00f0fuglar sem b\u00ed\u00f0a eftir l\u00e6kkandi sj\u00e1varst\u00f6\u00f0u sj\u00e1st \u00e1 tj\u00f6rnunum. Lj\u00f3sh\u00f6f\u00f0i sem er amer\u00edskur fl\u00e6kingur s\u00e9st reglulega me\u00f0 rau\u00f0h\u00f6f\u00f0um \u00e1 tj\u00f6rninni. Hafnir Njar\u00f0v\u00edkur, Keflav\u00edkur og Helguv\u00edkur halda st\u00f3ra h\u00f3pa \u00e6\u00f0arfugla og sj\u00f3fugla. G\u00f3\u00f0ar l\u00edkur eru \u00e1 a\u00f0 sj\u00e1 \u00e6\u00f0ark\u00f3nga, korpendur og kolendur \u00ed h\u00f3pum \u00e6\u00f0arfugla. Skarfar, teistur og selir eru oft \u00ed g\u00f3\u00f0u f\u00e6ri \u00ed h\u00f6fnunum. \u00c1 klettum vi\u00f0 vitann \u00ed Helguv\u00edk a\u00f0 sumri er h\u00e6gt a\u00f0 sj\u00e1 lunda og a\u00f0ra sj\u00f3fugla \u00fati \u00e1 hafi og verpandi ritur og f\u00fdla \u00ed klettunum.<\/p>\t\t\t\t\t<\/div>\n\t\t\t\t\t\t<\/div>\n\t\t\t\t<\/div>\n\t\t\t\t\t\t<\/div>\n\t\t\t\t\t<\/div>\n\t\t<\/div>\n\t\t\t\t\t\t\t\t<\/div>\n\t\t\t\t\t<\/div>\n\t\t<\/section>\n\t\t\t\t\t\t\t\t\t<\/div>\n\t\t\t<\/div>\n\t\t\t\t\t<\/div>\n\t\t","protected":false},"excerpt":{"rendered":"<p>Previous Next Vatnsleysustr\u00f6nd n\u00e6r fr\u00e1 Vogum a\u00f0 Hvassahrauni (K\u00faager\u00f0i) \u00ed austri og er um 15 km l\u00f6ng. \u00deetta er gr\u00f3\u00f0urr\u00edkt sv\u00e6\u00f0i, ef teki\u00f0 er mi\u00f0 af \u00f6llu Reykjanesinu, me\u00f0 nokkrar tjarnir og ferskvatn sem rennur undan hrauninu ni\u00f0ur \u00ed fj\u00f6ru. A\u00f0alvegurinn er malbika\u00f0ur en a\u00f0gengi a\u00f0 str\u00f6nd er \u00e1 flestum st\u00f6\u00f0um um einkal\u00f6nd. Kr\u00eduvarp er &hellip;<\/p>\n<p class=\"read-more\"> <a class=\"\" href=\"https:\/\/geopark.viska.dev\/is\/fuglaskodun\/vatnsleysustrond-reykjanesbaer\/\"> <span class=\"screen-reader-text\">Vatnsleysustr\u00f6nd &#8211; Reykjanesb\u00e6r<\/span> Read More &raquo;<\/a><\/p>\n","protected":false},"author":6,"featured_media":0,"parent":2851,"menu_order":0,"comment_status":"closed","ping_status":"closed","template":"elementor_header_footer","meta":{"inline_featured_image":false,"_mi_skip_tracking":false,"site-sidebar-layout":"no-sidebar","site-content-layout":"page-builder","ast-global-header-display":"","ast-main-header-display":"","ast-hfb-above-header-display":"","ast-hfb-below-header-display":"","ast-hfb-mobile-header-display":"","site-post-title":"disabled","ast-breadcrumbs-content":"","ast-featured-img":"disabled","footer-sml-layout":"","theme-transparent-header-meta":"default","adv-header-id-meta":"","stick-header-meta":"","header-above-stick-meta":"","header-main-stick-meta":"","header-below-stick-meta":""},"_links":{"self":[{"href":"https:\/\/geopark.viska.dev\/is\/wp-json\/wp\/v2\/pages\/2919"}],"collection":[{"href":"https:\/\/geopark.viska.dev\/is\/wp-json\/wp\/v2\/pages"}],"about":[{"href":"https:\/\/geopark.viska.dev\/is\/wp-json\/wp\/v2\/types\/page"}],"author":[{"embeddable":true,"href":"https:\/\/geopark.viska.dev\/is\/wp-json\/wp\/v2\/users\/6"}],"replies":[{"embeddable":true,"href":"https:\/\/geopark.viska.dev\/is\/wp-json\/wp\/v2\/comments?post=2919"}],"version-history":[{"count":13,"href":"https:\/\/geopark.viska.dev\/is\/wp-json\/wp\/v2\/pages\/2919\/revisions"}],"predecessor-version":[{"id":2935,"href":"https:\/\/geopark.viska.dev\/is\/wp-json\/wp\/v2\/pages\/2919\/revisions\/2935"}],"up":[{"embeddable":true,"href":"https:\/\/geopark.viska.dev\/is\/wp-json\/wp\/v2\/pages\/2851"}],"wp:attachment":[{"href":"https:\/\/geopark.viska.dev\/is\/wp-json\/wp\/v2\/media?parent=2919"}],"curies":[{"name":"wp","href":"https:\/\/api.w.org\/{rel}","templated":true}]}}