{"id":2906,"date":"2022-06-01T08:51:33","date_gmt":"2022-06-01T08:51:33","guid":{"rendered":"https:\/\/geopark.viska.dev\/?page_id=2906"},"modified":"2022-06-01T08:53:04","modified_gmt":"2022-06-01T08:53:04","slug":"hraunsvik-kleifarvatn","status":"publish","type":"page","link":"https:\/\/geopark.viska.dev\/is\/fuglaskodun\/hraunsvik-kleifarvatn\/","title":{"rendered":"Hraunsv\u00edk &#8211; Kleifarvatn"},"content":{"rendered":"\t\t<div data-elementor-type=\"wp-page\" data-elementor-id=\"2906\" class=\"elementor elementor-2906\">\n\t\t\t\t\t\t<div class=\"elementor-inner\">\n\t\t\t\t<div class=\"elementor-section-wrap\">\n\t\t\t\t\t\t\t\t\t<section class=\"elementor-section elementor-top-section elementor-element elementor-element-070fbfc elementor-section-boxed elementor-section-height-default elementor-section-height-default\" data-id=\"070fbfc\" data-element_type=\"section\" data-settings=\"{&quot;background_background&quot;:&quot;classic&quot;}\">\n\t\t\t\t\t\t<div class=\"elementor-container elementor-column-gap-default\">\n\t\t\t\t\t\t\t<div class=\"elementor-row\">\n\t\t\t\t\t<div class=\"elementor-column elementor-col-100 elementor-top-column elementor-element elementor-element-506248a\" data-id=\"506248a\" data-element_type=\"column\">\n\t\t\t<div class=\"elementor-column-wrap elementor-element-populated\">\n\t\t\t\t\t\t\t<div class=\"elementor-widget-wrap\">\n\t\t\t\t\t\t\t\t<\/div>\n\t\t\t\t\t<\/div>\n\t\t<\/div>\n\t\t\t\t\t\t\t\t<\/div>\n\t\t\t\t\t<\/div>\n\t\t<\/section>\n\t\t\t\t<section class=\"elementor-section elementor-top-section elementor-element elementor-element-74d476f elementor-section-boxed elementor-section-height-default elementor-section-height-default\" data-id=\"74d476f\" data-element_type=\"section\">\n\t\t\t\t\t\t<div class=\"elementor-container elementor-column-gap-default\">\n\t\t\t\t\t\t\t<div class=\"elementor-row\">\n\t\t\t\t\t<div class=\"elementor-column elementor-col-100 elementor-top-column elementor-element elementor-element-6f916fa\" data-id=\"6f916fa\" data-element_type=\"column\">\n\t\t\t<div class=\"elementor-column-wrap elementor-element-populated\">\n\t\t\t\t\t\t\t<div class=\"elementor-widget-wrap\">\n\t\t\t\t\t\t<div class=\"elementor-element elementor-element-27b8e95 elementor-arrows-position-inside elementor-pagination-position-outside elementor-widget elementor-widget-image-carousel\" data-id=\"27b8e95\" data-element_type=\"widget\" data-settings=\"{&quot;slides_to_show&quot;:&quot;1&quot;,&quot;navigation&quot;:&quot;both&quot;,&quot;autoplay&quot;:&quot;yes&quot;,&quot;pause_on_hover&quot;:&quot;yes&quot;,&quot;pause_on_interaction&quot;:&quot;yes&quot;,&quot;autoplay_speed&quot;:5000,&quot;infinite&quot;:&quot;yes&quot;,&quot;effect&quot;:&quot;slide&quot;,&quot;speed&quot;:500}\" data-widget_type=\"image-carousel.default\">\n\t\t\t\t<div class=\"elementor-widget-container\">\n\t\t\t\t\t<div class=\"elementor-image-carousel-wrapper swiper-container\" dir=\"ltr\">\n\t\t\t<div class=\"elementor-image-carousel swiper-wrapper\">\n\t\t\t\t\t\t\t\t<div class=\"swiper-slide\"><figure class=\"swiper-slide-inner\"><img class=\"swiper-slide-image\" src=\"https:\/\/geopark.viska.dev\/wp-content\/uploads\/2022\/05\/fbzu4c84vooqdln1wcpm-768x512.png\" alt=\"fbzu4c84vooqdln1wcpm\" \/><\/figure><\/div>\t\t\t<\/div>\n\t\t\t\t\t<\/div>\n\t\t\t\t<\/div>\n\t\t\t\t<\/div>\n\t\t\t\t<div class=\"elementor-element elementor-element-0a2d522 elementor-widget elementor-widget-text-editor\" data-id=\"0a2d522\" data-element_type=\"widget\" data-widget_type=\"text-editor.default\">\n\t\t\t\t<div class=\"elementor-widget-container\">\n\t\t\t\t\t\t\t\t<div class=\"elementor-text-editor elementor-clearfix\">\n\t\t\t\t<h3>Hraunsv\u00edk<\/h3><p>Hraunsv\u00edk er innsta v\u00edkin \u00e1 sv\u00e6\u00f0inu og sta\u00f0sett undir Festafjalli. \u00dear er f\u00ednn sta\u00f0ur til a\u00f0 finna stuttnefjur a\u00f0 vei\u00f0um og a\u00f0ra svartfugla. F\u00fdlar og ritur verpa \u00ed klettaveggjunum.<\/p><h3>Kr\u00fdsuv\u00edkurberg<\/h3><p>Kr\u00fdsuv\u00edkurberg er langst\u00e6rsta fuglabjarg \u00e1 Reykjanesinu. \u00deanga\u00f0 er um 20 m\u00edn\u00fatna akstur \u00ed austur fr\u00e1 af Grindav\u00edk. Fr\u00e1 vegi ni\u00f0ur a\u00f0 b\u00edlast\u00e6\u00f0i er mj\u00f6g l\u00e9legur malarvegur en gangan er ekki l\u00f6ng. \u00dea\u00f0 tekur um 20-30 m\u00edn\u00fatur a\u00f0 ganga allt bjargi\u00f0. \u00dearna eru um 21.000 ritur, 20.000 langv\u00edur, 2.600 stuttnefjur, 8.700 \u00e1lkur, nokkrir f\u00fdlar, toppskarfar, lundar, teistur, silfurm\u00e1far, og ofan \u00e1 klettabr\u00faninni verpa snj\u00f3tittlingar og sendlingar. Syllur eru \u00f3traustar og a\u00f0g\u00e1t skal h\u00f6f\u00f0 n\u00e6rri bjargsbr\u00fan.<\/p><h3>Kr\u00fdsuv\u00edk og Kleifarvatn<\/h3><p>Kr\u00fdsuv\u00edk er hversv\u00e6\u00f0i milli Hafnarfjar\u00f0ar og Grindav\u00edkur sem geymir Gr\u00e6navatn, Arnarvatn og Kleifarvatn. \u00dear eru verpandi vatnafuglar svo sem himbrimi, \u00e1lftir, gr\u00e1g\u00e6sir, stokkendur, urtendur og nokkur p\u00f6r toppanda. \u00deess \u00e1 milli m\u00e1 \u00e1 hei\u00f0um og gr\u00f3nu landi finna svipa\u00f0a samsetningu varpfugla sem leita \u00ed \u00e1kve\u00f0in gr\u00f3\u00f0urskilyr\u00f0i: Hei\u00f0l\u00f3ur, \u00fe\u00fafutittlingar, stelkar, hrossagaukar, sp\u00f3ar, steindeplar, st\u00f6ku ja\u00f0rakanar, sendlingar, l\u00f3u\u00fer\u00e6lar, kj\u00f3ar, sk\u00famar og \u00f3\u00f0inshanar.\u00a0<\/p>\t\t\t\t\t<\/div>\n\t\t\t\t\t\t<\/div>\n\t\t\t\t<\/div>\n\t\t\t\t\t\t<\/div>\n\t\t\t\t\t<\/div>\n\t\t<\/div>\n\t\t\t\t\t\t\t\t<\/div>\n\t\t\t\t\t<\/div>\n\t\t<\/section>\n\t\t\t\t\t\t\t\t\t<\/div>\n\t\t\t<\/div>\n\t\t\t\t\t<\/div>\n\t\t","protected":false},"excerpt":{"rendered":"<p>Hraunsv\u00edk Hraunsv\u00edk er innsta v\u00edkin \u00e1 sv\u00e6\u00f0inu og sta\u00f0sett undir Festafjalli. \u00dear er f\u00ednn sta\u00f0ur til a\u00f0 finna stuttnefjur a\u00f0 vei\u00f0um og a\u00f0ra svartfugla. F\u00fdlar og ritur verpa \u00ed klettaveggjunum. Kr\u00fdsuv\u00edkurberg Kr\u00fdsuv\u00edkurberg er langst\u00e6rsta fuglabjarg \u00e1 Reykjanesinu. \u00deanga\u00f0 er um 20 m\u00edn\u00fatna akstur \u00ed austur fr\u00e1 af Grindav\u00edk. Fr\u00e1 vegi ni\u00f0ur a\u00f0 b\u00edlast\u00e6\u00f0i er mj\u00f6g &hellip;<\/p>\n<p class=\"read-more\"> <a class=\"\" href=\"https:\/\/geopark.viska.dev\/is\/fuglaskodun\/hraunsvik-kleifarvatn\/\"> <span class=\"screen-reader-text\">Hraunsv\u00edk &#8211; Kleifarvatn<\/span> Read More &raquo;<\/a><\/p>\n","protected":false},"author":6,"featured_media":0,"parent":2851,"menu_order":0,"comment_status":"closed","ping_status":"closed","template":"elementor_header_footer","meta":{"inline_featured_image":false,"_mi_skip_tracking":false,"site-sidebar-layout":"no-sidebar","site-content-layout":"page-builder","ast-global-header-display":"","ast-main-header-display":"","ast-hfb-above-header-display":"","ast-hfb-below-header-display":"","ast-hfb-mobile-header-display":"","site-post-title":"disabled","ast-breadcrumbs-content":"","ast-featured-img":"disabled","footer-sml-layout":"","theme-transparent-header-meta":"default","adv-header-id-meta":"","stick-header-meta":"","header-above-stick-meta":"","header-main-stick-meta":"","header-below-stick-meta":""},"_links":{"self":[{"href":"https:\/\/geopark.viska.dev\/is\/wp-json\/wp\/v2\/pages\/2906"}],"collection":[{"href":"https:\/\/geopark.viska.dev\/is\/wp-json\/wp\/v2\/pages"}],"about":[{"href":"https:\/\/geopark.viska.dev\/is\/wp-json\/wp\/v2\/types\/page"}],"author":[{"embeddable":true,"href":"https:\/\/geopark.viska.dev\/is\/wp-json\/wp\/v2\/users\/6"}],"replies":[{"embeddable":true,"href":"https:\/\/geopark.viska.dev\/is\/wp-json\/wp\/v2\/comments?post=2906"}],"version-history":[{"count":7,"href":"https:\/\/geopark.viska.dev\/is\/wp-json\/wp\/v2\/pages\/2906\/revisions"}],"predecessor-version":[{"id":2914,"href":"https:\/\/geopark.viska.dev\/is\/wp-json\/wp\/v2\/pages\/2906\/revisions\/2914"}],"up":[{"embeddable":true,"href":"https:\/\/geopark.viska.dev\/is\/wp-json\/wp\/v2\/pages\/2851"}],"wp:attachment":[{"href":"https:\/\/geopark.viska.dev\/is\/wp-json\/wp\/v2\/media?parent=2906"}],"curies":[{"name":"wp","href":"https:\/\/api.w.org\/{rel}","templated":true}]}}