{"id":2896,"date":"2022-05-31T11:03:51","date_gmt":"2022-05-31T11:03:51","guid":{"rendered":"https:\/\/geopark.viska.dev\/?page_id=2896"},"modified":"2022-06-01T08:54:13","modified_gmt":"2022-06-01T08:54:13","slug":"fuglaskodunarstadir-gardur-kalmanstjorn","status":"publish","type":"page","link":"https:\/\/geopark.viska.dev\/is\/fuglaskodun\/fuglaskodunarstadir-gardur-kalmanstjorn\/","title":{"rendered":"Gar\u00f0ur &#8211; Kalmanstj\u00f6rn"},"content":{"rendered":"\t\t<div data-elementor-type=\"wp-page\" data-elementor-id=\"2896\" class=\"elementor elementor-2896\">\n\t\t\t\t\t\t<div class=\"elementor-inner\">\n\t\t\t\t<div class=\"elementor-section-wrap\">\n\t\t\t\t\t\t\t\t\t<section class=\"elementor-section elementor-top-section elementor-element elementor-element-070fbfc elementor-section-boxed elementor-section-height-default elementor-section-height-default\" data-id=\"070fbfc\" data-element_type=\"section\" data-settings=\"{&quot;background_background&quot;:&quot;classic&quot;}\">\n\t\t\t\t\t\t<div class=\"elementor-container elementor-column-gap-default\">\n\t\t\t\t\t\t\t<div class=\"elementor-row\">\n\t\t\t\t\t<div class=\"elementor-column elementor-col-100 elementor-top-column elementor-element elementor-element-506248a\" data-id=\"506248a\" data-element_type=\"column\">\n\t\t\t<div class=\"elementor-column-wrap elementor-element-populated\">\n\t\t\t\t\t\t\t<div class=\"elementor-widget-wrap\">\n\t\t\t\t\t\t\t\t<\/div>\n\t\t\t\t\t<\/div>\n\t\t<\/div>\n\t\t\t\t\t\t\t\t<\/div>\n\t\t\t\t\t<\/div>\n\t\t<\/section>\n\t\t\t\t<section class=\"elementor-section elementor-top-section elementor-element elementor-element-74d476f elementor-section-boxed elementor-section-height-default elementor-section-height-default\" data-id=\"74d476f\" data-element_type=\"section\">\n\t\t\t\t\t\t<div class=\"elementor-container elementor-column-gap-default\">\n\t\t\t\t\t\t\t<div class=\"elementor-row\">\n\t\t\t\t\t<div class=\"elementor-column elementor-col-100 elementor-top-column elementor-element elementor-element-6f916fa\" data-id=\"6f916fa\" data-element_type=\"column\">\n\t\t\t<div class=\"elementor-column-wrap elementor-element-populated\">\n\t\t\t\t\t\t\t<div class=\"elementor-widget-wrap\">\n\t\t\t\t\t\t<div class=\"elementor-element elementor-element-27b8e95 elementor-arrows-position-inside elementor-pagination-position-outside elementor-widget elementor-widget-image-carousel\" data-id=\"27b8e95\" data-element_type=\"widget\" data-settings=\"{&quot;navigation&quot;:&quot;both&quot;,&quot;autoplay&quot;:&quot;yes&quot;,&quot;pause_on_hover&quot;:&quot;yes&quot;,&quot;pause_on_interaction&quot;:&quot;yes&quot;,&quot;autoplay_speed&quot;:5000,&quot;infinite&quot;:&quot;yes&quot;,&quot;speed&quot;:500}\" data-widget_type=\"image-carousel.default\">\n\t\t\t\t<div class=\"elementor-widget-container\">\n\t\t\t\t\t<div class=\"elementor-image-carousel-wrapper swiper-container\" dir=\"ltr\">\n\t\t\t<div class=\"elementor-image-carousel swiper-wrapper\">\n\t\t\t\t\t\t\t\t<div class=\"swiper-slide\"><figure class=\"swiper-slide-inner\"><img class=\"swiper-slide-image\" src=\"https:\/\/geopark.viska.dev\/wp-content\/uploads\/2022\/05\/puwwu5pqyvxlbrcmohl1.png\" alt=\"puwwu5pqyvxlbrcmohl1\" \/><\/figure><\/div><div class=\"swiper-slide\"><figure class=\"swiper-slide-inner\"><img class=\"swiper-slide-image\" src=\"https:\/\/geopark.viska.dev\/wp-content\/uploads\/2022\/05\/qh9qmout0vvxqvuofqnl.png\" alt=\"qh9qmout0vvxqvuofqnl\" \/><\/figure><\/div><div class=\"swiper-slide\"><figure class=\"swiper-slide-inner\"><img class=\"swiper-slide-image\" src=\"https:\/\/geopark.viska.dev\/wp-content\/uploads\/2022\/05\/v8oe1nwr7ebswdu73des.png\" alt=\"v8oe1nwr7ebswdu73des\" \/><\/figure><\/div>\t\t\t<\/div>\n\t\t\t\t\t\t\t\t\t\t\t\t<div class=\"swiper-pagination\"><\/div>\n\t\t\t\t\t\t\t\t\t\t\t\t\t<div class=\"elementor-swiper-button elementor-swiper-button-prev\">\n\t\t\t\t\t\t<i aria-hidden=\"true\" class=\"eicon-chevron-left\"><\/i>\t\t\t\t\t\t<span class=\"elementor-screen-only\">Previous<\/span>\n\t\t\t\t\t<\/div>\n\t\t\t\t\t<div class=\"elementor-swiper-button elementor-swiper-button-next\">\n\t\t\t\t\t\t<i aria-hidden=\"true\" class=\"eicon-chevron-right\"><\/i>\t\t\t\t\t\t<span class=\"elementor-screen-only\">Next<\/span>\n\t\t\t\t\t<\/div>\n\t\t\t\t\t\t\t\t\t<\/div>\n\t\t\t\t<\/div>\n\t\t\t\t<\/div>\n\t\t\t\t<div class=\"elementor-element elementor-element-0a2d522 elementor-widget elementor-widget-text-editor\" data-id=\"0a2d522\" data-element_type=\"widget\" data-widget_type=\"text-editor.default\">\n\t\t\t\t<div class=\"elementor-widget-container\">\n\t\t\t\t\t\t\t\t<div class=\"elementor-text-editor elementor-clearfix\">\n\t\t\t\t<h3>Gar\u00f0ur<\/h3><p>\u00c1 lei\u00f0 til Gar\u00f0s fr\u00e1 Keflav\u00edk er gott a\u00f0 hafa augun opin fyrir snj\u00f3tittlingum, rj\u00fapum, smyrlum og ungum f\u00e1lkum a\u00f0 vetri. L\u00edti\u00f0 er um f\u00e1lkav\u00f6rp \u00e1 Reykjanesinu en ungir f\u00e1lkar eru algengir \u00ed \u00e6tisleit a\u00f0 vetri. S\u00fdkin \u00ed Gar\u00f0i eru me\u00f0 betri fl\u00e6kingast\u00f6\u00f0um \u00e1 \u00cdslandi. Margir sjaldg\u00e6fir fl\u00e6kingar hafa s\u00e9st \u00e1 \u00feessum tj\u00f6rnum. Ef vel er a\u00f0 g\u00e1\u00f0 m\u00e1 finna grafendur, h\u00e1vellur, skei\u00f0endur, gargendur, gr\u00e1hegra, lj\u00f3sh\u00f6f\u00f0a og fleiri sjaldg\u00e6fa \u00edslenska og erlenda fugla. Grj\u00f3tgar\u00f0urinn ofan tjarnanna er f\u00e6\u00f0ukista fyrir sp\u00f6rfugla. Sportittlingar sj\u00e1st reglulega vi\u00f0 grj\u00f3tgar\u00f0inn milli Gar\u00f0s og Gar\u00f0skagavita. \u00dati \u00e1 sj\u00f3 sj\u00e1st flestir algengir sj\u00f3fuglar. Sjalds\u00e9\u00f0ari sj\u00f3fuglar sj\u00e1st af til svo sem h\u00f3par af skrofum a\u00f0 hausti, og me\u00f0 sm\u00e1 heppni m\u00e1 finna stormsv\u00f6lur, \u00edskj\u00f3a og gr\u00e1skrofur.\u00a0 \u00dev\u00ed er mikilv\u00e6gt a\u00f0 horfa til beggja \u00e1tta \u00feegar gengi\u00f0 er fr\u00e1 Gar\u00f0i a\u00f0 Gar\u00f0skagavita.<\/p><h3>Gar\u00f0skagaviti<\/h3><p>\u00c1 \u00feessum nyrsta odda Reykjanesskagans er gl\u00e6sileg a\u00f0sta\u00f0a til sj\u00f3fugla- og hvalasko\u00f0unar. Mikil umfer\u00f0 sj\u00f3fugla er n\u00e1l\u00e6gt landi a\u00f0 vori og hausti. Umfer\u00f0arfuglar \u00e1 lei\u00f0 sinni til og fr\u00e1 varpst\u00f6\u00f0vum stoppa vi\u00f0 \u00e1 grasi og \u00ed fj\u00f6rum oddans. Uppreki\u00f0 \u00feang safnar hita og b\u00fdr til fullkomnar a\u00f0st\u00e6\u00f0ur fyrir \u00feangflugulirfur sem n\u00fdtast va\u00f0fuglum og m\u00e1fum til \u00e1tu. Himbrimar, l\u00f3mar og straumendur sj\u00e1st \u00fati \u00e1 sj\u00f3 n\u00e1l\u00e6gt landi \u00ed leit a\u00f0 f\u00e6\u00f0u. A\u00f0gengi er gott fyrir b\u00e6\u00f0i f\u00f3lksb\u00edla og r\u00fatur. Salerni er \u00e1 sta\u00f0num og stigar eru ni\u00f0ur \u00ed fj\u00f6ru \u00fe\u00f3 oft s\u00e9 betra a\u00f0 standa ofan varnargar\u00f0s og k\u00edkja ofan \u00ed fj\u00f6rurnar og \u00fat \u00e1 sj\u00f3. Vegurinn milli Gar\u00f0skagavita og Sandger\u00f0is er fullur af g\u00f3\u00f0um fuglasko\u00f0unarst\u00f6\u00f0um. \u00c1sgar\u00f0ur er b\u00e6r r\u00e9tt sunnan Gar\u00f0skagavita. \u00dear eru oft st\u00f3rir h\u00f3par hei\u00f0l\u00f3a og inni \u00e1 milli m\u00e1 stundum finna gulll\u00f3u, glitl\u00f3u e\u00f0a jafnvel fitjat\u00edtu. Einkavegir eru \u00e1 flestum st\u00f6\u00f0um ni\u00f0ur a\u00f0 fj\u00f6ru en gott er a\u00f0 ganga a\u00f0 tj\u00f6rnum og ni\u00f0ur a\u00f0 fj\u00f6ru vi\u00f0 golfv\u00f6ll Hafurbjarnarsta\u00f0a og vi\u00f0 N\u00e1tthaga sem sta\u00f0settur er vi\u00f0 st\u00f3ra tj\u00f6rn sem heldur fj\u00f6lda anda, m\u00e1fa og va\u00f0fugla. Margar tjarnir og g\u00f3\u00f0ar fj\u00f6rur eru \u00e1 \u00feessari lei\u00f0 milli Gar\u00f0skagavita og Sandger\u00f0is svo m\u00e6lt er me\u00f0 \u00fev\u00ed a\u00f0 ganga fj\u00f6runa.<\/p><h3>Sandger\u00f0i<\/h3><p>Sandger\u00f0istjarnirnar vi\u00f0 enda Gar\u00f0vegar eru varpsta\u00f0ir anda, sp\u00f6rfugla og va\u00f0fugla a\u00f0 sumri. \u00de\u00e6r eru g\u00f3\u00f0ur ba\u00f0sta\u00f0ur m\u00e1fa og andfugla allt \u00e1ri\u00f0 um kring. Stokkendur, sk\u00fafendur, urtendur og gr\u00e1g\u00e6sir sj\u00e1st allt \u00e1ri\u00f0 \u00feegar v\u00f6k er opin. Fuglasko\u00f0unarh\u00fas er vi\u00f0 tj\u00f6rnina en ekki er m\u00e6lt me\u00f0 \u00fev\u00ed a\u00f0 n\u00fdta \u00fea\u00f0 \u00fear sem \u00fea\u00f0 er \u00f3heppilega sta\u00f0sett til fuglasko\u00f0unar. Stuttur malarvegur er vi\u00f0 minni tj\u00f6rnina sem liggur ni\u00f0ur a\u00f0 sj\u00f3 bak vi\u00f0 gamla fiskvinnslu. \u00dear er gott a\u00f0 leggja b\u00edl og sko\u00f0a va\u00f0fugla og sj\u00f3fugla. \u00de\u00e1 er h\u00e6gt a\u00f0 keyra a\u00f0 Sandger\u00f0isleirunni sem er sunnar \u00ed b\u00e6num. R\u00e6sisp\u00edpur \u00far fiskverkunarh\u00fasum liggja ni\u00f0ur \u00ed fj\u00f6runa og la\u00f0a a\u00f0 s\u00e9r fj\u00f6lmargar m\u00e1fategundir, f\u00fdla, h\u00e1vellur, stokkendur, skarfa og fj\u00f6lda va\u00f0fugla \u00ed g\u00f3\u00f0u lj\u00f3smyndunarf\u00e6ri. Algengir m\u00e1far \u00e1 \u00feessu sv\u00e6\u00f0i eru svartbakar, s\u00edlam\u00e1far nema a\u00f0 vetri, silfurm\u00e1far, hv\u00edtm\u00e1far, bjartm\u00e1far a\u00f0 vetri, hettum\u00e1far og st\u00f6ku stormm\u00e1far. Sumar tegundir hafa fleiri en eitt litarafbrig\u00f0i og d\u00e6mi um \u00fea\u00f0 eru f\u00fdlar og bjartm\u00e1far. Gr\u00e1leitir f\u00fdlar me\u00f0 d\u00f6kkar fja\u00f0rir eru kalla\u00f0ir kolapiltar me\u00f0an bjartm\u00e1far me\u00f0 svart \u00ed v\u00e6ngendum eru kalla\u00f0ir kumlien bjartm\u00e1far. Kumlien er vestr\u00e6n undirtegund bjartm\u00e1fsins og eru h\u00fan frekar algeng \u00e1 \u00cdslandi mi\u00f0a\u00f0 vi\u00f0 annars sta\u00f0ar \u00ed Evr\u00f3pu. Nokkrar m\u00e1fategundir fl\u00e6kjast til \u00cdslands \u00e1r hvert en d\u00e6mi um \u00fe\u00e6r eru dvergm\u00e1far, amer\u00edskir silfurm\u00e1far, hringm\u00e1far, \u00edsm\u00e1far, \u00feernum\u00e1far og r\u00f3sam\u00e1far. \u00de\u00fasundir sanderla stoppa vi\u00f0 \u00feessar fj\u00f6rur \u00e1 lei\u00f0 til og fr\u00e1 varpst\u00f6\u00f0um a\u00f0 vori og hausti. Margar sanderlur hafa veri\u00f0 litmerktar \u00e1 \u00feessum sl\u00f3\u00f0um svo fuglasko\u00f0arar eru be\u00f0nir um a\u00f0 lesa \u00e1 merkin og senda uppl\u00fdsingar til N\u00e1tt\u00farufr\u00e6\u00f0istofnunar \u00cdslands. Fleiri va\u00f0fuglar eru tildrur, sendlingar, l\u00f3u\u00fer\u00e6lar, hei\u00f0l\u00f3ur, tjaldar, sandl\u00f3ur, stelkar, sp\u00f3ar, fj\u00f6rusp\u00f3ar, ja\u00f0rakanar og st\u00f6ku lappaja\u00f0rakanar. Fj\u00f6rusp\u00f3ar eru mj\u00f6g sjaldg\u00e6fir varpfuglar \u00e1 \u00cdslandi. \u00deekkt eru \u00f6rf\u00e1 v\u00f6rp en ekkert \u00feeirra er \u00e1 Reykjanesinu. Fj\u00f6rusp\u00f3ar eru \u00fer\u00e1tt fyrir \u00fea\u00f0 algengir vetrarfuglar \u00ed kringum Sandger\u00f0i og ma\u00f0ur getur n\u00e1nast gengi\u00f0 a\u00f0 \u00feeim v\u00edsum \u00ed gr\u00fdtta \u00feanginu ne\u00f0an kj\u00faklingab\u00fasins vi\u00f0 Sandger\u00f0isleiru.<\/p><p>\u00deekkingarsetur Su\u00f0urnesja er sta\u00f0sett vi\u00f0 Gar\u00f0veg 1 og \u00fear er h\u00e6gt a\u00f0 finna salerni og a\u00f0st\u00f6\u00f0u til a\u00f0 sn\u00e6\u00f0a nesti fyrir l\u00edtinn pening. \u00dear eru \u00ferj\u00e1r s\u00fdningar, auk lifandi sj\u00e1vard\u00fdra, sem b\u00e6\u00f0i b\u00f6rn og fullor\u00f0nir hafa gaman af a\u00f0 sko\u00f0a.<\/p><h3>Nor\u00f0urkot<\/h3><p>\u00deegar haldi\u00f0 er \u00e1fram su\u00f0ur eftir Stafnesvegi fr\u00e1 Sandger\u00f0i \u00ed \u00e1tt a\u00f0 H\u00f6fnum sj\u00e1st nokkrar st\u00f3rar tjarnir vestan vegar sem vert er a\u00f0 sko\u00f0a. Vi\u00f0 b\u00e6inn Nor\u00f0urkot er miki\u00f0 fuglal\u00edf. \u00dear er st\u00e6rsta \u00e6\u00f0arvarp Reykjanesskagans enda er \u00fea\u00f0 vakta\u00f0 allan s\u00f3larhringinn af landeigendum gegn l\u00edklegum afr\u00e6ningjum. Banna\u00f0 er a\u00f0 ganga um sv\u00e6\u00f0i\u00f0 a\u00f0 sumri nema me\u00f0 leyfi eiganda. Fleiri fuglar n\u00fdta \u00feessa vernd og g\u00f3\u00f0u tjarnir. \u00dear m\u00e1 sj\u00e1 st\u00f3rt kr\u00eduvarp \u00ed g\u00f3\u00f0u s\u00edla\u00e1ri. Auk \u00e6\u00f0arfugla halda andfuglar til vi\u00f0 tjarnirnar og verpa \u00ed k\u00f6ntum \u00feeirra og \u00e1 fl\u00f3\u00f0inu s\u00e6kja va\u00f0fuglar \u00ed kantana. Sunnan Nor\u00f0urkots er tj\u00f6rn e\u00f0a v\u00edk nefnd Fuglav\u00edk. H\u00fan ber nafn me\u00f0 rentu \u00fear sem miki\u00f0 er um andfugla, va\u00f0fugla og m\u00e1fa.<\/p><h3>Hvalsnes<\/h3><p>B\u00edlast\u00e6\u00f0i eru n\u00e6g vi\u00f0 Hvalsneskirkju. \u00dea\u00f0an er h\u00e6gt a\u00f0 ganga ni\u00f0ur \u00ed litla v\u00edk sem oft er r\u00edk af \u00f6ndum og va\u00f0fuglum \u00ed fj\u00f6ru. Me\u00f0 urt\u00f6ndum er oft a\u00f0 finna amer\u00edska r\u00e1k\u00f6nd. Sunnan vi\u00f0 Hvalsnes er anna\u00f0 st\u00e6rra nes kalla\u00f0 Stafnes \u00fear sem finna m\u00e1 fallegan vita. \u00dear er h\u00e6gt a\u00f0 horfa \u00fat \u00e1 haf \u00e1 fart\u00edma e\u00f0a a\u00f0 sumri a\u00f0 fylgjast me\u00f0 umfer\u00f0arfuglum.<\/p><h3>\u00d3sar og Hafnir<\/h3><p>\u00d3sar og \u00d3sabotnar er l\u00edfr\u00edkt sv\u00e6\u00f0i me\u00f0 setbotni sem heldur mikinn fj\u00f6lda fugla. Mj\u00f6g st\u00f3rir h\u00f3par anda, va\u00f0fugla og br\u00fasa er a\u00f0 finna \u00e1 sv\u00e6\u00f0inu. Gott er a\u00f0 ganga fr\u00e1\u00a0 \u00d3sabotni a\u00f0 H\u00f6fnum og sko\u00f0a \u00fat \u00e1 hafi\u00f0. F\u00e1lkar og smyrlar \u00ed leit a\u00f0 br\u00e1\u00f0 eru algeng sj\u00f3n. A\u00f0 vetri sj\u00e1st vel himbrimar, l\u00f3mar, skarfar og fiskiendur \u00ed \u00e6tisleit \u00fat af bryggjunni \u00ed H\u00f6fnum og au\u00f0velt er a\u00f0 komast \u00ed gott f\u00e6ri vi\u00f0 straumendur. Fj\u00f6rusp\u00f3ar sp\u00edgspora um \u00ed \u00feanginu a\u00f0 vetri. F\u00ednt set r\u00edkt af botnd\u00fdral\u00edfi er a\u00f0gengilegt fyrir va\u00f0fugla \u00e1 fj\u00f6runni og greinileg skipting \u00feangbelta s\u00e9st vel \u00ed hraungr\u00fdttri \u00feangfj\u00f6runni. Ungir hafernir hafa s\u00e9st \u00ed h\u00f3lmum \u00ed leit a\u00f0 \u00e6ti. Sk\u00famar og kj\u00f3ar verpa \u00ed sn\u00f6ggu grasinu a\u00f0 sumri.<\/p><h3>Kalmanstj\u00f6rn og Hafnaberg<\/h3><p>B\u00edlast\u00e6\u00f0i er a\u00f0 finna sunnan vi\u00f0 fiskeldi\u00f0 \u00e1 vegi 425. \u00dear er h\u00e6gt a\u00f0 ganga me\u00f0fram gir\u00f0ingu ni\u00f0ur a\u00f0 Kalmanstj\u00f6rn. \u00dear safnast straumendur saman \u00ed h\u00f3p a\u00f0 vetri og \u00fear hafa s\u00e9st fl\u00e6kingar \u00e1 bor\u00f0 vi\u00f0 r\u00e1k\u00f6nd, brand\u00f6nd, gr\u00e1hegra, \u00e6\u00f0ark\u00f3ng og sefgo\u00f0a. \u00deegar eki\u00f0 er lengra til su\u00f0urs er b\u00edlast\u00e6\u00f0i me\u00f0 fuglakorti. \u00dea\u00f0an er um 20 m\u00edn\u00fatna ganga ni\u00f0ur a\u00f0 Hafnabergi og gott er a\u00f0 hafa augun opin fyrir verpandi kj\u00f3um \u00e1 lei\u00f0inni. Hafnaberg er sj\u00f3fuglabjarg me\u00f0 verpandi f\u00fdlum, ritum, langv\u00edum, stuttnefjum, \u00e1lkum og st\u00f6ku lunda (2006). Varp byrjar \u00ed lok ma\u00ed og \u00e1lega er um 30 dagar og ungar eru um 20 daga \u00ed hrei\u00f0ri \u00e1\u00f0ur en \u00feeir st\u00f6kkva til sj\u00e1var \u00ed fylgd foreldra. F\u00edn fugla- og hvalasko\u00f0un er fr\u00e1 syllunum. Syllur eru \u00f3traustar og a\u00f0g\u00e1t skal h\u00f6f\u00f0 n\u00e6rri bjargsbr\u00fan.\u00a0<\/p>\t\t\t\t\t<\/div>\n\t\t\t\t\t\t<\/div>\n\t\t\t\t<\/div>\n\t\t\t\t\t\t<\/div>\n\t\t\t\t\t<\/div>\n\t\t<\/div>\n\t\t\t\t\t\t\t\t<\/div>\n\t\t\t\t\t<\/div>\n\t\t<\/section>\n\t\t\t\t\t\t\t\t\t<\/div>\n\t\t\t<\/div>\n\t\t\t\t\t<\/div>\n\t\t","protected":false},"excerpt":{"rendered":"<p>Previous Next Gar\u00f0ur \u00c1 lei\u00f0 til Gar\u00f0s fr\u00e1 Keflav\u00edk er gott a\u00f0 hafa augun opin fyrir snj\u00f3tittlingum, rj\u00fapum, smyrlum og ungum f\u00e1lkum a\u00f0 vetri. L\u00edti\u00f0 er um f\u00e1lkav\u00f6rp \u00e1 Reykjanesinu en ungir f\u00e1lkar eru algengir \u00ed \u00e6tisleit a\u00f0 vetri. S\u00fdkin \u00ed Gar\u00f0i eru me\u00f0 betri fl\u00e6kingast\u00f6\u00f0um \u00e1 \u00cdslandi. Margir sjaldg\u00e6fir fl\u00e6kingar hafa s\u00e9st \u00e1 \u00feessum &hellip;<\/p>\n<p class=\"read-more\"> <a class=\"\" href=\"https:\/\/geopark.viska.dev\/is\/fuglaskodun\/fuglaskodunarstadir-gardur-kalmanstjorn\/\"> <span class=\"screen-reader-text\">Gar\u00f0ur &#8211; Kalmanstj\u00f6rn<\/span> Read More &raquo;<\/a><\/p>\n","protected":false},"author":6,"featured_media":0,"parent":2851,"menu_order":0,"comment_status":"closed","ping_status":"closed","template":"elementor_header_footer","meta":{"inline_featured_image":false,"_mi_skip_tracking":false,"site-sidebar-layout":"no-sidebar","site-content-layout":"page-builder","ast-global-header-display":"","ast-main-header-display":"","ast-hfb-above-header-display":"","ast-hfb-below-header-display":"","ast-hfb-mobile-header-display":"","site-post-title":"disabled","ast-breadcrumbs-content":"","ast-featured-img":"disabled","footer-sml-layout":"","theme-transparent-header-meta":"default","adv-header-id-meta":"","stick-header-meta":"","header-above-stick-meta":"","header-main-stick-meta":"","header-below-stick-meta":""},"_links":{"self":[{"href":"https:\/\/geopark.viska.dev\/is\/wp-json\/wp\/v2\/pages\/2896"}],"collection":[{"href":"https:\/\/geopark.viska.dev\/is\/wp-json\/wp\/v2\/pages"}],"about":[{"href":"https:\/\/geopark.viska.dev\/is\/wp-json\/wp\/v2\/types\/page"}],"author":[{"embeddable":true,"href":"https:\/\/geopark.viska.dev\/is\/wp-json\/wp\/v2\/users\/6"}],"replies":[{"embeddable":true,"href":"https:\/\/geopark.viska.dev\/is\/wp-json\/wp\/v2\/comments?post=2896"}],"version-history":[{"count":11,"href":"https:\/\/geopark.viska.dev\/is\/wp-json\/wp\/v2\/pages\/2896\/revisions"}],"predecessor-version":[{"id":2918,"href":"https:\/\/geopark.viska.dev\/is\/wp-json\/wp\/v2\/pages\/2896\/revisions\/2918"}],"up":[{"embeddable":true,"href":"https:\/\/geopark.viska.dev\/is\/wp-json\/wp\/v2\/pages\/2851"}],"wp:attachment":[{"href":"https:\/\/geopark.viska.dev\/is\/wp-json\/wp\/v2\/media?parent=2896"}],"curies":[{"name":"wp","href":"https:\/\/api.w.org\/{rel}","templated":true}]}}