{"id":2851,"date":"2022-05-31T09:33:05","date_gmt":"2022-05-31T09:33:05","guid":{"rendered":"https:\/\/geopark.viska.dev\/?page_id=2851"},"modified":"2022-06-01T09:09:40","modified_gmt":"2022-06-01T09:09:40","slug":"fuglaskodun","status":"publish","type":"page","link":"https:\/\/geopark.viska.dev\/is\/fuglaskodun\/","title":{"rendered":"Fuglasko\u00f0unarsta\u00f0ir"},"content":{"rendered":"\t\t<div data-elementor-type=\"wp-page\" data-elementor-id=\"2851\" class=\"elementor elementor-2851\">\n\t\t\t\t\t\t<div class=\"elementor-inner\">\n\t\t\t\t<div class=\"elementor-section-wrap\">\n\t\t\t\t\t\t\t\t\t<section class=\"elementor-section elementor-top-section elementor-element elementor-element-070fbfc elementor-section-boxed elementor-section-height-default elementor-section-height-default\" data-id=\"070fbfc\" data-element_type=\"section\" data-settings=\"{&quot;background_background&quot;:&quot;classic&quot;}\">\n\t\t\t\t\t\t<div class=\"elementor-container elementor-column-gap-default\">\n\t\t\t\t\t\t\t<div class=\"elementor-row\">\n\t\t\t\t\t<div class=\"elementor-column elementor-col-100 elementor-top-column elementor-element elementor-element-506248a\" data-id=\"506248a\" data-element_type=\"column\">\n\t\t\t<div class=\"elementor-column-wrap elementor-element-populated\">\n\t\t\t\t\t\t\t<div class=\"elementor-widget-wrap\">\n\t\t\t\t\t\t\t\t<\/div>\n\t\t\t\t\t<\/div>\n\t\t<\/div>\n\t\t\t\t\t\t\t\t<\/div>\n\t\t\t\t\t<\/div>\n\t\t<\/section>\n\t\t\t\t<section class=\"elementor-section elementor-top-section elementor-element elementor-element-953e656 elementor-section-boxed elementor-section-height-default elementor-section-height-default\" data-id=\"953e656\" data-element_type=\"section\">\n\t\t\t\t\t\t<div class=\"elementor-container elementor-column-gap-default\">\n\t\t\t\t\t\t\t<div class=\"elementor-row\">\n\t\t\t\t\t<div class=\"elementor-column elementor-col-100 elementor-top-column elementor-element elementor-element-f96477c\" data-id=\"f96477c\" data-element_type=\"column\">\n\t\t\t<div class=\"elementor-column-wrap elementor-element-populated\">\n\t\t\t\t\t\t\t<div class=\"elementor-widget-wrap\">\n\t\t\t\t\t\t<div class=\"elementor-element elementor-element-9ce607e elementor-arrows-position-inside elementor-pagination-position-outside elementor-widget elementor-widget-image-carousel\" data-id=\"9ce607e\" data-element_type=\"widget\" data-settings=\"{&quot;slides_to_show&quot;:&quot;3&quot;,&quot;slides_to_scroll&quot;:&quot;4&quot;,&quot;navigation&quot;:&quot;both&quot;,&quot;autoplay&quot;:&quot;yes&quot;,&quot;pause_on_hover&quot;:&quot;yes&quot;,&quot;pause_on_interaction&quot;:&quot;yes&quot;,&quot;autoplay_speed&quot;:5000,&quot;infinite&quot;:&quot;yes&quot;,&quot;speed&quot;:500}\" data-widget_type=\"image-carousel.default\">\n\t\t\t\t<div class=\"elementor-widget-container\">\n\t\t\t\t\t<div class=\"elementor-image-carousel-wrapper swiper-container\" dir=\"ltr\">\n\t\t\t<div class=\"elementor-image-carousel swiper-wrapper\">\n\t\t\t\t\t\t\t\t<div class=\"swiper-slide\"><figure class=\"swiper-slide-inner\"><img class=\"swiper-slide-image\" src=\"https:\/\/geopark.viska.dev\/wp-content\/uploads\/2022\/05\/vqfnrjmuirua2bmjdsco-1.jpeg\" alt=\"vqfnrjmuirua2bmjdsco\" \/><\/figure><\/div><div class=\"swiper-slide\"><figure class=\"swiper-slide-inner\"><img class=\"swiper-slide-image\" src=\"https:\/\/geopark.viska.dev\/wp-content\/uploads\/2022\/05\/fbzu4c84vooqdln1wcpm.png\" alt=\"fbzu4c84vooqdln1wcpm\" \/><\/figure><\/div><div class=\"swiper-slide\"><figure class=\"swiper-slide-inner\"><img class=\"swiper-slide-image\" src=\"https:\/\/geopark.viska.dev\/wp-content\/uploads\/2022\/05\/fkuiugcdezleqvn4z4ff.png\" alt=\"fkuiugcdezleqvn4z4ff\" \/><\/figure><\/div><div class=\"swiper-slide\"><figure class=\"swiper-slide-inner\"><img class=\"swiper-slide-image\" src=\"https:\/\/geopark.viska.dev\/wp-content\/uploads\/2022\/05\/puwwu5pqyvxlbrcmohl1.png\" alt=\"puwwu5pqyvxlbrcmohl1\" \/><\/figure><\/div><div class=\"swiper-slide\"><figure class=\"swiper-slide-inner\"><img class=\"swiper-slide-image\" src=\"https:\/\/geopark.viska.dev\/wp-content\/uploads\/2022\/05\/qh9qmout0vvxqvuofqnl.png\" alt=\"qh9qmout0vvxqvuofqnl\" \/><\/figure><\/div><div class=\"swiper-slide\"><figure class=\"swiper-slide-inner\"><img class=\"swiper-slide-image\" src=\"https:\/\/geopark.viska.dev\/wp-content\/uploads\/2022\/05\/uyxgczufjpvhmnmi9ske.png\" alt=\"uyxgczufjpvhmnmi9ske\" \/><\/figure><\/div><div class=\"swiper-slide\"><figure class=\"swiper-slide-inner\"><img class=\"swiper-slide-image\" src=\"https:\/\/geopark.viska.dev\/wp-content\/uploads\/2022\/05\/v8oe1nwr7ebswdu73des.png\" alt=\"v8oe1nwr7ebswdu73des\" \/><\/figure><\/div>\t\t\t<\/div>\n\t\t\t\t\t\t\t\t\t\t\t\t<div class=\"swiper-pagination\"><\/div>\n\t\t\t\t\t\t\t\t\t\t\t\t\t<div class=\"elementor-swiper-button elementor-swiper-button-prev\">\n\t\t\t\t\t\t<i aria-hidden=\"true\" class=\"eicon-chevron-left\"><\/i>\t\t\t\t\t\t<span class=\"elementor-screen-only\">Previous<\/span>\n\t\t\t\t\t<\/div>\n\t\t\t\t\t<div class=\"elementor-swiper-button elementor-swiper-button-next\">\n\t\t\t\t\t\t<i aria-hidden=\"true\" class=\"eicon-chevron-right\"><\/i>\t\t\t\t\t\t<span class=\"elementor-screen-only\">Next<\/span>\n\t\t\t\t\t<\/div>\n\t\t\t\t\t\t\t\t\t<\/div>\n\t\t\t\t<\/div>\n\t\t\t\t<\/div>\n\t\t\t\t\t\t<\/div>\n\t\t\t\t\t<\/div>\n\t\t<\/div>\n\t\t\t\t\t\t\t\t<\/div>\n\t\t\t\t\t<\/div>\n\t\t<\/section>\n\t\t\t\t<section class=\"elementor-section elementor-top-section elementor-element elementor-element-f6d14a8 elementor-section-boxed elementor-section-height-default elementor-section-height-default\" data-id=\"f6d14a8\" data-element_type=\"section\">\n\t\t\t\t\t\t<div class=\"elementor-container elementor-column-gap-default\">\n\t\t\t\t\t\t\t<div class=\"elementor-row\">\n\t\t\t\t\t<div class=\"elementor-column elementor-col-100 elementor-top-column elementor-element elementor-element-cab670e\" data-id=\"cab670e\" data-element_type=\"column\">\n\t\t\t<div class=\"elementor-column-wrap elementor-element-populated\">\n\t\t\t\t\t\t\t<div class=\"elementor-widget-wrap\">\n\t\t\t\t\t\t<div class=\"elementor-element elementor-element-8a585d6 elementor-widget elementor-widget-text-editor\" data-id=\"8a585d6\" data-element_type=\"widget\" data-widget_type=\"text-editor.default\">\n\t\t\t\t<div class=\"elementor-widget-container\">\n\t\t\t\t\t\t\t\t<div class=\"elementor-text-editor elementor-clearfix\">\n\t\t\t\t<p>\u00deessi s\u00ed\u00f0a s\u00fdnir helstu fuglasko\u00f0unarsta\u00f0i \u00e1 Reykjanesi, hvar sjaldg\u00e6fari tegundir er a\u00f0 finna og uppl\u00fdsingar um a\u00f0gengi a\u00f0 sko\u00f0unarst\u00f6\u00f0um. L\u00edti\u00f0 er fjalla\u00f0 um au\u00f0fundna sta\u00f0i \u00fear sem h\u00e6gt er a\u00f0 sj\u00e1 algengar tegundir svo sem \u00fe\u00fafutittlinga e\u00f0a hei\u00f0l\u00f3ur, heldur er einbl\u00ednt \u00e1 sta\u00f0i \u00fear sem au\u00f0velt er a\u00f0 sj\u00e1 sjaldg\u00e6fari fugla.<\/p><p>Reykjanesi\u00f0 er umluki\u00f0 sj\u00f3 og \u00fev\u00ed m\u00e1 finna margar va\u00f0fugla- og sj\u00f3fuglategundir. Flestar tegundir yfirgefa varpst\u00f6\u00f0varnar og halda \u00e1 heitari sl\u00f3\u00f0ir yfir veturinn. A\u00f0rar tegundir f\u00e6ra sig fr\u00e1 varpsl\u00f3\u00f0um ni\u00f0ur \u00e1 l\u00e1glendi og \u00fe\u00e1 s\u00e9rstaklega \u00ed fj\u00f6runa. \u00c1 Reykjanesi m\u00e1 finna margar andategundir, va\u00f0fugla og br\u00fasa svo sem \u00e6\u00f0arfugl, rau\u00f0h\u00f6f\u00f0a\u00f6nd, straum\u00f6nd, tjald og himbrima sem hafa vetursetu vi\u00f0 strandleng juna. Um 30 tegundir \u00edslenskra varpfugla halda til \u00e1 landinu allt \u00e1ri\u00f0 og eru kalla\u00f0ar sta\u00f0fuglar. Vetrargestir eru fuglar sem verja vetrinum \u00e1 \u00cdslandi en verpa \u00e1 nor\u00f0l\u00e6gari sl\u00f3\u00f0um. M\u00e1 \u00fear m\u00e1 nefna bjartm\u00e1f og sumar tildrur. Nokkrar fuglategundir koma til \u00cdslands sem fargestir e\u00f0a umfer\u00f0arfuglar. \u00derj\u00e1r tegundir g\u00e6sa eru \u00ed \u00feeim h\u00f3pi: Blesg\u00e6s \u00e1 Su\u00f0urlandsundirlendi, helsingi nor\u00f0anlands a\u00f0 vori og Skaftafells\u00fdslum \u00e1 haustin, og loks marg\u00e6sir sem sj\u00e1st \u00e1 Faxafl\u00f3a og Brei\u00f0afir\u00f0i \u00e1 fart\u00edma. \u00c1 Reykjanesi er h\u00e6gt a\u00f0 sj\u00e1 marg\u00e6sir \u00e1 nor\u00f0an-og vestanver\u00f0u Reykjanesi yfir fart\u00edmann. Nokkrar va\u00f0fuglategundir stoppa vi\u00f0 \u00e1 \u00cdslandi \u00e1 lei\u00f0 fr\u00e1 vetrarst\u00f6\u00f0vum yfir \u00e1 varpst\u00f6\u00f0var og til baka: Tildrur, rau\u00f0brystingar, sanderlur og svo hluti af sandl\u00f3unum og l\u00f3u\u00fer\u00e6lunum<\/p><div class=\"description\"><p>Besti t\u00edmi \u00e1rs til \u00feess a\u00f0 sj\u00e1 sem flestar tegundir \u00ed fullum skr\u00fa\u00f0a er a\u00f0 vori (lok ma\u00ed-j\u00fan\u00ed). \u00de\u00e1 eru umfer\u00f0arfuglar \u00e1 lei\u00f0 til varpst\u00f6\u00f0va og sta\u00f0fuglar \u00ed \u00f3\u00f0alsatferli og \u00fev\u00ed au\u00f0s\u00e9\u00f0ir. Haustin eru betri til \u00feess a\u00f0 sj\u00e1 umfer\u00f0arfugla og fl\u00e6kinga sem dragast \u00fat \u00e1 haf \u00ed haustl\u00e6g\u00f0um b\u00e6\u00f0i fr\u00e1 Evr\u00f3pu og Amer\u00edku.<\/p><p>A\u00f0gengi er gott a\u00f0 flestum st\u00f6\u00f0um, flestir vegir eru malbika\u00f0ir en malarvegir eru s\u00e9rstaklega merktir. \u00cd fuglasko\u00f0un \u00fearf l\u00edti\u00f0 anna\u00f0 en g\u00f3\u00f0 f\u00f6t og g\u00f3\u00f0an k\u00edki en sj\u00f3nauki \u00e1 f\u00e6ti og myndav\u00e9l me\u00f0 g\u00f3\u00f0ri a\u00f0dr\u00e1ttarlinsu gera leikinn au\u00f0veldari.<\/p><\/div>\t\t\t\t\t<\/div>\n\t\t\t\t\t\t<\/div>\n\t\t\t\t<\/div>\n\t\t\t\t<div class=\"elementor-element elementor-element-164702a elementor-widget elementor-widget-button\" data-id=\"164702a\" data-element_type=\"widget\" data-widget_type=\"button.default\">\n\t\t\t\t<div class=\"elementor-widget-container\">\n\t\t\t\t\t<div class=\"elementor-button-wrapper\">\n\t\t\t<a href=\"https:\/\/reykjanesgeopark.is\/wp-content\/uploads\/2022\/05\/rgp-fuglaskodunarkort_2018_is_fin_hq.pdf\" class=\"elementor-button-link elementor-button elementor-size-lg\" role=\"button\">\n\t\t\t\t\t\t<span class=\"elementor-button-content-wrapper\">\n\t\t\t\t\t\t<span class=\"elementor-button-text\">- Smelltu h\u00e9r til a\u00f0 hla\u00f0a ni\u00f0ur fuglasko\u00f0unarkorti fyrir Reykjanes -<\/span>\n\t\t<\/span>\n\t\t\t\t\t<\/a>\n\t\t<\/div>\n\t\t\t\t<\/div>\n\t\t\t\t<\/div>\n\t\t\t\t\t\t<\/div>\n\t\t\t\t\t<\/div>\n\t\t<\/div>\n\t\t\t\t\t\t\t\t<\/div>\n\t\t\t\t\t<\/div>\n\t\t<\/section>\n\t\t\t\t<section class=\"elementor-section elementor-top-section elementor-element elementor-element-7bfb5c8 elementor-section-boxed elementor-section-height-default elementor-section-height-default\" data-id=\"7bfb5c8\" data-element_type=\"section\">\n\t\t\t\t\t\t<div class=\"elementor-container elementor-column-gap-default\">\n\t\t\t\t\t\t\t<div class=\"elementor-row\">\n\t\t\t\t\t<div class=\"elementor-column elementor-col-100 elementor-top-column elementor-element elementor-element-f280e96\" data-id=\"f280e96\" data-element_type=\"column\">\n\t\t\t<div class=\"elementor-column-wrap\">\n\t\t\t\t\t\t\t<div class=\"elementor-widget-wrap\">\n\t\t\t\t\t\t\t\t<\/div>\n\t\t\t\t\t<\/div>\n\t\t<\/div>\n\t\t\t\t\t\t\t\t<\/div>\n\t\t\t\t\t<\/div>\n\t\t<\/section>\n\t\t\t\t<section class=\"elementor-section elementor-top-section elementor-element elementor-element-1a69996 elementor-section-boxed elementor-section-height-default elementor-section-height-default\" data-id=\"1a69996\" data-element_type=\"section\">\n\t\t\t\t\t\t<div class=\"elementor-container elementor-column-gap-default\">\n\t\t\t\t\t\t\t<div class=\"elementor-row\">\n\t\t\t\t\t<div class=\"elementor-column elementor-col-25 elementor-top-column elementor-element elementor-element-c0ebdd6\" data-id=\"c0ebdd6\" data-element_type=\"column\">\n\t\t\t<div class=\"elementor-column-wrap elementor-element-populated\">\n\t\t\t\t\t\t\t<div class=\"elementor-widget-wrap\">\n\t\t\t\t\t\t<div class=\"elementor-element elementor-element-dd030d9 elementor-cta--skin-classic elementor-animated-content elementor-bg-transform elementor-bg-transform-zoom-in elementor-widget elementor-widget-call-to-action\" data-id=\"dd030d9\" data-element_type=\"widget\" data-widget_type=\"call-to-action.default\">\n\t\t\t\t<div class=\"elementor-widget-container\">\n\t\t\t\t\t<div class=\"elementor-cta\">\n\t\t\t\t\t<div class=\"elementor-cta__bg-wrapper\">\n\t\t\t\t<div class=\"elementor-cta__bg elementor-bg\" style=\"background-image: url(https:\/\/geopark.viska.dev\/wp-content\/uploads\/2022\/05\/puwwu5pqyvxlbrcmohl1-1024x682.png);\"><\/div>\n\t\t\t\t<div class=\"elementor-cta__bg-overlay\"><\/div>\n\t\t\t<\/div>\n\t\t\t\t\t\t\t<div class=\"elementor-cta__content\">\n\t\t\t\t\n\t\t\t\t<h2 class=\"elementor-cta__title elementor-cta__content-item elementor-content-item\">Gar\u00f0ur - Kalmanstj\u00f6rn<\/h2>\n\t\t\t\t\n\t\t\t\t\t\t\t\t\t<div class=\"elementor-cta__button-wrapper elementor-cta__content-item elementor-content-item \">\n\t\t\t\t\t<a class=\"elementor-cta__button elementor-button elementor-size-sm\" href=\"https:\/\/reykjanesgeopark.is\/is\/fuglaskodun\/fuglaskodunarstadir-gardur-kalmanstjorn\/\">\n\t\t\t\t\t\tSmelltu h\u00e9r\t\t\t\t\t<\/a>\n\t\t\t\t\t<\/div>\n\t\t\t\t\t\t\t<\/div>\n\t\t\t\t\t\t<\/div>\n\t\t\t\t<\/div>\n\t\t\t\t<\/div>\n\t\t\t\t\t\t<\/div>\n\t\t\t\t\t<\/div>\n\t\t<\/div>\n\t\t\t\t<div class=\"elementor-column elementor-col-25 elementor-top-column elementor-element elementor-element-22303e1\" data-id=\"22303e1\" data-element_type=\"column\">\n\t\t\t<div class=\"elementor-column-wrap elementor-element-populated\">\n\t\t\t\t\t\t\t<div class=\"elementor-widget-wrap\">\n\t\t\t\t\t\t<div class=\"elementor-element elementor-element-5db6da1 elementor-cta--skin-classic elementor-animated-content elementor-bg-transform elementor-bg-transform-zoom-in elementor-widget elementor-widget-call-to-action\" data-id=\"5db6da1\" data-element_type=\"widget\" data-widget_type=\"call-to-action.default\">\n\t\t\t\t<div class=\"elementor-widget-container\">\n\t\t\t\t\t<div class=\"elementor-cta\">\n\t\t\t\t\t<div class=\"elementor-cta__bg-wrapper\">\n\t\t\t\t<div class=\"elementor-cta__bg elementor-bg\" style=\"background-image: url(https:\/\/geopark.viska.dev\/wp-content\/uploads\/2022\/05\/fbzu4c84vooqdln1wcpm-1024x682.png);\"><\/div>\n\t\t\t\t<div class=\"elementor-cta__bg-overlay\"><\/div>\n\t\t\t<\/div>\n\t\t\t\t\t\t\t<div class=\"elementor-cta__content\">\n\t\t\t\t\n\t\t\t\t<h2 class=\"elementor-cta__title elementor-cta__content-item elementor-content-item\">Hraunsv\u00edk - Kleifarvatn<\/h2>\n\t\t\t\t\n\t\t\t\t\t\t\t\t\t<div class=\"elementor-cta__button-wrapper elementor-cta__content-item elementor-content-item \">\n\t\t\t\t\t<a class=\"elementor-cta__button elementor-button elementor-size-sm\" href=\"https:\/\/reykjanesgeopark.is\/is\/fuglaskodun\/hraunsvik-kleifarvatn\/\">\n\t\t\t\t\t\tSmelltu h\u00e9r\t\t\t\t\t<\/a>\n\t\t\t\t\t<\/div>\n\t\t\t\t\t\t\t<\/div>\n\t\t\t\t\t\t<\/div>\n\t\t\t\t<\/div>\n\t\t\t\t<\/div>\n\t\t\t\t\t\t<\/div>\n\t\t\t\t\t<\/div>\n\t\t<\/div>\n\t\t\t\t<div class=\"elementor-column elementor-col-25 elementor-top-column elementor-element elementor-element-ce266a5\" data-id=\"ce266a5\" data-element_type=\"column\">\n\t\t\t<div class=\"elementor-column-wrap elementor-element-populated\">\n\t\t\t\t\t\t\t<div class=\"elementor-widget-wrap\">\n\t\t\t\t\t\t<div class=\"elementor-element elementor-element-4d7715e elementor-cta--skin-classic elementor-animated-content elementor-bg-transform elementor-bg-transform-zoom-in elementor-widget elementor-widget-call-to-action\" data-id=\"4d7715e\" data-element_type=\"widget\" data-widget_type=\"call-to-action.default\">\n\t\t\t\t<div class=\"elementor-widget-container\">\n\t\t\t\t\t<div class=\"elementor-cta\">\n\t\t\t\t\t<div class=\"elementor-cta__bg-wrapper\">\n\t\t\t\t<div class=\"elementor-cta__bg elementor-bg\" style=\"background-image: url(https:\/\/geopark.viska.dev\/wp-content\/uploads\/2022\/05\/vqfnrjmuirua2bmjdsco-1-1024x682.jpeg);\"><\/div>\n\t\t\t\t<div class=\"elementor-cta__bg-overlay\"><\/div>\n\t\t\t<\/div>\n\t\t\t\t\t\t\t<div class=\"elementor-cta__content\">\n\t\t\t\t\n\t\t\t\t<h2 class=\"elementor-cta__title elementor-cta__content-item elementor-content-item\">Sandv\u00edk - Grindav\u00edk<\/h2>\n\t\t\t\t\n\t\t\t\t\t\t\t\t\t<div class=\"elementor-cta__button-wrapper elementor-cta__content-item elementor-content-item \">\n\t\t\t\t\t<a class=\"elementor-cta__button elementor-button elementor-size-sm\" href=\"https:\/\/reykjanesgeopark.is\/is\/fuglaskodun\/sandvik-grindavik\/\">\n\t\t\t\t\t\tSmelltu h\u00e9r\t\t\t\t\t<\/a>\n\t\t\t\t\t<\/div>\n\t\t\t\t\t\t\t<\/div>\n\t\t\t\t\t\t<\/div>\n\t\t\t\t<\/div>\n\t\t\t\t<\/div>\n\t\t\t\t\t\t<\/div>\n\t\t\t\t\t<\/div>\n\t\t<\/div>\n\t\t\t\t<div class=\"elementor-column elementor-col-25 elementor-top-column elementor-element elementor-element-df2ab66\" data-id=\"df2ab66\" data-element_type=\"column\">\n\t\t\t<div class=\"elementor-column-wrap elementor-element-populated\">\n\t\t\t\t\t\t\t<div class=\"elementor-widget-wrap\">\n\t\t\t\t\t\t<div class=\"elementor-element elementor-element-c4f7e1b elementor-cta--skin-classic elementor-animated-content elementor-bg-transform elementor-bg-transform-zoom-in elementor-widget elementor-widget-call-to-action\" data-id=\"c4f7e1b\" data-element_type=\"widget\" data-widget_type=\"call-to-action.default\">\n\t\t\t\t<div class=\"elementor-widget-container\">\n\t\t\t\t\t<div class=\"elementor-cta\">\n\t\t\t\t\t<div class=\"elementor-cta__bg-wrapper\">\n\t\t\t\t<div class=\"elementor-cta__bg elementor-bg\" style=\"background-image: url(https:\/\/geopark.viska.dev\/wp-content\/uploads\/2022\/05\/fkuiugcdezleqvn4z4ff-1024x682.png);\"><\/div>\n\t\t\t\t<div class=\"elementor-cta__bg-overlay\"><\/div>\n\t\t\t<\/div>\n\t\t\t\t\t\t\t<div class=\"elementor-cta__content\">\n\t\t\t\t\n\t\t\t\t<h2 class=\"elementor-cta__title elementor-cta__content-item elementor-content-item\">Vatnsleysustr\u00f6nd - Reykjanesb\u00e6r<\/h2>\n\t\t\t\t\n\t\t\t\t\t\t\t\t\t<div class=\"elementor-cta__button-wrapper elementor-cta__content-item elementor-content-item \">\n\t\t\t\t\t<a class=\"elementor-cta__button elementor-button elementor-size-sm\" href=\"https:\/\/reykjanesgeopark.is\/is\/fuglaskodun\/vatnsleysustrond-reykjanesbaer\/\">\n\t\t\t\t\t\tSmelltu h\u00e9r\t\t\t\t\t<\/a>\n\t\t\t\t\t<\/div>\n\t\t\t\t\t\t\t<\/div>\n\t\t\t\t\t\t<\/div>\n\t\t\t\t<\/div>\n\t\t\t\t<\/div>\n\t\t\t\t\t\t<\/div>\n\t\t\t\t\t<\/div>\n\t\t<\/div>\n\t\t\t\t\t\t\t\t<\/div>\n\t\t\t\t\t<\/div>\n\t\t<\/section>\n\t\t\t\t\t\t\t\t\t<\/div>\n\t\t\t<\/div>\n\t\t\t\t\t<\/div>\n\t\t","protected":false},"excerpt":{"rendered":"<p>Previous Next \u00deessi s\u00ed\u00f0a s\u00fdnir helstu fuglasko\u00f0unarsta\u00f0i \u00e1 Reykjanesi, hvar sjaldg\u00e6fari tegundir er a\u00f0 finna og uppl\u00fdsingar um a\u00f0gengi a\u00f0 sko\u00f0unarst\u00f6\u00f0um. L\u00edti\u00f0 er fjalla\u00f0 um au\u00f0fundna sta\u00f0i \u00fear sem h\u00e6gt er a\u00f0 sj\u00e1 algengar tegundir svo sem \u00fe\u00fafutittlinga e\u00f0a hei\u00f0l\u00f3ur, heldur er einbl\u00ednt \u00e1 sta\u00f0i \u00fear sem au\u00f0velt er a\u00f0 sj\u00e1 sjaldg\u00e6fari fugla. Reykjanesi\u00f0 er &hellip;<\/p>\n<p class=\"read-more\"> <a class=\"\" href=\"https:\/\/geopark.viska.dev\/is\/fuglaskodun\/\"> <span class=\"screen-reader-text\">Fuglasko\u00f0unarsta\u00f0ir<\/span> Read More &raquo;<\/a><\/p>\n","protected":false},"author":6,"featured_media":0,"parent":0,"menu_order":0,"comment_status":"closed","ping_status":"closed","template":"elementor_header_footer","meta":{"inline_featured_image":false,"_mi_skip_tracking":false,"site-sidebar-layout":"no-sidebar","site-content-layout":"page-builder","ast-global-header-display":"","ast-main-header-display":"","ast-hfb-above-header-display":"","ast-hfb-below-header-display":"","ast-hfb-mobile-header-display":"","site-post-title":"disabled","ast-breadcrumbs-content":"","ast-featured-img":"disabled","footer-sml-layout":"","theme-transparent-header-meta":"default","adv-header-id-meta":"","stick-header-meta":"","header-above-stick-meta":"","header-main-stick-meta":"","header-below-stick-meta":""},"_links":{"self":[{"href":"https:\/\/geopark.viska.dev\/is\/wp-json\/wp\/v2\/pages\/2851"}],"collection":[{"href":"https:\/\/geopark.viska.dev\/is\/wp-json\/wp\/v2\/pages"}],"about":[{"href":"https:\/\/geopark.viska.dev\/is\/wp-json\/wp\/v2\/types\/page"}],"author":[{"embeddable":true,"href":"https:\/\/geopark.viska.dev\/is\/wp-json\/wp\/v2\/users\/6"}],"replies":[{"embeddable":true,"href":"https:\/\/geopark.viska.dev\/is\/wp-json\/wp\/v2\/comments?post=2851"}],"version-history":[{"count":32,"href":"https:\/\/geopark.viska.dev\/is\/wp-json\/wp\/v2\/pages\/2851\/revisions"}],"predecessor-version":[{"id":2954,"href":"https:\/\/geopark.viska.dev\/is\/wp-json\/wp\/v2\/pages\/2851\/revisions\/2954"}],"wp:attachment":[{"href":"https:\/\/geopark.viska.dev\/is\/wp-json\/wp\/v2\/media?parent=2851"}],"curies":[{"name":"wp","href":"https:\/\/api.w.org\/{rel}","templated":true}]}}