{"id":1893,"date":"2021-02-11T16:48:02","date_gmt":"2021-02-11T16:48:02","guid":{"rendered":"https:\/\/geopark.viska.dev\/?page_id=1893"},"modified":"2021-12-03T11:58:34","modified_gmt":"2021-12-03T11:58:34","slug":"sarpur","status":"publish","type":"page","link":"https:\/\/geopark.viska.dev\/is\/sarpur\/","title":{"rendered":"Sarpur"},"content":{"rendered":"\t\t<div data-elementor-type=\"wp-page\" data-elementor-id=\"1893\" class=\"elementor elementor-1893\">\n\t\t\t\t\t\t<div class=\"elementor-inner\">\n\t\t\t\t<div class=\"elementor-section-wrap\">\n\t\t\t\t\t\t\t\t\t<section class=\"elementor-section elementor-top-section elementor-element elementor-element-d05e476 elementor-section-boxed elementor-section-height-default elementor-section-height-default\" data-id=\"d05e476\" data-element_type=\"section\" data-settings=\"{&quot;background_background&quot;:&quot;classic&quot;}\">\n\t\t\t\t\t\t<div class=\"elementor-container elementor-column-gap-default\">\n\t\t\t\t\t\t\t<div class=\"elementor-row\">\n\t\t\t\t\t<div class=\"elementor-column elementor-col-50 elementor-top-column elementor-element elementor-element-5801a63\" data-id=\"5801a63\" data-element_type=\"column\">\n\t\t\t<div class=\"elementor-column-wrap elementor-element-populated\">\n\t\t\t\t\t\t\t<div class=\"elementor-widget-wrap\">\n\t\t\t\t\t\t<div class=\"elementor-element elementor-element-28b6134 elementor-widget elementor-widget-heading\" data-id=\"28b6134\" data-element_type=\"widget\" data-widget_type=\"heading.default\">\n\t\t\t\t<div class=\"elementor-widget-container\">\n\t\t\t<h2 class=\"elementor-heading-title elementor-size-default\">Publications<\/h2>\t\t<\/div>\n\t\t\t\t<\/div>\n\t\t\t\t<div class=\"elementor-element elementor-element-5437093 elementor-widget elementor-widget-text-editor\" data-id=\"5437093\" data-element_type=\"widget\" data-widget_type=\"text-editor.default\">\n\t\t\t\t<div class=\"elementor-widget-container\">\n\t\t\t\t\t\t\t\t<div class=\"elementor-text-editor elementor-clearfix\">\n\t\t\t\t<p>Here you\u2018ll find various publications and documents regarding Reykjanes Geopark<\/p>\t\t\t\t\t<\/div>\n\t\t\t\t\t\t<\/div>\n\t\t\t\t<\/div>\n\t\t\t\t\t\t<\/div>\n\t\t\t\t\t<\/div>\n\t\t<\/div>\n\t\t\t\t<div class=\"elementor-column elementor-col-50 elementor-top-column elementor-element elementor-element-a1d4e2d\" data-id=\"a1d4e2d\" data-element_type=\"column\">\n\t\t\t<div class=\"elementor-column-wrap\">\n\t\t\t\t\t\t\t<div class=\"elementor-widget-wrap\">\n\t\t\t\t\t\t\t\t<\/div>\n\t\t\t\t\t<\/div>\n\t\t<\/div>\n\t\t\t\t\t\t\t\t<\/div>\n\t\t\t\t\t<\/div>\n\t\t<\/section>\n\t\t\t\t<section class=\"elementor-section elementor-top-section elementor-element elementor-element-24407f5 elementor-section-boxed elementor-section-height-default elementor-section-height-default\" data-id=\"24407f5\" data-element_type=\"section\">\n\t\t\t\t\t\t<div class=\"elementor-container elementor-column-gap-default\">\n\t\t\t\t\t\t\t<div class=\"elementor-row\">\n\t\t\t\t\t<div class=\"elementor-column elementor-col-100 elementor-top-column elementor-element elementor-element-5362fb1\" data-id=\"5362fb1\" data-element_type=\"column\">\n\t\t\t<div class=\"elementor-column-wrap elementor-element-populated\">\n\t\t\t\t\t\t\t<div class=\"elementor-widget-wrap\">\n\t\t\t\t\t\t<div class=\"elementor-element elementor-element-854bbe3 elementor-grid-tablet-2 elementor-grid-mobile-1 elementor-grid-3 elementor-widget elementor-widget-geopark-sarpur\" data-id=\"854bbe3\" data-element_type=\"widget\" data-settings=\"{&quot;columns_tablet&quot;:&quot;2&quot;,&quot;columns_mobile&quot;:&quot;1&quot;,&quot;columns&quot;:&quot;3&quot;}\" data-widget_type=\"geopark-sarpur.default\">\n\t\t\t\t<div class=\"elementor-widget-container\">\n\t\t\t\t\t<div class=\"geopark-posts-wrap\">\n\t\t\t<div class=\"geopark-post-filters-container\">\n\t\t\t\t\t\t<div class=\"geopark-post-filters-wrap\">\n\t\t\t<div class=\"geopark-search-filter sarpur-search\">\n\t\t\t\t<input type=\"text\" class=\"quicksearch\" id=\"searchterm\" placeholder=\"LEIT\" \/>\n\t\t\t<\/div>\n\t\t\t<div class=\"sarpur-filters\">\n\t\t\t\t<div class=\"geopark-region-filter\">\n\t\t\t\t\t<select class=\"geopark-region-filters\">\n\t\t\t\t\t\t<option value=\"*\">SV\u00c6\u00d0I<\/option>\n\t\t\t\t\t\t\t\t\t\t\t<\/select>\n\t\t\t\t<\/div>\n\n\t\t\t\t<div class=\"geopark-content-type-filter\">\n\t\t\t\t\t<select class=\"geopark-content-type-filters\">\n\t\t\t\t\t\t<option value=\"*\">tegund efnis<\/option>\n\t\t\t\t\t\t\t\t\t\t\t\t\t<option value=\".stjornarfundir\">Stj\u00f3rnarfundir<\/option>\n\t\t\t\t\t\t\t\t\t\t\t<\/select>\n\t\t\t\t<\/div>\n\t\t\t\t<div class=\"geopark-document-type-filter\">\n\t\t\t\t\t<select class=\"geopark-document-type-filters\">\n\n\t\t\t\t\t\t<option value=\"*\">geR\u00d0 skjals<\/option>\n\t\t\t\t\t\t<option value=\"doc\">DOC<\/option>\n\t\t\t\t\t\t<option value=\"pdf\">PDF<\/option>\n\t\t\t\t\t<\/select>\n\t\t\t\t<\/div>\n\t\t\t\t<div class=\"geopark-sarpur-button-wrap\">\n\t\t\t\t\t<div class=\"geopark-sarpur-filters-button geopark-filter-button elementor-button elementor-size-sm\">Search<\/div>\n\t\t\t\t<\/div>\n\t\t\t<\/div>\n\t\t<\/div>\n\t\t\t\t<\/div>\n\n\t\t\t<div class=\"geopark-posts-container\">\n\t\t\t\t<div class=\"geopark-posts geopark-sarpur geopark-elementor-grid geopark-posts-skin-854bbe3 pp-elementor-grid geopark-posts-grid geopark-posts-infinite-scroll\" data-page=\"1893\" data-skin=\"854bbe3\">\n\t\t\t\t\t\t\t<div class=\"geopark-grid-item-wrap\">\n\t\t\t<div class=\"sarpur-post geopark-grid-item\">\n\t\t\t\t<a class=\"geopark-sarpur-link\" href=\"https:\/\/geopark.viska.dev\/wp-content\/uploads\/2021\/02\/2013.05.07_Fundur-stjornar-RGP-nr-6.pdf\" target=\"_blank\"><\/a>\n\t\t\t\t\t\t\t<div class=\"geopark-post-thumbnail\">\n\t\t\t\t<img src=\"https:\/\/geopark.viska.dev\/wp-content\/plugins\/geopark-elementor-widgets\/assets\/images\/pdf.svg\">\n\t\t\t<\/div>\n\t\t\t\t\t\t<div class=\"geopark-post-content\">\n\n\t\t\t\t\t\t\t<div class=\"geopark-post-title\">\n\t\t\tFundur stj\u00f3rnar nr 6\t\t<\/div>\n\t\t\n\t\t\t\t\t<div class=\"geopark-read-more\">\n\t\t\t\t\t\t<img src=\"https:\/\/geopark.viska.dev\/wp-content\/plugins\/geopark-elementor-widgets\/assets\/images\/arrow.svg\">\n\t\t\t\t\t<\/div>\n\t\t\t\t<\/div>\n\t\t\t<\/div>\n\t\t<\/div>\n\t\t\t<div class=\"geopark-grid-item-wrap\">\n\t\t\t<div class=\"sarpur-post geopark-grid-item\">\n\t\t\t\t<a class=\"geopark-sarpur-link\" href=\"https:\/\/geopark.viska.dev\/wp-content\/uploads\/2021\/02\/2013.05.07_Fundur-stjornar-RGP-nr-5.pdf\" target=\"_blank\"><\/a>\n\t\t\t\t\t\t\t<div class=\"geopark-post-thumbnail\">\n\t\t\t\t<img src=\"https:\/\/geopark.viska.dev\/wp-content\/plugins\/geopark-elementor-widgets\/assets\/images\/pdf.svg\">\n\t\t\t<\/div>\n\t\t\t\t\t\t<div class=\"geopark-post-content\">\n\n\t\t\t\t\t\t\t<div class=\"geopark-post-title\">\n\t\t\tFundur stj\u00f3rnar nr 5\t\t<\/div>\n\t\t\n\t\t\t\t\t<div class=\"geopark-read-more\">\n\t\t\t\t\t\t<img src=\"https:\/\/geopark.viska.dev\/wp-content\/plugins\/geopark-elementor-widgets\/assets\/images\/arrow.svg\">\n\t\t\t\t\t<\/div>\n\t\t\t\t<\/div>\n\t\t\t<\/div>\n\t\t<\/div>\n\t\t\t<div class=\"geopark-grid-item-wrap\">\n\t\t\t<div class=\"sarpur-post geopark-grid-item\">\n\t\t\t\t<a class=\"geopark-sarpur-link\" href=\"https:\/\/geopark.viska.dev\/wp-content\/uploads\/2021\/02\/2013.04.05_Fundur-stjornar-RGP-nr-4.pdf\" target=\"_blank\"><\/a>\n\t\t\t\t\t\t\t<div class=\"geopark-post-thumbnail\">\n\t\t\t\t<img src=\"https:\/\/geopark.viska.dev\/wp-content\/plugins\/geopark-elementor-widgets\/assets\/images\/pdf.svg\">\n\t\t\t<\/div>\n\t\t\t\t\t\t<div class=\"geopark-post-content\">\n\n\t\t\t\t\t\t\t<div class=\"geopark-post-title\">\n\t\t\tFundur stj\u00f3rnar nr 4\t\t<\/div>\n\t\t\n\t\t\t\t\t<div class=\"geopark-read-more\">\n\t\t\t\t\t\t<img src=\"https:\/\/geopark.viska.dev\/wp-content\/plugins\/geopark-elementor-widgets\/assets\/images\/arrow.svg\">\n\t\t\t\t\t<\/div>\n\t\t\t\t<\/div>\n\t\t\t<\/div>\n\t\t<\/div>\n\t\t\t<div class=\"geopark-grid-item-wrap\">\n\t\t\t<div class=\"sarpur-post geopark-grid-item\">\n\t\t\t\t<a class=\"geopark-sarpur-link\" href=\"https:\/\/geopark.viska.dev\/wp-content\/uploads\/2021\/02\/2013.03.01_Fundur-stjornar-RGP-nr-3.pdf\" target=\"_blank\"><\/a>\n\t\t\t\t\t\t\t<div class=\"geopark-post-thumbnail\">\n\t\t\t\t<img src=\"https:\/\/geopark.viska.dev\/wp-content\/plugins\/geopark-elementor-widgets\/assets\/images\/pdf.svg\">\n\t\t\t<\/div>\n\t\t\t\t\t\t<div class=\"geopark-post-content\">\n\n\t\t\t\t\t\t\t<div class=\"geopark-post-title\">\n\t\t\tFundur stj\u00f3rnar nr 3\t\t<\/div>\n\t\t\n\t\t\t\t\t<div class=\"geopark-read-more\">\n\t\t\t\t\t\t<img src=\"https:\/\/geopark.viska.dev\/wp-content\/plugins\/geopark-elementor-widgets\/assets\/images\/arrow.svg\">\n\t\t\t\t\t<\/div>\n\t\t\t\t<\/div>\n\t\t\t<\/div>\n\t\t<\/div>\n\t\t\t<div class=\"geopark-grid-item-wrap\">\n\t\t\t<div class=\"sarpur-post geopark-grid-item\">\n\t\t\t\t<a class=\"geopark-sarpur-link\" href=\"https:\/\/geopark.viska.dev\/wp-content\/uploads\/2021\/02\/2013.01.18_Fundur-stjornar-RGP-nr-2.pdf\" target=\"_blank\"><\/a>\n\t\t\t\t\t\t\t<div class=\"geopark-post-thumbnail\">\n\t\t\t\t<img src=\"https:\/\/geopark.viska.dev\/wp-content\/plugins\/geopark-elementor-widgets\/assets\/images\/pdf.svg\">\n\t\t\t<\/div>\n\t\t\t\t\t\t<div class=\"geopark-post-content\">\n\n\t\t\t\t\t\t\t<div class=\"geopark-post-title\">\n\t\t\tFundur stj\u00f3rnar 2\t\t<\/div>\n\t\t\n\t\t\t\t\t<div class=\"geopark-read-more\">\n\t\t\t\t\t\t<img src=\"https:\/\/geopark.viska.dev\/wp-content\/plugins\/geopark-elementor-widgets\/assets\/images\/arrow.svg\">\n\t\t\t\t\t<\/div>\n\t\t\t\t<\/div>\n\t\t\t<\/div>\n\t\t<\/div>\n\t\t\t<div class=\"geopark-grid-item-wrap\">\n\t\t\t<div class=\"sarpur-post geopark-grid-item\">\n\t\t\t\t<a class=\"geopark-sarpur-link\" href=\"https:\/\/geopark.viska.dev\/wp-content\/uploads\/2020\/01\/2012.11.19_Fundur-stjornar-RGP-nr-1.pdf\" target=\"_blank\"><\/a>\n\t\t\t\t\t\t\t<div class=\"geopark-post-thumbnail\">\n\t\t\t\t<img src=\"https:\/\/geopark.viska.dev\/wp-content\/plugins\/geopark-elementor-widgets\/assets\/images\/pdf.svg\">\n\t\t\t<\/div>\n\t\t\t\t\t\t<div class=\"geopark-post-content\">\n\n\t\t\t\t\t\t\t<div class=\"geopark-post-title\">\n\t\t\tFundur stj\u00f3rnar nr 1\t\t<\/div>\n\t\t\n\t\t\t\t\t<div class=\"geopark-read-more\">\n\t\t\t\t\t\t<img src=\"https:\/\/geopark.viska.dev\/wp-content\/plugins\/geopark-elementor-widgets\/assets\/images\/arrow.svg\">\n\t\t\t\t\t<\/div>\n\t\t\t\t<\/div>\n\t\t\t<\/div>\n\t\t<\/div>\n\t\t\t\t\t<\/div>\n\t\t\t\t\t\t\t\t\t<div class=\"geopark-posts-loader\"><\/div>\n\t\t\t\t\t\t\t<\/div>\n\t\t<\/div>\n\t\t\t\t\t<div class=\"geopark-posts-pagination-wrap geopark-posts-infinite-scroll\" data-total=\"1\">\n\t\t\t\t\t\t\t\t\t\t\t<\/div>\n\t\t\t\t<\/div>\n\t\t\t\t<\/div>\n\t\t\t\t\t\t<\/div>\n\t\t\t\t\t<\/div>\n\t\t<\/div>\n\t\t\t\t\t\t\t\t<\/div>\n\t\t\t\t\t<\/div>\n\t\t<\/section>\n\t\t\t\t\t\t\t\t\t<\/div>\n\t\t\t<\/div>\n\t\t\t\t\t<\/div>\n\t\t","protected":false},"excerpt":{"rendered":"<p>Publications Here you\u2018ll find various publications and documents regarding Reykjanes Geopark SV\u00c6\u00d0IicelandReykjavik tegund efnisApplicationBookingTourism geR\u00d0 skjalsDOCPDF Search Quidam Au Ex Conspiratione main aurem urnapraesent Querelas vulputate muspellentesque quidem hendrerit Temptasse posticas Vel Galli erat gentilitateque Di It culmen maecenas mortalis Augusti noscere formido Assum Tempor relaturi Megaera inpendio erosin vel so Laoreetphasellus den platea<\/p>\n","protected":false},"author":2,"featured_media":0,"parent":0,"menu_order":0,"comment_status":"closed","ping_status":"closed","template":"elementor_header_footer","meta":{"inline_featured_image":false,"_mi_skip_tracking":false,"site-sidebar-layout":"no-sidebar","site-content-layout":"page-builder","ast-global-header-display":"","ast-main-header-display":"","ast-hfb-above-header-display":"","ast-hfb-below-header-display":"","ast-hfb-mobile-header-display":"","site-post-title":"disabled","ast-breadcrumbs-content":"","ast-featured-img":"disabled","footer-sml-layout":"","theme-transparent-header-meta":"default","adv-header-id-meta":"","stick-header-meta":"","header-above-stick-meta":"","header-main-stick-meta":"","header-below-stick-meta":""},"_links":{"self":[{"href":"https:\/\/geopark.viska.dev\/is\/wp-json\/wp\/v2\/pages\/1893"}],"collection":[{"href":"https:\/\/geopark.viska.dev\/is\/wp-json\/wp\/v2\/pages"}],"about":[{"href":"https:\/\/geopark.viska.dev\/is\/wp-json\/wp\/v2\/types\/page"}],"author":[{"embeddable":true,"href":"https:\/\/geopark.viska.dev\/is\/wp-json\/wp\/v2\/users\/2"}],"replies":[{"embeddable":true,"href":"https:\/\/geopark.viska.dev\/is\/wp-json\/wp\/v2\/comments?post=1893"}],"version-history":[{"count":2,"href":"https:\/\/geopark.viska.dev\/is\/wp-json\/wp\/v2\/pages\/1893\/revisions"}],"predecessor-version":[{"id":1896,"href":"https:\/\/geopark.viska.dev\/is\/wp-json\/wp\/v2\/pages\/1893\/revisions\/1896"}],"wp:attachment":[{"href":"https:\/\/geopark.viska.dev\/is\/wp-json\/wp\/v2\/media?parent=1893"}],"curies":[{"name":"wp","href":"https:\/\/api.w.org\/{rel}","templated":true}]}}