{"id":1448,"date":"2019-11-01T11:13:49","date_gmt":"2019-11-01T11:13:49","guid":{"rendered":"https:\/\/geopark.viska.dev\/reykjanes-geopark\/"},"modified":"2021-12-03T11:26:50","modified_gmt":"2021-12-03T11:26:50","slug":"umokkur","status":"publish","type":"page","link":"https:\/\/geopark.viska.dev\/is\/umokkur\/","title":{"rendered":"Um  okkur"},"content":{"rendered":"\t\t<div data-elementor-type=\"wp-page\" data-elementor-id=\"1448\" class=\"elementor elementor-1448\">\n\t\t\t\t\t\t<div class=\"elementor-inner\">\n\t\t\t\t<div class=\"elementor-section-wrap\">\n\t\t\t\t\t\t\t\t\t<section class=\"elementor-section elementor-top-section elementor-element elementor-element-070fbfc elementor-section-boxed elementor-section-height-default elementor-section-height-default\" data-id=\"070fbfc\" data-element_type=\"section\" data-settings=\"{&quot;background_background&quot;:&quot;classic&quot;}\">\n\t\t\t\t\t\t<div class=\"elementor-container elementor-column-gap-default\">\n\t\t\t\t\t\t\t<div class=\"elementor-row\">\n\t\t\t\t\t<div class=\"elementor-column elementor-col-100 elementor-top-column elementor-element elementor-element-506248a\" data-id=\"506248a\" data-element_type=\"column\">\n\t\t\t<div class=\"elementor-column-wrap elementor-element-populated\">\n\t\t\t\t\t\t\t<div class=\"elementor-widget-wrap\">\n\t\t\t\t\t\t\t\t<\/div>\n\t\t\t\t\t<\/div>\n\t\t<\/div>\n\t\t\t\t\t\t\t\t<\/div>\n\t\t\t\t\t<\/div>\n\t\t<\/section>\n\t\t\t\t<section class=\"elementor-section elementor-top-section elementor-element elementor-element-9886485 elementor-section-boxed elementor-section-height-default elementor-section-height-default\" data-id=\"9886485\" data-element_type=\"section\">\n\t\t\t\t\t\t<div class=\"elementor-container elementor-column-gap-default\">\n\t\t\t\t\t\t\t<div class=\"elementor-row\">\n\t\t\t\t\t<div class=\"elementor-column elementor-col-100 elementor-top-column elementor-element elementor-element-982a089\" data-id=\"982a089\" data-element_type=\"column\">\n\t\t\t<div class=\"elementor-column-wrap elementor-element-populated\">\n\t\t\t\t\t\t\t<div class=\"elementor-widget-wrap\">\n\t\t\t\t\t\t<div class=\"elementor-element elementor-element-d5ea760 elementor-widget elementor-widget-pp-advanced-tabs\" data-id=\"d5ea760\" data-element_type=\"widget\" data-widget_type=\"pp-advanced-tabs.default\">\n\t\t\t\t<div class=\"elementor-widget-container\">\n\t\t\t\t\t<div class=\"pp-advanced-tabs pp-style-0 pp-tabs-responsive-tablet pp-advabced-tabs-responsive\" role=\"tablist\">\n\t\t\t<div class=\"pp-advanced-tabs-wrapper pp-tabs-labels at-vertical  at-no-hover\">\n\t\t\t\t\t\t\t\t\t\t\t<div id=\"pp-advanced-tabs-title-2241\" class=\"pp-advanced-tabs-title pp-tabs-label pp-advanced-tabs-desktop-title pp-tab-active\" data-tab=\"1\" data-index=\"2241\" tabindex=\"0\" role=\"tab\" aria-controls=\"pp-advanced-tabs-content-2241\">\n\n\t\t\t\t\t\t\t\t\n\t\t\t\t\t\t\t\t<span class=\"pp-advanced-tabs-title-text\">L\u00edfr\u00edki<\/span>\n\t\t\t\t\t\t\t\t\t\t\t\t\t\t\t<\/div>\n\t\t\t\t\t\t\t\t\t\t\t\t\t<div id=\"pp-advanced-tabs-title-2242\" class=\"pp-advanced-tabs-title pp-tabs-label pp-advanced-tabs-desktop-title \" data-tab=\"2\" data-index=\"2242\" tabindex=\"0\" role=\"tab\" aria-controls=\"pp-advanced-tabs-content-2242\">\n\n\t\t\t\t\t\t\t\t\n\t\t\t\t\t\t\t\t<span class=\"pp-advanced-tabs-title-text\">Jar\u00f0fr\u00e6\u00f0i og landslag<\/span>\n\t\t\t\t\t\t\t\t\t\t\t\t\t\t\t<\/div>\n\t\t\t\t\t\t\t\t\t\t\t\t\t<div id=\"pp-advanced-tabs-title-2243\" class=\"pp-advanced-tabs-title pp-tabs-label pp-advanced-tabs-desktop-title \" data-tab=\"3\" data-index=\"2243\" tabindex=\"0\" role=\"tab\" aria-controls=\"pp-advanced-tabs-content-2243\">\n\n\t\t\t\t\t\t\t\t\n\t\t\t\t\t\t\t\t<span class=\"pp-advanced-tabs-title-text\">F\u00f3lki\u00f0<\/span>\n\t\t\t\t\t\t\t\t\t\t\t\t\t\t\t<\/div>\n\t\t\t\t\t\t\t\t\t\t\t\t\t<div id=\"pp-advanced-tabs-title-2244\" class=\"pp-advanced-tabs-title pp-tabs-label pp-advanced-tabs-desktop-title \" data-tab=\"4\" data-index=\"2244\" tabindex=\"0\" role=\"tab\" aria-controls=\"pp-advanced-tabs-content-2244\">\n\n\t\t\t\t\t\t\t\t\n\t\t\t\t\t\t\t\t<span class=\"pp-advanced-tabs-title-text\">Geopark fyrirt\u00e6ki<\/span>\n\t\t\t\t\t\t\t\t\t\t\t\t\t\t\t<\/div>\n\t\t\t\t\t\t\t\t\t<\/div>\n\t\t\t<div class=\"pp-advanced-tabs-content-wrapper pp-tabs-panels at-vertical-content\">\n\t\t\t\t\t\t\t\t\t<div class=\"pp-tabs-panel\">\n\t\t\t\t\t<div class=\"pp-advanced-tabs-title pp-tabs-label pp-tab-responsive pp-tab-active at-no-hover\" data-index =\"2241\">\n\t\t\t\t\t\t<div class=\"pp-advanced-tabs-title-inner\">\n\t\t\t\t\t\t\t\n\t\t\t\t\t\t\t<span class=\"pp-advanced-tabs-title-text\">L\u00edfr\u00edki<\/span>\n\t\t\t\t\t\t\t<i class=\"pp-toggle-icon pp-tab-open fa\"><\/i>\n\t\t\t\t\t\t<\/div>\n\t\t\t\t\t<\/div>\n\t\t\t\t\t<div id=\"pp-advanced-tabs-content-2241\" class=\"pp-advanced-tabs-content elementor-clearfix pp-advanced-tabs-tab_content pp-tab-active\" data-tab=\"1\" data-index=\"2241\" role=\"tabpanel\" aria-labelledby=\"pp-advanced-tabs-title-2241\">\n\t\t\t\t\t\t<h2>L\u00edfr\u00edki<\/h2><p>\u00c1 Reykjanesskaga ber mest \u00e1 fuglum, refum og selum. M\u00f3fuglar eru algengir og v\u00ed\u00f0a m\u00e1 finna fugla \u00ed sj\u00e1varbj\u00f6rgum. \u00c1 flatlendi verpa m\u00e1var og kr\u00edur. Me\u00f0al annarra varpfugla eru steindeplar og l\u00f3ur, og \u00fdmsir sund- og va\u00f0fuglar en me\u00f0al r\u00e1nfugla m\u00e1 sj\u00e1 b\u00e6\u00f0i hrafna, f\u00e1lka, smyrla og kj\u00f3a.<\/p><p>Landb\u00fana\u00f0ur var mikilv\u00e6gur atvinnuvegur \u00e1 Reykjanesi. \u00de\u00e1 voru \u00fear hjar\u00f0ir h\u00fasd\u00fdra, einkum sau\u00f0f\u00e9, en \u00fe\u00e6r eru n\u00fa horfnar.<\/p><p>Ve\u00f0urfari\u00f0 einkennist af t\u00f6luvert mikilli \u00farkomu, vindas\u00f6mum d\u00f6gum og h\u00e1um me\u00f0al\u00e1rshita. Hr\u00f6\u00f0 upphle\u00f0sla jar\u00f0laga og ve\u00f0urfar hafa leitt til \u00f3l\u00edkra vistkerfa, fr\u00e1 afar f\u00e1breyttum og har\u00f0ger\u00f0um gr\u00f3\u00f0ri \u00ed sandi og hrauni til hei\u00f0a- og kjarrgr\u00f3\u00f0urs \u00e1 skj\u00f3ls\u00e6lum st\u00f6\u00f0um.<\/p><p><\/p>\t\t\t\t\t<\/div>\n\t\t\t\t\t<\/div>\n\t\t\t\t\t\t\t\t\t<div class=\"pp-tabs-panel\">\n\t\t\t\t\t<div class=\"pp-advanced-tabs-title pp-tabs-label pp-tab-responsive  at-no-hover\" data-index =\"2242\">\n\t\t\t\t\t\t<div class=\"pp-advanced-tabs-title-inner\">\n\t\t\t\t\t\t\t\n\t\t\t\t\t\t\t<span class=\"pp-advanced-tabs-title-text\">Jar\u00f0fr\u00e6\u00f0i og landslag<\/span>\n\t\t\t\t\t\t\t<i class=\"pp-toggle-icon pp-tab-open fa\"><\/i>\n\t\t\t\t\t\t<\/div>\n\t\t\t\t\t<\/div>\n\t\t\t\t\t<div id=\"pp-advanced-tabs-content-2242\" class=\"pp-advanced-tabs-content elementor-clearfix pp-advanced-tabs-tab_content \" data-tab=\"2\" data-index=\"2242\" role=\"tabpanel\" aria-labelledby=\"pp-advanced-tabs-title-2242\">\n\t\t\t\t\t\t<p>Reykjanesskaginn er ungur hluti \u00cdslands, um 2.000 ferkm a\u00f0 flatarm\u00e1li. Hann er \u00feurrlendishluti Mi\u00f0- Atlantshafshryggjarnins, mj\u00f6g eldvirkur eins og ne\u00f0ansj\u00e1varhlutinn. \u00dat fr\u00e1 honum rekur tv\u00e6r jar\u00f0skorpupl\u00f6tur (-fleka) \u00ed gagnst\u00e6\u00f0ar \u00e1ttir, a\u00f0 me\u00f0altali 2,0-2,5 cm \u00e1 \u00e1ri.<br \/>\u00c1 skaganum er a\u00f0 finna m\u00f6rg m\u00f3bergsfj\u00f6ll og -fell fr\u00e1 j\u00f6kulskei\u00f0um \u00e1 s\u00ed\u00f0ari hluta kvarteru \u00edsaldarinnar, og enn fremur hraun og eldst\u00f6\u00f0var af hl\u00fdskei\u00f0um, einkum n\u00fat\u00edma (sl. 11.500 \u00e1r).<br \/>Fj\u00f6gur \u00edl\u00f6ng eldst\u00f6\u00f0va- og sprungukerfi skera skagann, fr\u00e1 SV til NA, me\u00f0 opnum sprungum, siggengjum, h\u00e1hitasv\u00e6\u00f0um og gossprungum, me\u00f0 g\u00edgum \u00far gjalli og hraunkleprum. Margar, misst\u00f3rar hraundyngjur hafa myndast \u00ed kerfunum, sumar \u00far frumst\u00e6\u00f0ri kviku \u00far m\u00f6ttli jar\u00f0ar (pikr\u00edt\u00ed). Eldsumbrot eru \u00feekkt \u00ed \u00feremur vestustu eldst\u00f6\u00f0vakerfunum, \u00ed l\u00f6ngum hrinum, \u00e1 10\/11. \u00f6ld, 1151-1180 og 1210-1240.<\/p><p><\/p>\t\t\t\t\t<\/div>\n\t\t\t\t\t<\/div>\n\t\t\t\t\t\t\t\t\t<div class=\"pp-tabs-panel\">\n\t\t\t\t\t<div class=\"pp-advanced-tabs-title pp-tabs-label pp-tab-responsive  at-no-hover\" data-index =\"2243\">\n\t\t\t\t\t\t<div class=\"pp-advanced-tabs-title-inner\">\n\t\t\t\t\t\t\t\n\t\t\t\t\t\t\t<span class=\"pp-advanced-tabs-title-text\">F\u00f3lki\u00f0<\/span>\n\t\t\t\t\t\t\t<i class=\"pp-toggle-icon pp-tab-open fa\"><\/i>\n\t\t\t\t\t\t<\/div>\n\t\t\t\t\t<\/div>\n\t\t\t\t\t<div id=\"pp-advanced-tabs-content-2243\" class=\"pp-advanced-tabs-content elementor-clearfix pp-advanced-tabs-tab_content \" data-tab=\"3\" data-index=\"2243\" role=\"tabpanel\" aria-labelledby=\"pp-advanced-tabs-title-2243\">\n\t\t\t\t\t\t<p>Tali\u00f0 er a\u00f0 n\u00edu landn\u00e1msmenn hafi numi\u00f0 Reykjanesskaga \u00e1samt fj\u00f6lskyldum. Bygg\u00f0 \u00e1 Su\u00f0urnesjum hefur einkennst af n\u00e1l\u00e6g\u00f0 vi\u00f0 sj\u00f3 og fengs\u00e6l fiskimi\u00f0. V\u00ed\u00f0a m\u00e1 sj\u00e1 sl\u00f3\u00f0ir og v\u00f6r\u00f0ur \u00ed hrauninu sem marka aldagamlar \u00fej\u00f3\u00f0lei\u00f0ir sem \u00fej\u00f3nu\u00f0u f\u00f3lki \u00e1 fer\u00f0 til verst\u00f6\u00f0va. Mikil verslun var vi\u00f0 \u00fatlendinga \u00ed nokkrum h\u00f6fnum \u00e1 15.-19. \u00f6ld. Tv\u00e6r jar\u00f0varmavirkjanir eru reknar \u00e1 \u00e1 skaganum.<br \/>Bandar\u00edska NATO-herst\u00f6\u00f0in og flugv\u00f6llurinn vi\u00f0 Keflav\u00edk breyttu miklu um \u00fer\u00f3un atvinnul\u00edfs \u00e1 seinni hluta 20. aldar. Bl\u00e1a L\u00f3ni\u00f0 er einn eftirs\u00f3knarver\u00f0asti fer\u00f0amannasta\u00f0ur \u00cdslands.<\/p><p><\/p>\t\t\t\t\t<\/div>\n\t\t\t\t\t<\/div>\n\t\t\t\t\t\t\t\t\t<div class=\"pp-tabs-panel\">\n\t\t\t\t\t<div class=\"pp-advanced-tabs-title pp-tabs-label pp-tab-responsive  at-no-hover\" data-index =\"2244\">\n\t\t\t\t\t\t<div class=\"pp-advanced-tabs-title-inner\">\n\t\t\t\t\t\t\t\n\t\t\t\t\t\t\t<span class=\"pp-advanced-tabs-title-text\">Geopark fyrirt\u00e6ki<\/span>\n\t\t\t\t\t\t\t<i class=\"pp-toggle-icon pp-tab-open fa\"><\/i>\n\t\t\t\t\t\t<\/div>\n\t\t\t\t\t<\/div>\n\t\t\t\t\t<div id=\"pp-advanced-tabs-content-2244\" class=\"pp-advanced-tabs-content elementor-clearfix pp-advanced-tabs-tab_content \" data-tab=\"4\" data-index=\"2244\" role=\"tabpanel\" aria-labelledby=\"pp-advanced-tabs-title-2244\">\n\t\t\t\t\t\t<p><span style=\"font-weight: 400;\">V\u00f6rumerki\u00f0 Reykjanes UNESCO Global Geopark skiptir m\u00e1li fyrir fer\u00f0a\u00fej\u00f3nustuna innan sveitarf\u00e9lagamarka Grindav\u00edkurb\u00e6jar, Reykjanesb\u00e6jar, Sandger\u00f0isb\u00e6jar, Sveitarf\u00e9lagsins Gar\u00f0s og Sveitarf\u00e9lagsins Voga. \u00cd sameiningu geta fyrirt\u00e6ki \u00e1 sv\u00e6\u00f0inu gert v\u00f6rumerki\u00f0 enn ver\u00f0m\u00e6tara um lei\u00f0 og styrkt \u00edmynd s\u00edna.<\/span><\/p><p><b>*mynd*: RGP Veggskj\u00f6ldur<\/b><\/p><p><b>Merki Reykjanes UNESCO Global Geopark<\/b><\/p><p><span style=\"font-weight: 400;\">Fyrirt\u00e6ki innan marka geoparka um allan heim hafa t\u00e6kif\u00e6ri til \u00feess a\u00f0 nota merki \u00feeirra til \u00feess a\u00f0 kynna sig. Fyrirt\u00e6ki sem skrifa undir samning vi\u00f0 Reykjanes UNESCO Global Geopark f\u00e1 heimild til \u00feess a\u00f0 nota s\u00e9rhanna\u00f0 merki Reykjanes Geopark enda felast \u00ed undirskriftinni \u00e1herslur til n\u00e6stu \u00e1ra.<\/span><\/p><p><span style=\"font-weight: 400;\">Samningurinn byggir \u00e1 lei\u00f0beiningum fyrir notkun merkis EGN (European Geoparks Network) auk \u00feess sem reglurnar hafa veri\u00f0 sni\u00f0nar a\u00f0 a\u00f0st\u00e6\u00f0um \u00e1 Reykjanesi. \u00dear er kve\u00f0i\u00f0 \u00e1 um \u00feau skilyr\u00f0i sem fyrirt\u00e6ki \u00feurfa a\u00f0 uppfylla til \u00feess a\u00f0 nota v\u00f6rumerki\u00f0.<\/span><\/p><p><b>\u00c1vinningur \u00ed notkun merkis<\/b><\/p><p><span style=\"font-weight: 400;\">\u00c1vinningur fyrirt\u00e6kja af samstarfi vi\u00f0 Reykjanes Geopark er nokkur. \u00deannig hafa fyrirt\u00e6ki m\u00f6guleika \u00e1 a\u00f0 nota samstarfsmerki\u00f0 (Proud Partner of Reykjanes UNESCO Global Geopark) auk \u00feess a\u00f0 hafa a\u00f0gang a\u00f0 kynningar- og fr\u00e6\u00f0sluefni Reykjanes Geopark. Mikilv\u00e6gast er \u00fe\u00f3 a\u00f0 virk \u00fe\u00e1tttaka fyrirt\u00e6kja stu\u00f0lar a\u00f0 \u00fev\u00ed a\u00f0 vi\u00f0halda UNESCO tengingu vi\u00f0 sv\u00e6\u00f0i\u00f0 \u00e1 komandi \u00e1rum. Reykjanes Geopark mun kynna samstarfsfyrirt\u00e6ki\u00f0 \u00e1 sama h\u00e1tt og fyrirt\u00e6ki\u00f0 mun kynna Reykjanes Geopark.<\/span><\/p><p><span style=\"font-weight: 400;\">Um lei\u00f0 og fyrirt\u00e6ki \u00e1 sv\u00e6\u00f0inu sameinast um a\u00f0 nota merki Reykjanes UNESCO Global Geopark sem upprunamerkingu, styrkjum vi\u00f0 fer\u00f0a\u00fej\u00f3nustu og framlei\u00f0slu \u00e1 Reykjanesskaga.<\/span><\/p><p><b>Kostna\u00f0ur<\/b><\/p><p><span style=\"font-weight: 400;\">Samstarf vi\u00f0 Reykjanes Geopark um notkun v\u00f6rumerkisins er fyrirt\u00e6kjum a\u00f0 kostna\u00f0arlausu.<\/span><\/p><p><span style=\"font-weight: 400;\">N\u00e1nir uppl\u00fdsingar er h\u00e6gt a\u00f0 n\u00e1lgast gegnum netfangi\u00f0 info@reykjanesgeopark.is e\u00f0a \u00ed s\u00edma 420 3288.<\/span><\/p><p><\/p>\t\t\t\t\t<\/div>\n\t\t\t\t\t<\/div>\n\t\t\t\t\t\t\t<\/div>\n\t\t<\/div>\n\t\t\t\t<\/div>\n\t\t\t\t<\/div>\n\t\t\t\t\t\t<\/div>\n\t\t\t\t\t<\/div>\n\t\t<\/div>\n\t\t\t\t\t\t\t\t<\/div>\n\t\t\t\t\t<\/div>\n\t\t<\/section>\n\t\t\t\t<section class=\"elementor-section elementor-top-section elementor-element elementor-element-1c93cde elementor-section-boxed elementor-section-height-default elementor-section-height-default\" data-id=\"1c93cde\" data-element_type=\"section\">\n\t\t\t\t\t\t<div class=\"elementor-container elementor-column-gap-default\">\n\t\t\t\t\t\t\t<div class=\"elementor-row\">\n\t\t\t\t\t<div class=\"elementor-column elementor-col-100 elementor-top-column elementor-element elementor-element-974a61a\" data-id=\"974a61a\" data-element_type=\"column\">\n\t\t\t<div class=\"elementor-column-wrap elementor-element-populated\">\n\t\t\t\t\t\t\t<div class=\"elementor-widget-wrap\">\n\t\t\t\t\t\t<div class=\"elementor-element elementor-element-6432035 elementor-widget elementor-widget-widget-gallery\" data-id=\"6432035\" data-element_type=\"widget\" data-widget_type=\"widget-gallery.default\">\n\t\t\t\t<div class=\"elementor-widget-container\">\n\t\t\t\t\t\n\t\t<div class=\"geopark-image-gallery-container\">\n            <div class=\"geopark-image-gallery-wrapper\">\n                <div class=\"geopark-image-gallery geopark-elementor-grid geopark-image-gallery-masonry\">\n                            <div class=\"geopark-grid-item-wrap\">\n                            <div class=\"gallery-left-col\">\n                                    <div class=\"geopark-grid-item\" data-item-id=\"606\">\n                        <div class=\"geopark-gallery-thumbnail\" style=\"background-image:url('https:\/\/geopark.viska.dev\/wp-content\/uploads\/2019\/12\/photo1-1.png');\">\n                            <a data-elementor-open-lightbox=\"yes\" data-elementor-lightbox-slideshow=\"1448\" class=\"geopark-image-gallery-item-link\" href=\"https:\/\/geopark.viska.dev\/wp-content\/uploads\/2019\/12\/photo1-1.png\"><\/a>\n                        <\/div>\n                    <\/div>\n\n\n                                    <div class=\"geopark-grid-item\" data-item-id=\"607\">\n                        <div class=\"geopark-gallery-thumbnail\" style=\"background-image:url('https:\/\/geopark.viska.dev\/wp-content\/uploads\/2019\/12\/photo2-1.jpg');\">\n                            <a data-elementor-open-lightbox=\"yes\" data-elementor-lightbox-slideshow=\"1448\" class=\"geopark-image-gallery-item-link\" href=\"https:\/\/geopark.viska.dev\/wp-content\/uploads\/2019\/12\/photo2-1.jpg\"><\/a>\n                        <\/div>\n                    <\/div>\n\n\n                                    <\/div>\n                                    <div class=\"gallery-center-col\">\n                                    <div class=\"geopark-grid-item\" data-item-id=\"605\">\n                        <div class=\"geopark-gallery-thumbnail\" style=\"background-image:url('https:\/\/geopark.viska.dev\/wp-content\/uploads\/2019\/12\/photo-2.png');\">\n                            <a data-elementor-open-lightbox=\"yes\" data-elementor-lightbox-slideshow=\"1448\" class=\"geopark-image-gallery-item-link\" href=\"https:\/\/geopark.viska.dev\/wp-content\/uploads\/2019\/12\/photo-2.png\"><\/a>\n                        <\/div>\n                    <\/div>\n\n\n                                    <\/div>\n                                    <div class=\"gallery-right-col\">\n                                    <div class=\"geopark-grid-item\" data-item-id=\"602\">\n                        <div class=\"geopark-gallery-thumbnail\" style=\"background-image:url('https:\/\/geopark.viska.dev\/wp-content\/uploads\/2019\/12\/photo1.png');\">\n                            <a data-elementor-open-lightbox=\"yes\" data-elementor-lightbox-slideshow=\"1448\" class=\"geopark-image-gallery-item-link\" href=\"https:\/\/geopark.viska.dev\/wp-content\/uploads\/2019\/12\/photo1.png\"><\/a>\n                        <\/div>\n                    <\/div>\n\n\n                                    <div class=\"geopark-grid-item\" data-item-id=\"603\">\n                        <div class=\"geopark-gallery-thumbnail\" style=\"background-image:url('https:\/\/geopark.viska.dev\/wp-content\/uploads\/2019\/12\/photo2.jpg');\">\n                            <a data-elementor-open-lightbox=\"yes\" data-elementor-lightbox-slideshow=\"1448\" class=\"geopark-image-gallery-item-link\" href=\"https:\/\/geopark.viska.dev\/wp-content\/uploads\/2019\/12\/photo2.jpg\"><\/a>\n                        <\/div>\n                    <\/div>\n\n\n                                    <div class=\"geopark-grid-item\" data-item-id=\"608\">\n                        <div class=\"geopark-gallery-thumbnail\" style=\"background-image:url('https:\/\/geopark.viska.dev\/wp-content\/uploads\/2019\/12\/photo3-1.jpg');\">\n                            <a data-elementor-open-lightbox=\"yes\" data-elementor-lightbox-slideshow=\"1448\" class=\"geopark-image-gallery-item-link\" href=\"https:\/\/geopark.viska.dev\/wp-content\/uploads\/2019\/12\/photo3-1.jpg\"><\/a>\n                        <\/div>\n                    <\/div>\n\n\n                                    <\/div>\n                        <\/div>\n                    <\/div>\n            <\/div>\n        <\/div>\n\n    \t\t<\/div>\n\t\t\t\t<\/div>\n\t\t\t\t\t\t<\/div>\n\t\t\t\t\t<\/div>\n\t\t<\/div>\n\t\t\t\t\t\t\t\t<\/div>\n\t\t\t\t\t<\/div>\n\t\t<\/section>\n\t\t\t\t\t\t\t\t\t<\/div>\n\t\t\t<\/div>\n\t\t\t\t\t<\/div>\n\t\t","protected":false},"excerpt":{"rendered":"<p>L\u00edfr\u00edki Jar\u00f0fr\u00e6\u00f0i og landslag F\u00f3lki\u00f0 Geopark fyrirt\u00e6ki L\u00edfr\u00edki L\u00edfr\u00edki \u00c1 Reykjanesskaga ber mest \u00e1 fuglum, refum og selum. M\u00f3fuglar eru algengir og v\u00ed\u00f0a m\u00e1 finna fugla \u00ed sj\u00e1varbj\u00f6rgum. \u00c1 flatlendi verpa m\u00e1var og kr\u00edur. Me\u00f0al annarra varpfugla eru steindeplar og l\u00f3ur, og \u00fdmsir sund- og va\u00f0fuglar en me\u00f0al r\u00e1nfugla m\u00e1 sj\u00e1 b\u00e6\u00f0i hrafna, f\u00e1lka, smyrla &hellip;<\/p>\n<p class=\"read-more\"> <a class=\"\" href=\"https:\/\/geopark.viska.dev\/is\/umokkur\/\"> <span class=\"screen-reader-text\">Um  okkur<\/span> Read More &raquo;<\/a><\/p>\n","protected":false},"author":2,"featured_media":0,"parent":0,"menu_order":0,"comment_status":"closed","ping_status":"closed","template":"elementor_header_footer","meta":{"inline_featured_image":false,"_mi_skip_tracking":false,"site-sidebar-layout":"no-sidebar","site-content-layout":"page-builder","ast-global-header-display":"","ast-main-header-display":"","ast-hfb-above-header-display":"","ast-hfb-below-header-display":"","ast-hfb-mobile-header-display":"","site-post-title":"disabled","ast-breadcrumbs-content":"","ast-featured-img":"disabled","footer-sml-layout":"","theme-transparent-header-meta":"default","adv-header-id-meta":"","stick-header-meta":"","header-above-stick-meta":"","header-main-stick-meta":"","header-below-stick-meta":""},"_links":{"self":[{"href":"https:\/\/geopark.viska.dev\/is\/wp-json\/wp\/v2\/pages\/1448"}],"collection":[{"href":"https:\/\/geopark.viska.dev\/is\/wp-json\/wp\/v2\/pages"}],"about":[{"href":"https:\/\/geopark.viska.dev\/is\/wp-json\/wp\/v2\/types\/page"}],"author":[{"embeddable":true,"href":"https:\/\/geopark.viska.dev\/is\/wp-json\/wp\/v2\/users\/2"}],"replies":[{"embeddable":true,"href":"https:\/\/geopark.viska.dev\/is\/wp-json\/wp\/v2\/comments?post=1448"}],"version-history":[{"count":7,"href":"https:\/\/geopark.viska.dev\/is\/wp-json\/wp\/v2\/pages\/1448\/revisions"}],"predecessor-version":[{"id":2711,"href":"https:\/\/geopark.viska.dev\/is\/wp-json\/wp\/v2\/pages\/1448\/revisions\/2711"}],"wp:attachment":[{"href":"https:\/\/geopark.viska.dev\/is\/wp-json\/wp\/v2\/media?parent=1448"}],"curies":[{"name":"wp","href":"https:\/\/api.w.org\/{rel}","templated":true}]}}