{"id":1442,"date":"2019-11-01T10:46:46","date_gmt":"2019-11-01T10:46:46","guid":{"rendered":"https:\/\/geopark.viska.dev\/geosites\/"},"modified":"2021-07-16T13:26:57","modified_gmt":"2021-07-16T13:26:57","slug":"geosites","status":"publish","type":"page","link":"https:\/\/geopark.viska.dev\/is\/geosites\/","title":{"rendered":"Jar\u00f0minjasta\u00f0ir"},"content":{"rendered":"\t\t<div data-elementor-type=\"wp-page\" data-elementor-id=\"1442\" class=\"elementor elementor-1442\">\n\t\t\t\t\t\t<div class=\"elementor-inner\">\n\t\t\t\t<div class=\"elementor-section-wrap\">\n\t\t\t\t\t\t\t\t\t<section class=\"elementor-section elementor-top-section elementor-element elementor-element-833e034 elementor-section-boxed elementor-section-height-default elementor-section-height-default\" data-id=\"833e034\" data-element_type=\"section\" data-settings=\"{&quot;background_background&quot;:&quot;classic&quot;}\">\n\t\t\t\t\t\t<div class=\"elementor-container elementor-column-gap-no\">\n\t\t\t\t\t\t\t<div class=\"elementor-row\">\n\t\t\t\t\t<div class=\"elementor-column elementor-col-100 elementor-top-column elementor-element elementor-element-0cdac0c\" data-id=\"0cdac0c\" data-element_type=\"column\">\n\t\t\t<div class=\"elementor-column-wrap elementor-element-populated\">\n\t\t\t\t\t\t\t<div class=\"elementor-widget-wrap\">\n\t\t\t\t\t\t<section class=\"elementor-section elementor-inner-section elementor-element elementor-element-1036393 elementor-section-boxed elementor-section-height-default elementor-section-height-default\" data-id=\"1036393\" data-element_type=\"section\">\n\t\t\t\t\t\t<div class=\"elementor-container elementor-column-gap-default\">\n\t\t\t\t\t\t\t<div class=\"elementor-row\">\n\t\t\t\t\t<div class=\"elementor-column elementor-col-50 elementor-inner-column elementor-element elementor-element-a74b497\" data-id=\"a74b497\" data-element_type=\"column\">\n\t\t\t<div class=\"elementor-column-wrap elementor-element-populated\">\n\t\t\t\t\t\t\t<div class=\"elementor-widget-wrap\">\n\t\t\t\t\t\t<div class=\"elementor-element elementor-element-e3d336a pp-dual-heading-inline elementor-widget elementor-widget-pp-dual-heading\" data-id=\"e3d336a\" data-element_type=\"widget\" data-widget_type=\"pp-dual-heading.default\">\n\t\t\t\t<div class=\"elementor-widget-container\">\n\t\t\t\t\t\t<h3 class=\"pp-dual-heading\">\n\t\t\t\t\t\t\t\t\t<span class=\"pp-first-text\">\n\t\t\t\t\t\tJar\u00f0minjasta\u00f0ir\t\t\t\t\t<\/span>\n\t\t\t\t\t\t\t\t<\/h3>\n\t\t\t\t\t<\/div>\n\t\t\t\t<\/div>\n\t\t\t\t<div class=\"elementor-element elementor-element-655cf24 elementor-widget elementor-widget-text-editor\" data-id=\"655cf24\" data-element_type=\"widget\" data-widget_type=\"text-editor.default\">\n\t\t\t\t<div class=\"elementor-widget-container\">\n\t\t\t\t\t\t\t\t<div class=\"elementor-text-editor elementor-clearfix\">\n\t\t\t\t<p>Reykjanes UNESCO Global Geopark er 829 ferk\u00edl\u00f3metrar a\u00f0 flatarm\u00e1li, 0,85% af \u00cdslandi. \u00dear r\u00eds Mi\u00f0-Atlantshafshryggurinn \u00far s\u00e6. Eldst\u00f6\u00f0var m\u00f3ta skagann auk \u00feeirra fyrirb\u00e6ra sem henni fylgja, allt fr\u00e1 jar\u00f0l\u00f6gum af j\u00f6kulskei\u00f0i til ungra hrauna. \u00c1 Reykjanesi er h\u00e6gt a\u00f0 finna h\u00e1hitasv\u00e6\u00f0i me\u00f0 tilheyrandi hverum og gufustr\u00f3kum, hundru\u00f0 mismunandi g\u00edga, hella, hraunbrei\u00f0a, kletta og svartar strendur. Ekki m\u00e1 gleyma a\u00f0 minnast \u00e1 heims\u00feekkt fuglabj\u00f6rg sem d\u00fdral\u00edfsunnendur mega alls ekki l\u00e1ta fram hj\u00e1 s\u00e9r fara.<br \/>Reykjanes og g\u00f6ngulei\u00f0irnar \u00fear eru a\u00f0gengilegar allt \u00e1ri\u00f0.<\/p>\t\t\t\t\t<\/div>\n\t\t\t\t\t\t<\/div>\n\t\t\t\t<\/div>\n\t\t\t\t\t\t<\/div>\n\t\t\t\t\t<\/div>\n\t\t<\/div>\n\t\t\t\t<div class=\"elementor-column elementor-col-50 elementor-inner-column elementor-element elementor-element-e233147\" data-id=\"e233147\" data-element_type=\"column\">\n\t\t\t<div class=\"elementor-column-wrap\">\n\t\t\t\t\t\t\t<div class=\"elementor-widget-wrap\">\n\t\t\t\t\t\t\t\t<\/div>\n\t\t\t\t\t<\/div>\n\t\t<\/div>\n\t\t\t\t\t\t\t\t<\/div>\n\t\t\t\t\t<\/div>\n\t\t<\/section>\n\t\t\t\t\t\t<\/div>\n\t\t\t\t\t<\/div>\n\t\t<\/div>\n\t\t\t\t\t\t\t\t<\/div>\n\t\t\t\t\t<\/div>\n\t\t<\/section>\n\t\t\t\t<section class=\"elementor-section elementor-top-section elementor-element elementor-element-daa0b9c elementor-section-boxed elementor-section-height-default elementor-section-height-default\" data-id=\"daa0b9c\" data-element_type=\"section\">\n\t\t\t\t\t\t<div class=\"elementor-container elementor-column-gap-default\">\n\t\t\t\t\t\t\t<div class=\"elementor-row\">\n\t\t\t\t\t<div class=\"elementor-column elementor-col-100 elementor-top-column elementor-element elementor-element-0b8dcae\" data-id=\"0b8dcae\" data-element_type=\"column\">\n\t\t\t<div class=\"elementor-column-wrap elementor-element-populated\">\n\t\t\t\t\t\t\t<div class=\"elementor-widget-wrap\">\n\t\t\t\t\t\t<div class=\"elementor-element elementor-element-7c0a6a3 elementor-grid-2 elementor-grid-tablet-2 elementor-grid-mobile-1 elementor-widget elementor-widget-geopark-posts\" data-id=\"7c0a6a3\" data-element_type=\"widget\" data-settings=\"{&quot;columns&quot;:&quot;2&quot;,&quot;columns_tablet&quot;:&quot;2&quot;,&quot;columns_mobile&quot;:&quot;1&quot;}\" data-widget_type=\"geopark-posts.default\">\n\t\t\t\t<div class=\"elementor-widget-container\">\n\t\t\t\t\t<div class=\"geopark-posts-wrap\">\n\t\t\t<div class=\"geopark-post-filters-container\">\n\t\t\t\t\t\t<div class=\"geopark-post-filters-wrap\">\n\t\t\t<div class=\"geopark-filters geopark-difficulty-filters\">\n\t\t\t\t<h2 class=\"filter-title\">Difficulty<\/h2>\n\t\t\t\t<div class=\"geopark-posts-filter-progress\"><\/div>\n\t\t\t\t<div class=\"geopark-post-filters\" id=\"difficulty\">\n\t\t\t\t\t<span class=\"geopark-difficulty-filter geopark-post-filter geopark-filter-current\" data-filter=\"*\" data-label=\"All\"><\/span>\n\t\t\t\t\t<span class=\"geopark-difficulty-filter geopark-post-filter\" data-filter=\".easy\" data-label=\"Easy\"><\/span>\n\t\t\t\t\t<span class=\"geopark-difficulty-filter geopark-post-filter\" data-filter=\".average\" data-label=\"Average\"><\/span>\n\t\t\t\t\t<span class=\"geopark-difficulty-filter geopark-post-filter\" data-filter=\".hard\" data-label=\"Hard\"><\/span>\n\t\t\t\t\t<span class=\"geopark-difficulty-filter geopark-post-filter\" data-filter=\".very hard\" data-label=\"Very Hard\"><\/span>\n\t\t\t\t<\/div>\n\t\t\t<\/div>\n\n\t\t\t<div class=\"geopark-filters geopark-distance-filters\">\n\t\t\t\t<h2 class=\"filter-title\">Walking Distance<\/h2>\n\t\t\t\t<div class=\"geopark-posts-filter-progress\"><\/div>\n\t\t\t\t<div class=\"geopark-post-filters\">\n\t\t\t\t\t<span class=\"geopark-distance-filter geopark-post-filter geopark-filter-current\" data-filter=\"*\" data-label=\"All\"><\/span>\n\t\t\t\t\t<span class=\"geopark-distance-filter geopark-post-filter\" data-filter=\"1\" data-label=\"1 km\"><\/span>\n\t\t\t\t\t<span class=\"geopark-distance-filter geopark-post-filter\" data-filter=\"5\" data-label=\"5 km\"><\/span>\n\t\t\t\t\t<span class=\"geopark-distance-filter geopark-post-filter\" data-filter=\"10\" data-label=\"10 km\"><\/span>\n\t\t\t\t\t<span class=\"geopark-distance-filter geopark-post-filter\" data-filter=\"more\" data-label=\"More\"><\/span>\n\t\t\t\t<\/div>\n\t\t\t<\/div>\n\t\t<\/div>\n\n\t\t<div class=\"geopark-filter-button elementor-button elementor-size-sm\">Search<\/div>\n\t\t\t\t<\/div>\n\n\t\t\t<div class=\"geopark-posts-container\">\n\t\t\t\t<div class=\"geopark-posts geopark-elementor-grid geopark-posts-skin-7c0a6a3 pp-elementor-grid geopark-posts-grid geopark-posts-infinite-scroll\" data-page=\"1442\" data-skin=\"7c0a6a3\">\n\t\t\t\t\t\t\t<div class=\"geopark-grid-item-wrap\">\n\t\t\t<div class=\"geopark-post geopark-grid-item\">\n\t\t\t\t\t\t<div class=\"geopark-post-thumbnail\">\n\t\t\t<a href=\"https:\/\/geopark.viska.dev\/is\/destination\/et-lectusnullam-metus-tabernas-sed-asperitate-urna\/\"><img src=\"https:\/\/geopark.viska.dev\/wp-content\/uploads\/2019\/11\/1_Arnarsetur-scaled.jpg\" title=\"1_Arnarsetur\" alt=\"1_Arnarsetur\" \/>\t\t\t<\/a>\n\t\t<\/div>\n\t\t\t\t\t\t<div class=\"geopark-destination-detail\">\n\t\t\t\t\t\t\t\t\t\t\t\t\t<div class=\"geopark-destination-difficulty\">\n\t\t\t\t\t\t\t\t<div class=\"length-icon\">\n\t\t\t\t\t\t\t\t\t<img src=\"https:\/\/geopark.viska.dev\/wp-content\/plugins\/geopark-elementor-widgets\/assets\/images\/difficulty-icon.png\">\n\t\t\t\t\t\t\t\t<\/div>\n\t\t\t\t\t\t\t\t<div class=\"length-detail\">\n\t\t\t\t\t\t\t\t\t<span class=\"length-title\">\n\t\t\t\t\t\t\t\t\t\tdifficulty\t\t\t\t\t\t\t\t\t<\/span>\n\t\t\t\t\t\t\t\t\t<span class=\"length-description\">\n\t\t\t\t\t\t\t\t\t\tEasy\t\t\t\t\t\t\t\t\t<\/span>\n\t\t\t\t\t\t\t\t<\/div>\n\t\t\t\t\t\t\t<\/div>\n\t\t\t\t\t\t\t\t\t\t\t<\/div>\n\t\t\t\t\t\t\t\t<div class=\"geopark-post-content\">\n\t\t\t\t\t\t\t<div class=\"geopark-post-title\">\n\t\t\t<a href=\"https:\/\/geopark.viska.dev\/is\/destination\/et-lectusnullam-metus-tabernas-sed-asperitate-urna\/\" title=\"Arnarsetur\">\n\t\t\t\tArnarsetur\t\t\t<\/a>\n\t\t<\/div>\n\t\n\t\t<div class=\"geopark-post-excerpt\">\n\t\t\tArnarsetur einkennist af stuttri gossprungu sem samanstendur af gjall- og kleprag\u00edgum. Sprungan mynda\u00f0ist \u00e1 seinni hluta rek- og goshrinunnar...\t\t<\/div>\n\n\t\t\n\t\t\t\t\t<div class=\"geopark-post-footer\">\n\t\t\t\t\t\t<a class=\"geopark-posts-button\" href=\"https:\/\/geopark.viska.dev\/is\/destination\/et-lectusnullam-metus-tabernas-sed-asperitate-urna\/\">\n\t\t\t\t\t\t\t<span class=\"pp-button-icon fa fa-chevron-right\" aria-hidden=\"true\"><\/span>\n\t\t\t\t\t\t<\/a>\n\t\t\t\t\t<\/div>\n\t\t\t\t<\/div>\n\n\t\t\t<\/div>\n\t\t<\/div>\n\t\t\t<div class=\"geopark-grid-item-wrap\">\n\t\t\t<div class=\"geopark-post geopark-grid-item\">\n\t\t\t\t\t\t<div class=\"geopark-post-thumbnail\">\n\t\t\t<a href=\"https:\/\/geopark.viska.dev\/is\/destination\/stadarborg\/\"><img src=\"https:\/\/geopark.viska.dev\/wp-content\/uploads\/2020\/05\/52_Sta\u00f0arborg6_\u00dera\u0301inn-vefur.jpg\" title=\"52_Sta\u00f0arborg6_\u00dera\u0301inn-vefur\" alt=\"52_Sta\u00f0arborg6_\u00dera\u0301inn-vefur\" \/>\t\t\t<\/a>\n\t\t<\/div>\n\t\t\t\t\t\t<div class=\"geopark-destination-detail\">\n\t\t\t\t\t\t\t\t\t\t\t\t\t\t\t\t\t\t\t\t<div class=\"geopark-destination-length\">\n\t\t\t\t\t\t\t\t<div class=\"length-icon\">\n\t\t\t\t\t\t\t\t\t<img src=\"https:\/\/geopark.viska.dev\/wp-content\/plugins\/geopark-elementor-widgets\/assets\/images\/length-icon.png\">\n\t\t\t\t\t\t\t\t<\/div>\n\t\t\t\t\t\t\t\t<div class=\"length-detail\">\n\t\t\t\t\t\t\t\t\t<span class=\"length-title\">\n\t\t\t\t\t\t\t\t\t\tlength\t\t\t\t\t\t\t\t\t<\/span>\n\t\t\t\t\t\t\t\t\t<span class=\"length-description\">\n\t\t\t\t\t\t\t\t\t\t3 km\t\t\t\t\t\t\t\t\t<\/span>\n\t\t\t\t\t\t\t\t<\/div>\n\t\t\t\t\t\t\t<\/div>\n\t\t\t\t\t\t\t\t\t\t\t\t\t<div class=\"geopark-destination-difficulty\">\n\t\t\t\t\t\t\t\t<div class=\"length-icon\">\n\t\t\t\t\t\t\t\t\t<img src=\"https:\/\/geopark.viska.dev\/wp-content\/plugins\/geopark-elementor-widgets\/assets\/images\/difficulty-icon.png\">\n\t\t\t\t\t\t\t\t<\/div>\n\t\t\t\t\t\t\t\t<div class=\"length-detail\">\n\t\t\t\t\t\t\t\t\t<span class=\"length-title\">\n\t\t\t\t\t\t\t\t\t\tdifficulty\t\t\t\t\t\t\t\t\t<\/span>\n\t\t\t\t\t\t\t\t\t<span class=\"length-description\">\n\t\t\t\t\t\t\t\t\t\tEasy\t\t\t\t\t\t\t\t\t<\/span>\n\t\t\t\t\t\t\t\t<\/div>\n\t\t\t\t\t\t\t<\/div>\n\t\t\t\t\t\t\t\t\t\t\t<\/div>\n\t\t\t\t\t\t\t\t<div class=\"geopark-post-content\">\n\t\t\t\t\t\t\t<div class=\"geopark-post-title\">\n\t\t\t<a href=\"https:\/\/geopark.viska.dev\/is\/destination\/stadarborg\/\" title=\"Sta\u00f0arborg\">\n\t\t\t\tSta\u00f0arborg\t\t\t<\/a>\n\t\t<\/div>\n\t\n\t\t<div class=\"geopark-post-excerpt\">\n\t\t\tFj\u00e1rborg \u00e1 Strandarhei\u00f0i.\t\t<\/div>\n\n\t\t\n\t\t\t\t\t<div class=\"geopark-post-footer\">\n\t\t\t\t\t\t<a class=\"geopark-posts-button\" href=\"https:\/\/geopark.viska.dev\/is\/destination\/stadarborg\/\">\n\t\t\t\t\t\t\t<span class=\"pp-button-icon fa fa-chevron-right\" aria-hidden=\"true\"><\/span>\n\t\t\t\t\t\t<\/a>\n\t\t\t\t\t<\/div>\n\t\t\t\t<\/div>\n\n\t\t\t<\/div>\n\t\t<\/div>\n\t\t\t<div class=\"geopark-grid-item-wrap\">\n\t\t\t<div class=\"geopark-post geopark-grid-item\">\n\t\t\t\t\t\t<div class=\"geopark-post-thumbnail\">\n\t\t\t<a href=\"https:\/\/geopark.viska.dev\/is\/destination\/husholmi\/\"><img src=\"https:\/\/geopark.viska.dev\/wp-content\/uploads\/2020\/05\/33b_Husholmi.jpg\" title=\"33b_H\u00fash\u00f3lmi\" alt=\"33b_H\u00fash\u00f3lmi\" \/>\t\t\t<\/a>\n\t\t<\/div>\n\t\t\t\t\t\t<div class=\"geopark-destination-detail\">\n\t\t\t\t\t\t\t\t\t\t\t\t\t\t\t\t\t\t\t\t<div class=\"geopark-destination-length\">\n\t\t\t\t\t\t\t\t<div class=\"length-icon\">\n\t\t\t\t\t\t\t\t\t<img src=\"https:\/\/geopark.viska.dev\/wp-content\/plugins\/geopark-elementor-widgets\/assets\/images\/length-icon.png\">\n\t\t\t\t\t\t\t\t<\/div>\n\t\t\t\t\t\t\t\t<div class=\"length-detail\">\n\t\t\t\t\t\t\t\t\t<span class=\"length-title\">\n\t\t\t\t\t\t\t\t\t\tlength\t\t\t\t\t\t\t\t\t<\/span>\n\t\t\t\t\t\t\t\t\t<span class=\"length-description\">\n\t\t\t\t\t\t\t\t\t\t2 km\t\t\t\t\t\t\t\t\t<\/span>\n\t\t\t\t\t\t\t\t<\/div>\n\t\t\t\t\t\t\t<\/div>\n\t\t\t\t\t\t\t\t\t\t\t\t\t<div class=\"geopark-destination-difficulty\">\n\t\t\t\t\t\t\t\t<div class=\"length-icon\">\n\t\t\t\t\t\t\t\t\t<img src=\"https:\/\/geopark.viska.dev\/wp-content\/plugins\/geopark-elementor-widgets\/assets\/images\/difficulty-icon.png\">\n\t\t\t\t\t\t\t\t<\/div>\n\t\t\t\t\t\t\t\t<div class=\"length-detail\">\n\t\t\t\t\t\t\t\t\t<span class=\"length-title\">\n\t\t\t\t\t\t\t\t\t\tdifficulty\t\t\t\t\t\t\t\t\t<\/span>\n\t\t\t\t\t\t\t\t\t<span class=\"length-description\">\n\t\t\t\t\t\t\t\t\t\tEasy\t\t\t\t\t\t\t\t\t<\/span>\n\t\t\t\t\t\t\t\t<\/div>\n\t\t\t\t\t\t\t<\/div>\n\t\t\t\t\t\t\t\t\t\t\t<\/div>\n\t\t\t\t\t\t\t\t<div class=\"geopark-post-content\">\n\t\t\t\t\t\t\t<div class=\"geopark-post-title\">\n\t\t\t<a href=\"https:\/\/geopark.viska.dev\/is\/destination\/husholmi\/\" title=\"H\u00fash\u00f3lmi\">\n\t\t\t\tH\u00fash\u00f3lmi\t\t\t<\/a>\n\t\t<\/div>\n\t\n\t\t<div class=\"geopark-post-excerpt\">\n\t\t\tB\u00e6jarr\u00fastirnar eru mj\u00f6g fornar og au\u00f0velt er a\u00f0 ganga a\u00f0 \u00feessum r\u00fastum. S\u00e9rfr\u00e6\u00f0ingar eru samm\u00e1la um a\u00f0 h\u00e9r s\u00e9u...\t\t<\/div>\n\n\t\t\n\t\t\t\t\t<div class=\"geopark-post-footer\">\n\t\t\t\t\t\t<a class=\"geopark-posts-button\" href=\"https:\/\/geopark.viska.dev\/is\/destination\/husholmi\/\">\n\t\t\t\t\t\t\t<span class=\"pp-button-icon fa fa-chevron-right\" aria-hidden=\"true\"><\/span>\n\t\t\t\t\t\t<\/a>\n\t\t\t\t\t<\/div>\n\t\t\t\t<\/div>\n\n\t\t\t<\/div>\n\t\t<\/div>\n\t\t\t<div class=\"geopark-grid-item-wrap\">\n\t\t\t<div class=\"geopark-post geopark-grid-item\">\n\t\t\t\t\t\t<div class=\"geopark-post-thumbnail\">\n\t\t\t<a href=\"https:\/\/geopark.viska.dev\/is\/destination\/eldborg-vid-geitahlid\/\"><img src=\"https:\/\/geopark.viska.dev\/wp-content\/uploads\/2019\/11\/5_Eldborg-vi\u00f0-Geitahli\u0301\u00f0-scaled.jpg\" title=\"5_Eldborg vi\u00f0 Geitahli\u0301\u00f0\" alt=\"5_Eldborg vi\u00f0 Geitahli\u0301\u00f0\" \/>\t\t\t<\/a>\n\t\t<\/div>\n\t\t\t\t\t\t<div class=\"geopark-destination-detail\">\n\t\t\t\t\t\t\t\t\t\t\t\t\t\t\t\t\t\t\t\t<div class=\"geopark-destination-length\">\n\t\t\t\t\t\t\t\t<div class=\"length-icon\">\n\t\t\t\t\t\t\t\t\t<img src=\"https:\/\/geopark.viska.dev\/wp-content\/plugins\/geopark-elementor-widgets\/assets\/images\/length-icon.png\">\n\t\t\t\t\t\t\t\t<\/div>\n\t\t\t\t\t\t\t\t<div class=\"length-detail\">\n\t\t\t\t\t\t\t\t\t<span class=\"length-title\">\n\t\t\t\t\t\t\t\t\t\tlength\t\t\t\t\t\t\t\t\t<\/span>\n\t\t\t\t\t\t\t\t\t<span class=\"length-description\">\n\t\t\t\t\t\t\t\t\t\t2 km\t\t\t\t\t\t\t\t\t<\/span>\n\t\t\t\t\t\t\t\t<\/div>\n\t\t\t\t\t\t\t<\/div>\n\t\t\t\t\t\t\t\t\t\t\t\t\t<div class=\"geopark-destination-difficulty\">\n\t\t\t\t\t\t\t\t<div class=\"length-icon\">\n\t\t\t\t\t\t\t\t\t<img src=\"https:\/\/geopark.viska.dev\/wp-content\/plugins\/geopark-elementor-widgets\/assets\/images\/difficulty-icon.png\">\n\t\t\t\t\t\t\t\t<\/div>\n\t\t\t\t\t\t\t\t<div class=\"length-detail\">\n\t\t\t\t\t\t\t\t\t<span class=\"length-title\">\n\t\t\t\t\t\t\t\t\t\tdifficulty\t\t\t\t\t\t\t\t\t<\/span>\n\t\t\t\t\t\t\t\t\t<span class=\"length-description\">\n\t\t\t\t\t\t\t\t\t\tAverage\t\t\t\t\t\t\t\t\t<\/span>\n\t\t\t\t\t\t\t\t<\/div>\n\t\t\t\t\t\t\t<\/div>\n\t\t\t\t\t\t\t\t\t\t\t<\/div>\n\t\t\t\t\t\t\t\t<div class=\"geopark-post-content\">\n\t\t\t\t\t\t\t<div class=\"geopark-post-title\">\n\t\t\t<a href=\"https:\/\/geopark.viska.dev\/is\/destination\/eldborg-vid-geitahlid\/\" title=\"Eldborg vi\u00f0 Geitahl\u00ed\u00f0\">\n\t\t\t\tEldborg vi\u00f0 Geitahl\u00ed\u00f0\t\t\t<\/a>\n\t\t<\/div>\n\t\n\t\t<div class=\"geopark-post-excerpt\">\n\t\t\tEldborg er langst\u00e6rstur fimm g\u00edga sem liggja \u00ed gossprungu \u00ed hl\u00ed\u00f0um Geitafells, og oft kalla\u00f0ur St\u00f3ra-Eldborg. Hann er brattur...\t\t<\/div>\n\n\t\t\n\t\t\t\t\t<div class=\"geopark-post-footer\">\n\t\t\t\t\t\t<a class=\"geopark-posts-button\" href=\"https:\/\/geopark.viska.dev\/is\/destination\/eldborg-vid-geitahlid\/\">\n\t\t\t\t\t\t\t<span class=\"pp-button-icon fa fa-chevron-right\" aria-hidden=\"true\"><\/span>\n\t\t\t\t\t\t<\/a>\n\t\t\t\t\t<\/div>\n\t\t\t\t<\/div>\n\n\t\t\t<\/div>\n\t\t<\/div>\n\t\t\t<div class=\"geopark-grid-item-wrap\">\n\t\t\t<div class=\"geopark-post geopark-grid-item\">\n\t\t\t\t\t\t<div class=\"geopark-post-thumbnail\">\n\t\t\t<a href=\"https:\/\/geopark.viska.dev\/is\/destination\/djupavatn-spakonuvatn-arnarvatn\/\"><img src=\"https:\/\/geopark.viska.dev\/wp-content\/uploads\/2019\/11\/3_Dju\u0301pavatn_OA.jpg\" title=\"3_Dju\u0301pavatn_OA\" alt=\"3_Dju\u0301pavatn_OA\" \/>\t\t\t<\/a>\n\t\t<\/div>\n\t\t\t\t\t\t<div class=\"geopark-destination-detail\">\n\t\t\t\t\t\t\t\t\t\t\t\t\t\t\t\t\t\t\t\t<div class=\"geopark-destination-length\">\n\t\t\t\t\t\t\t\t<div class=\"length-icon\">\n\t\t\t\t\t\t\t\t\t<img src=\"https:\/\/geopark.viska.dev\/wp-content\/plugins\/geopark-elementor-widgets\/assets\/images\/length-icon.png\">\n\t\t\t\t\t\t\t\t<\/div>\n\t\t\t\t\t\t\t\t<div class=\"length-detail\">\n\t\t\t\t\t\t\t\t\t<span class=\"length-title\">\n\t\t\t\t\t\t\t\t\t\tlength\t\t\t\t\t\t\t\t\t<\/span>\n\t\t\t\t\t\t\t\t\t<span class=\"length-description\">\n\t\t\t\t\t\t\t\t\t\tall km\t\t\t\t\t\t\t\t\t<\/span>\n\t\t\t\t\t\t\t\t<\/div>\n\t\t\t\t\t\t\t<\/div>\n\t\t\t\t\t\t\t\t\t\t\t\t\t<div class=\"geopark-destination-difficulty\">\n\t\t\t\t\t\t\t\t<div class=\"length-icon\">\n\t\t\t\t\t\t\t\t\t<img src=\"https:\/\/geopark.viska.dev\/wp-content\/plugins\/geopark-elementor-widgets\/assets\/images\/difficulty-icon.png\">\n\t\t\t\t\t\t\t\t<\/div>\n\t\t\t\t\t\t\t\t<div class=\"length-detail\">\n\t\t\t\t\t\t\t\t\t<span class=\"length-title\">\n\t\t\t\t\t\t\t\t\t\tdifficulty\t\t\t\t\t\t\t\t\t<\/span>\n\t\t\t\t\t\t\t\t\t<span class=\"length-description\">\n\t\t\t\t\t\t\t\t\t\tAverage\t\t\t\t\t\t\t\t\t<\/span>\n\t\t\t\t\t\t\t\t<\/div>\n\t\t\t\t\t\t\t<\/div>\n\t\t\t\t\t\t\t\t\t\t\t<\/div>\n\t\t\t\t\t\t\t\t<div class=\"geopark-post-content\">\n\t\t\t\t\t\t\t<div class=\"geopark-post-title\">\n\t\t\t<a href=\"https:\/\/geopark.viska.dev\/is\/destination\/djupavatn-spakonuvatn-arnarvatn\/\" title=\"Dj\u00fapavatn \/ Sp\u00e1konuvatn \/ Gr\u00e6navatn\">\n\t\t\t\tDj\u00fapavatn \/ Sp\u00e1konuvatn \/ Gr\u00e6navatn\t\t\t<\/a>\n\t\t<\/div>\n\t\n\t\t<div class=\"geopark-post-excerpt\">\n\t\t\t\u00derj\u00fa st\u00f6\u00f0v\u00f6tn \u00ed m\u00f3bergshryggjunum Vesturh\u00e1lsi og N\u00fapshl\u00ed\u00f0arh\u00e1lsi, a\u00f0 mestu me\u00f0 grunnvatni. Dj\u00fapavatn er vi\u00f0 samnefnda \u00f6kulei\u00f0, a\u00f0 hluta eldg\u00edgur....\t\t<\/div>\n\n\t\t\n\t\t\t\t\t<div class=\"geopark-post-footer\">\n\t\t\t\t\t\t<a class=\"geopark-posts-button\" href=\"https:\/\/geopark.viska.dev\/is\/destination\/djupavatn-spakonuvatn-arnarvatn\/\">\n\t\t\t\t\t\t\t<span class=\"pp-button-icon fa fa-chevron-right\" aria-hidden=\"true\"><\/span>\n\t\t\t\t\t\t<\/a>\n\t\t\t\t\t<\/div>\n\t\t\t\t<\/div>\n\n\t\t\t<\/div>\n\t\t<\/div>\n\t\t\t<div class=\"geopark-grid-item-wrap\">\n\t\t\t<div class=\"geopark-post geopark-grid-item\">\n\t\t\t\t\t\t<div class=\"geopark-post-thumbnail\">\n\t\t\t<a href=\"https:\/\/geopark.viska.dev\/is\/destination\/kerlingarbas\/\"><img src=\"https:\/\/geopark.viska.dev\/wp-content\/uploads\/2019\/11\/15_Kerlingarba\u0301s.jpg\" title=\"15_Kerlingarba\u0301s\" alt=\"15_Kerlingarba\u0301s\" \/>\t\t\t<\/a>\n\t\t<\/div>\n\t\t\t\t\t\t<div class=\"geopark-destination-detail\">\n\t\t\t\t\t\t\t\t\t\t\t\t\t\t\t\t\t\t\t\t<div class=\"geopark-destination-length\">\n\t\t\t\t\t\t\t\t<div class=\"length-icon\">\n\t\t\t\t\t\t\t\t\t<img src=\"https:\/\/geopark.viska.dev\/wp-content\/plugins\/geopark-elementor-widgets\/assets\/images\/length-icon.png\">\n\t\t\t\t\t\t\t\t<\/div>\n\t\t\t\t\t\t\t\t<div class=\"length-detail\">\n\t\t\t\t\t\t\t\t\t<span class=\"length-title\">\n\t\t\t\t\t\t\t\t\t\tlength\t\t\t\t\t\t\t\t\t<\/span>\n\t\t\t\t\t\t\t\t\t<span class=\"length-description\">\n\t\t\t\t\t\t\t\t\t\t1 km\t\t\t\t\t\t\t\t\t<\/span>\n\t\t\t\t\t\t\t\t<\/div>\n\t\t\t\t\t\t\t<\/div>\n\t\t\t\t\t\t\t\t\t\t\t\t\t<div class=\"geopark-destination-difficulty\">\n\t\t\t\t\t\t\t\t<div class=\"length-icon\">\n\t\t\t\t\t\t\t\t\t<img src=\"https:\/\/geopark.viska.dev\/wp-content\/plugins\/geopark-elementor-widgets\/assets\/images\/difficulty-icon.png\">\n\t\t\t\t\t\t\t\t<\/div>\n\t\t\t\t\t\t\t\t<div class=\"length-detail\">\n\t\t\t\t\t\t\t\t\t<span class=\"length-title\">\n\t\t\t\t\t\t\t\t\t\tdifficulty\t\t\t\t\t\t\t\t\t<\/span>\n\t\t\t\t\t\t\t\t\t<span class=\"length-description\">\n\t\t\t\t\t\t\t\t\t\tEasy\t\t\t\t\t\t\t\t\t<\/span>\n\t\t\t\t\t\t\t\t<\/div>\n\t\t\t\t\t\t\t<\/div>\n\t\t\t\t\t\t\t\t\t\t\t<\/div>\n\t\t\t\t\t\t\t\t<div class=\"geopark-post-content\">\n\t\t\t\t\t\t\t<div class=\"geopark-post-title\">\n\t\t\t<a href=\"https:\/\/geopark.viska.dev\/is\/destination\/kerlingarbas\/\" title=\"Kerlingarb\u00e1s\">\n\t\t\t\tKerlingarb\u00e1s\t\t\t<\/a>\n\t\t<\/div>\n\t\n\t\t<div class=\"geopark-post-excerpt\">\n\t\t\tLeifar \u00feriggja st\u00f3rra gj\u00f3skug\u00edga, 800 til 2.000 \u00e1ra gamalla. Ofan \u00e1 \u00feeim liggja hraunl\u00f6g, \u00fea\u00f0 efsta \u00far Yngri Stampag\u00edgum,...\t\t<\/div>\n\n\t\t\n\t\t\t\t\t<div class=\"geopark-post-footer\">\n\t\t\t\t\t\t<a class=\"geopark-posts-button\" href=\"https:\/\/geopark.viska.dev\/is\/destination\/kerlingarbas\/\">\n\t\t\t\t\t\t\t<span class=\"pp-button-icon fa fa-chevron-right\" aria-hidden=\"true\"><\/span>\n\t\t\t\t\t\t<\/a>\n\t\t\t\t\t<\/div>\n\t\t\t\t<\/div>\n\n\t\t\t<\/div>\n\t\t<\/div>\n\t\t\t\t\t<\/div>\n\t\t\t\t\t\t\t\t\t<div class=\"geopark-posts-loader\"><\/div>\n\t\t\t\t\t\t\t<\/div>\n\t\t<\/div>\n\t\t\t\t\t<div class=\"geopark-posts-pagination-wrap geopark-posts-infinite-scroll\" data-total=\"10\">\n\t\t\t\t\t\t\t\t\t\t<nav class=\"geopark-posts-pagination elementor-pagination\" role=\"navigation\" aria-label=\"Pagination\">\n\t\t\t\t<span class=\"page-numbers prev\"><\/span>\n<span aria-current=\"page\" class=\"page-numbers current\">1<\/span>\n<a class=\"page-numbers\" href=\"https:\/\/geopark.viska.dev\/is\/wp-json\/wp\/v2\/pages\/1442\/page\/2\/\">2<\/a>\n<a class=\"page-numbers\" href=\"https:\/\/geopark.viska.dev\/is\/wp-json\/wp\/v2\/pages\/1442\/page\/3\/\">3<\/a>\n<a class=\"page-numbers\" href=\"https:\/\/geopark.viska.dev\/is\/wp-json\/wp\/v2\/pages\/1442\/page\/4\/\">4<\/a>\n<a class=\"page-numbers\" href=\"https:\/\/geopark.viska.dev\/is\/wp-json\/wp\/v2\/pages\/1442\/page\/5\/\">5<\/a>\n<a class=\"page-numbers\" href=\"https:\/\/geopark.viska.dev\/is\/wp-json\/wp\/v2\/pages\/1442\/page\/6\/\">6<\/a>\n<a class=\"page-numbers\" href=\"https:\/\/geopark.viska.dev\/is\/wp-json\/wp\/v2\/pages\/1442\/page\/7\/\">7<\/a>\n<a class=\"page-numbers\" href=\"https:\/\/geopark.viska.dev\/is\/wp-json\/wp\/v2\/pages\/1442\/page\/8\/\">8<\/a>\n<a class=\"page-numbers\" href=\"https:\/\/geopark.viska.dev\/is\/wp-json\/wp\/v2\/pages\/1442\/page\/9\/\">9<\/a>\n<a class=\"page-numbers\" href=\"https:\/\/geopark.viska.dev\/is\/wp-json\/wp\/v2\/pages\/1442\/page\/10\/\">10<\/a>\n<a class=\"page-numbers next\" href=\"https:\/\/geopark.viska.dev\/is\/wp-json\/wp\/v2\/pages\/1442\"><\/a>\t\t\t<\/nav>\n\t\t\t\t\t\t<\/div>\n\t\t\t\t<\/div>\n\t\t\t\t<\/div>\n\t\t\t\t\t\t<\/div>\n\t\t\t\t\t<\/div>\n\t\t<\/div>\n\t\t\t\t\t\t\t\t<\/div>\n\t\t\t\t\t<\/div>\n\t\t<\/section>\n\t\t\t\t\t\t\t\t\t<\/div>\n\t\t\t<\/div>\n\t\t\t\t\t<\/div>\n\t\t","protected":false},"excerpt":{"rendered":"<p>Jar\u00f0minjasta\u00f0ir Reykjanes UNESCO Global Geopark er 829 ferk\u00edl\u00f3metrar a\u00f0 flatarm\u00e1li, 0,85% af \u00cdslandi. \u00dear r\u00eds Mi\u00f0-Atlantshafshryggurinn \u00far s\u00e6. Eldst\u00f6\u00f0var m\u00f3ta skagann auk \u00feeirra fyrirb\u00e6ra sem henni fylgja, allt fr\u00e1 jar\u00f0l\u00f6gum af j\u00f6kulskei\u00f0i til ungra hrauna. \u00c1 Reykjanesi er h\u00e6gt a\u00f0 finna h\u00e1hitasv\u00e6\u00f0i me\u00f0 tilheyrandi hverum og gufustr\u00f3kum, hundru\u00f0 mismunandi g\u00edga, hella, hraunbrei\u00f0a, kletta og svartar &hellip;<\/p>\n<p class=\"read-more\"> <a class=\"\" href=\"https:\/\/geopark.viska.dev\/is\/destination\/kerlingarbas\/\"> <span class=\"screen-reader-text\">Kerlingarb\u00e1s<\/span> Read More &raquo;<\/a><\/p>\n","protected":false},"author":2,"featured_media":0,"parent":0,"menu_order":0,"comment_status":"closed","ping_status":"closed","template":"elementor_header_footer","meta":{"inline_featured_image":false,"_mi_skip_tracking":false,"site-sidebar-layout":"no-sidebar","site-content-layout":"page-builder","ast-global-header-display":"","ast-main-header-display":"","ast-hfb-above-header-display":"","ast-hfb-below-header-display":"","ast-hfb-mobile-header-display":"","site-post-title":"disabled","ast-breadcrumbs-content":"","ast-featured-img":"disabled","footer-sml-layout":"","theme-transparent-header-meta":"default","adv-header-id-meta":"","stick-header-meta":"","header-above-stick-meta":"","header-main-stick-meta":"","header-below-stick-meta":""},"_links":{"self":[{"href":"https:\/\/geopark.viska.dev\/is\/wp-json\/wp\/v2\/pages\/1442"}],"collection":[{"href":"https:\/\/geopark.viska.dev\/is\/wp-json\/wp\/v2\/pages"}],"about":[{"href":"https:\/\/geopark.viska.dev\/is\/wp-json\/wp\/v2\/types\/page"}],"author":[{"embeddable":true,"href":"https:\/\/geopark.viska.dev\/is\/wp-json\/wp\/v2\/users\/2"}],"replies":[{"embeddable":true,"href":"https:\/\/geopark.viska.dev\/is\/wp-json\/wp\/v2\/comments?post=1442"}],"version-history":[{"count":19,"href":"https:\/\/geopark.viska.dev\/is\/wp-json\/wp\/v2\/pages\/1442\/revisions"}],"predecessor-version":[{"id":2610,"href":"https:\/\/geopark.viska.dev\/is\/wp-json\/wp\/v2\/pages\/1442\/revisions\/2610"}],"wp:attachment":[{"href":"https:\/\/geopark.viska.dev\/is\/wp-json\/wp\/v2\/media?parent=1442"}],"curies":[{"name":"wp","href":"https:\/\/api.w.org\/{rel}","templated":true}]}}