{"id":1436,"date":"2020-05-07T13:58:35","date_gmt":"2020-05-07T13:58:35","guid":{"rendered":"https:\/\/geopark.viska.dev\/about-us\/"},"modified":"2021-12-16T12:45:56","modified_gmt":"2021-12-16T12:45:56","slug":"hvadergeopark","status":"publish","type":"page","link":"https:\/\/geopark.viska.dev\/is\/hvadergeopark\/","title":{"rendered":"Hva\u00f0 er Geopark"},"content":{"rendered":"\t\t<div data-elementor-type=\"wp-page\" data-elementor-id=\"1436\" class=\"elementor elementor-1436\">\n\t\t\t\t\t\t<div class=\"elementor-inner\">\n\t\t\t\t<div class=\"elementor-section-wrap\">\n\t\t\t\t\t\t\t\t\t<section class=\"elementor-section elementor-top-section elementor-element elementor-element-070fbfc elementor-section-boxed elementor-section-height-default elementor-section-height-default\" data-id=\"070fbfc\" data-element_type=\"section\" data-settings=\"{&quot;background_background&quot;:&quot;classic&quot;}\">\n\t\t\t\t\t\t<div class=\"elementor-container elementor-column-gap-default\">\n\t\t\t\t\t\t\t<div class=\"elementor-row\">\n\t\t\t\t\t<div class=\"elementor-column elementor-col-100 elementor-top-column elementor-element elementor-element-506248a\" data-id=\"506248a\" data-element_type=\"column\">\n\t\t\t<div class=\"elementor-column-wrap elementor-element-populated\">\n\t\t\t\t\t\t\t<div class=\"elementor-widget-wrap\">\n\t\t\t\t\t\t\t\t<\/div>\n\t\t\t\t\t<\/div>\n\t\t<\/div>\n\t\t\t\t\t\t\t\t<\/div>\n\t\t\t\t\t<\/div>\n\t\t<\/section>\n\t\t\t\t<section class=\"elementor-section elementor-top-section elementor-element elementor-element-9886485 elementor-section-boxed elementor-section-height-default elementor-section-height-default\" data-id=\"9886485\" data-element_type=\"section\">\n\t\t\t\t\t\t<div class=\"elementor-container elementor-column-gap-default\">\n\t\t\t\t\t\t\t<div class=\"elementor-row\">\n\t\t\t\t\t<div class=\"elementor-column elementor-col-100 elementor-top-column elementor-element elementor-element-982a089\" data-id=\"982a089\" data-element_type=\"column\">\n\t\t\t<div class=\"elementor-column-wrap elementor-element-populated\">\n\t\t\t\t\t\t\t<div class=\"elementor-widget-wrap\">\n\t\t\t\t\t\t<div class=\"elementor-element elementor-element-d5ea760 elementor-widget elementor-widget-pp-advanced-tabs\" data-id=\"d5ea760\" data-element_type=\"widget\" data-widget_type=\"pp-advanced-tabs.default\">\n\t\t\t\t<div class=\"elementor-widget-container\">\n\t\t\t\t\t<div class=\"pp-advanced-tabs pp-style-0 pp-tabs-responsive-tablet pp-advabced-tabs-responsive\" role=\"tablist\">\n\t\t\t<div class=\"pp-advanced-tabs-wrapper pp-tabs-labels at-vertical  at-no-hover\">\n\t\t\t\t\t\t\t\t\t\t\t<div id=\"pp-advanced-tabs-title-2241\" class=\"pp-advanced-tabs-title pp-tabs-label pp-advanced-tabs-desktop-title pp-tab-active\" data-tab=\"1\" data-index=\"2241\" tabindex=\"0\" role=\"tab\" aria-controls=\"pp-advanced-tabs-content-2241\">\n\n\t\t\t\t\t\t\t\t\n\t\t\t\t\t\t\t\t<span class=\"pp-advanced-tabs-title-text\">Hva\u00f0 er Geopark<\/span>\n\t\t\t\t\t\t\t\t\t\t\t\t\t\t\t<\/div>\n\t\t\t\t\t\t\t\t\t\t\t\t\t<div id=\"pp-advanced-tabs-title-2242\" class=\"pp-advanced-tabs-title pp-tabs-label pp-advanced-tabs-desktop-title \" data-tab=\"2\" data-index=\"2242\" tabindex=\"0\" role=\"tab\" aria-controls=\"pp-advanced-tabs-content-2242\">\n\n\t\t\t\t\t\t\t\t\n\t\t\t\t\t\t\t\t<span class=\"pp-advanced-tabs-title-text\">Starfsmenn<\/span>\n\t\t\t\t\t\t\t\t\t\t\t\t\t\t\t<\/div>\n\t\t\t\t\t\t\t\t\t\t\t\t\t<div id=\"pp-advanced-tabs-title-2243\" class=\"pp-advanced-tabs-title pp-tabs-label pp-advanced-tabs-desktop-title \" data-tab=\"3\" data-index=\"2243\" tabindex=\"0\" role=\"tab\" aria-controls=\"pp-advanced-tabs-content-2243\">\n\n\t\t\t\t\t\t\t\t\n\t\t\t\t\t\t\t\t<span class=\"pp-advanced-tabs-title-text\">Stj\u00f3rn<\/span>\n\t\t\t\t\t\t\t\t\t\t\t\t\t\t\t<\/div>\n\t\t\t\t\t\t\t\t\t\t\t\t\t<div id=\"pp-advanced-tabs-title-2244\" class=\"pp-advanced-tabs-title pp-tabs-label pp-advanced-tabs-desktop-title \" data-tab=\"4\" data-index=\"2244\" tabindex=\"0\" role=\"tab\" aria-controls=\"pp-advanced-tabs-content-2244\">\n\n\t\t\t\t\t\t\t\t\n\t\t\t\t\t\t\t\t<span class=\"pp-advanced-tabs-title-text\">Verkefni \u00ed vinnslu<\/span>\n\t\t\t\t\t\t\t\t\t\t\t\t\t\t\t<\/div>\n\t\t\t\t\t\t\t\t\t<\/div>\n\t\t\t<div class=\"pp-advanced-tabs-content-wrapper pp-tabs-panels at-vertical-content\">\n\t\t\t\t\t\t\t\t\t<div class=\"pp-tabs-panel\">\n\t\t\t\t\t<div class=\"pp-advanced-tabs-title pp-tabs-label pp-tab-responsive pp-tab-active at-no-hover\" data-index =\"2241\">\n\t\t\t\t\t\t<div class=\"pp-advanced-tabs-title-inner\">\n\t\t\t\t\t\t\t\n\t\t\t\t\t\t\t<span class=\"pp-advanced-tabs-title-text\">Hva\u00f0 er Geopark<\/span>\n\t\t\t\t\t\t\t<i class=\"pp-toggle-icon pp-tab-open fa\"><\/i>\n\t\t\t\t\t\t<\/div>\n\t\t\t\t\t<\/div>\n\t\t\t\t\t<div id=\"pp-advanced-tabs-content-2241\" class=\"pp-advanced-tabs-content elementor-clearfix pp-advanced-tabs-tab_content pp-tab-active\" data-tab=\"1\" data-index=\"2241\" role=\"tabpanel\" aria-labelledby=\"pp-advanced-tabs-title-2241\">\n\t\t\t\t\t\t<p>UNESCO, Menningarm\u00e1lastofnun Sameinu\u00f0u \u00fej\u00f3\u00f0anna vi\u00f0urkenndi Reykjanes sem UNESCO Global Geopark \u00e1ri\u00f0 2015. UNESCO Global Geoparks eru sv\u00e6\u00f0i \u00fear sem minjum og landslagi sem eru jar\u00f0fr\u00e6\u00f0ilega mikilv\u00e6gar \u00e1 heimsv\u00edsu er st\u00fdrt eftir heildr\u00e6nni stefnu um verndun, fr\u00e6\u00f0slu og sj\u00e1lfb\u00e6ra \u00fer\u00f3un.<\/p><p>\u00cd UNESCO Global Geopark eru jar\u00f0minjar n\u00fdttar \u00e1samt \u00f6\u00f0rum n\u00e1tt\u00faru- og menningarminjum sv\u00e6\u00f0isins til a\u00f0 vekja athygli og skilning \u00e1 \u00feeim br\u00fdnu \u00farlausnarefnum sem blasa vi\u00f0 samf\u00e9lagi okkar: Sj\u00e1lfb\u00e6rri n\u00fdtingu au\u00f0linda, samdr\u00e6tti \u00ed losun gr\u00f3\u00f0urh\u00fasalofttegunda og hvernig draga m\u00e1 \u00far \u00e1hrifum n\u00e1tt\u00faruhamfara.<\/p><p>Reykjanes UNESCO Global Geopark vinnur einnig \u00fevert \u00e1 landam\u00e6ri og er a\u00f0ili a\u00f0 st\u00f3ru al\u00fej\u00f3\u00f0legu tengslaneti \u00ed gegnum European Geoparks Network og Global Geoparks Network.<\/p><p>\u00de\u00fa finnur samstarfsa\u00f0ila okkar \u00e1 fer\u00f0alagi um Reykjanes UNESCO Global Geopark. \u00deeir vinna me\u00f0 okkur a\u00f0 markmi\u00f0um UNESCO Global Geoparks.<\/p>\t\t\t\t\t<\/div>\n\t\t\t\t\t<\/div>\n\t\t\t\t\t\t\t\t\t<div class=\"pp-tabs-panel\">\n\t\t\t\t\t<div class=\"pp-advanced-tabs-title pp-tabs-label pp-tab-responsive  at-no-hover\" data-index =\"2242\">\n\t\t\t\t\t\t<div class=\"pp-advanced-tabs-title-inner\">\n\t\t\t\t\t\t\t\n\t\t\t\t\t\t\t<span class=\"pp-advanced-tabs-title-text\">Starfsmenn<\/span>\n\t\t\t\t\t\t\t<i class=\"pp-toggle-icon pp-tab-open fa\"><\/i>\n\t\t\t\t\t\t<\/div>\n\t\t\t\t\t<\/div>\n\t\t\t\t\t<div id=\"pp-advanced-tabs-content-2242\" class=\"pp-advanced-tabs-content elementor-clearfix pp-advanced-tabs-tab_content \" data-tab=\"2\" data-index=\"2242\" role=\"tabpanel\" aria-labelledby=\"pp-advanced-tabs-title-2242\">\n\t\t\t\t\t\t\t\t\t\t\t<\/div>\n\t\t\t\t\t<\/div>\n\t\t\t\t\t\t\t\t\t<div class=\"pp-tabs-panel\">\n\t\t\t\t\t<div class=\"pp-advanced-tabs-title pp-tabs-label pp-tab-responsive  at-no-hover\" data-index =\"2243\">\n\t\t\t\t\t\t<div class=\"pp-advanced-tabs-title-inner\">\n\t\t\t\t\t\t\t\n\t\t\t\t\t\t\t<span class=\"pp-advanced-tabs-title-text\">Stj\u00f3rn<\/span>\n\t\t\t\t\t\t\t<i class=\"pp-toggle-icon pp-tab-open fa\"><\/i>\n\t\t\t\t\t\t<\/div>\n\t\t\t\t\t<\/div>\n\t\t\t\t\t<div id=\"pp-advanced-tabs-content-2243\" class=\"pp-advanced-tabs-content elementor-clearfix pp-advanced-tabs-tab_content \" data-tab=\"3\" data-index=\"2243\" role=\"tabpanel\" aria-labelledby=\"pp-advanced-tabs-title-2243\">\n\t\t\t\t\t\t\t\t\t\t\t<\/div>\n\t\t\t\t\t<\/div>\n\t\t\t\t\t\t\t\t\t<div class=\"pp-tabs-panel\">\n\t\t\t\t\t<div class=\"pp-advanced-tabs-title pp-tabs-label pp-tab-responsive  at-no-hover\" data-index =\"2244\">\n\t\t\t\t\t\t<div class=\"pp-advanced-tabs-title-inner\">\n\t\t\t\t\t\t\t\n\t\t\t\t\t\t\t<span class=\"pp-advanced-tabs-title-text\">Verkefni \u00ed vinnslu<\/span>\n\t\t\t\t\t\t\t<i class=\"pp-toggle-icon pp-tab-open fa\"><\/i>\n\t\t\t\t\t\t<\/div>\n\t\t\t\t\t<\/div>\n\t\t\t\t\t<div id=\"pp-advanced-tabs-content-2244\" class=\"pp-advanced-tabs-content elementor-clearfix pp-advanced-tabs-tab_content \" data-tab=\"4\" data-index=\"2244\" role=\"tabpanel\" aria-labelledby=\"pp-advanced-tabs-title-2244\">\n\t\t\t\t\t\t<ul><li>Tindar<\/li><li>G\u00f6ngulei\u00f0ir<\/li><li>Uppbygging \u00e1ningasta\u00f0a<\/li><li>Geoparkfyrirt\u00e6ki<\/li><li>Erasmus+: Upcycling<\/li><li>Ver\u00f6ld v\u00e6ttanna<\/li><li>Reykjanesb\u00f3kin<\/li><li>Stj\u00f3rnunar- og verndar\u00e1\u00e6tlun<\/li><\/ul>\t\t\t\t\t<\/div>\n\t\t\t\t\t<\/div>\n\t\t\t\t\t\t\t<\/div>\n\t\t<\/div>\n\t\t\t\t<\/div>\n\t\t\t\t<\/div>\n\t\t\t\t\t\t<\/div>\n\t\t\t\t\t<\/div>\n\t\t<\/div>\n\t\t\t\t\t\t\t\t<\/div>\n\t\t\t\t\t<\/div>\n\t\t<\/section>\n\t\t\t\t<section class=\"elementor-section elementor-top-section elementor-element elementor-element-1c93cde elementor-section-boxed elementor-section-height-default elementor-section-height-default\" data-id=\"1c93cde\" data-element_type=\"section\">\n\t\t\t\t\t\t<div class=\"elementor-container elementor-column-gap-default\">\n\t\t\t\t\t\t\t<div class=\"elementor-row\">\n\t\t\t\t\t<div class=\"elementor-column elementor-col-100 elementor-top-column elementor-element elementor-element-974a61a\" data-id=\"974a61a\" data-element_type=\"column\">\n\t\t\t<div class=\"elementor-column-wrap elementor-element-populated\">\n\t\t\t\t\t\t\t<div class=\"elementor-widget-wrap\">\n\t\t\t\t\t\t<div class=\"elementor-element elementor-element-7872d1c elementor-widget elementor-widget-widget-gallery\" data-id=\"7872d1c\" data-element_type=\"widget\" data-widget_type=\"widget-gallery.default\">\n\t\t\t\t<div class=\"elementor-widget-container\">\n\t\t\t\t\t\n\t\t<div class=\"geopark-image-gallery-container\">\n            <div class=\"geopark-image-gallery-wrapper\">\n                <div class=\"geopark-image-gallery geopark-elementor-grid geopark-image-gallery-masonry\">\n                            <div class=\"geopark-grid-item-wrap\">\n                            <div class=\"gallery-left-col\">\n                                    <div class=\"geopark-grid-item\" data-item-id=\"1085\">\n                        <div class=\"geopark-gallery-thumbnail\" style=\"background-image:url('https:\/\/geopark.viska.dev\/wp-content\/uploads\/2019\/11\/52_Sta\u00f0arborg_GunnarFreyr.jpg');\">\n                            <a data-elementor-open-lightbox=\"yes\" data-elementor-lightbox-slideshow=\"1436\" class=\"geopark-image-gallery-item-link\" href=\"https:\/\/geopark.viska.dev\/wp-content\/uploads\/2019\/11\/52_Sta\u00f0arborg_GunnarFreyr.jpg\"><\/a>\n                        <\/div>\n                    <\/div>\n\n\n                                    <div class=\"geopark-grid-item\" data-item-id=\"1079\">\n                        <div class=\"geopark-gallery-thumbnail\" style=\"background-image:url('https:\/\/geopark.viska.dev\/wp-content\/uploads\/2019\/11\/50_reykjanesvitiOZZO.jpg');\">\n                            <a data-elementor-open-lightbox=\"yes\" data-elementor-lightbox-slideshow=\"1436\" class=\"geopark-image-gallery-item-link\" href=\"https:\/\/geopark.viska.dev\/wp-content\/uploads\/2019\/11\/50_reykjanesvitiOZZO.jpg\"><\/a>\n                        <\/div>\n                    <\/div>\n\n\n                                    <\/div>\n                                    <div class=\"gallery-center-col\">\n                                    <div class=\"geopark-grid-item\" data-item-id=\"1065\">\n                        <div class=\"geopark-gallery-thumbnail\" style=\"background-image:url('https:\/\/geopark.viska.dev\/wp-content\/uploads\/2019\/11\/49_Hvalsneskirkja_GunnarFreyr-2-scaled.jpg');\">\n                            <a data-elementor-open-lightbox=\"yes\" data-elementor-lightbox-slideshow=\"1436\" class=\"geopark-image-gallery-item-link\" href=\"https:\/\/geopark.viska.dev\/wp-content\/uploads\/2019\/11\/49_Hvalsneskirkja_GunnarFreyr-2-scaled.jpg\"><\/a>\n                        <\/div>\n                    <\/div>\n\n\n                                    <\/div>\n                                    <div class=\"gallery-right-col\">\n                                    <div class=\"geopark-grid-item\" data-item-id=\"1061\">\n                        <div class=\"geopark-gallery-thumbnail\" style=\"background-image:url('https:\/\/geopark.viska.dev\/wp-content\/uploads\/2019\/11\/47_garr\u00f0skagaviti_olgeirAndresson4.jpg');\">\n                            <a data-elementor-open-lightbox=\"yes\" data-elementor-lightbox-slideshow=\"1436\" class=\"geopark-image-gallery-item-link\" href=\"https:\/\/geopark.viska.dev\/wp-content\/uploads\/2019\/11\/47_garr\u00f0skagaviti_olgeirAndresson4.jpg\"><\/a>\n                        <\/div>\n                    <\/div>\n\n\n                                    <div class=\"geopark-grid-item\" data-item-id=\"1051\">\n                        <div class=\"geopark-gallery-thumbnail\" style=\"background-image:url('https:\/\/geopark.viska.dev\/wp-content\/uploads\/2019\/11\/47_gar\u00f0skagaviti_JohannIsberg_b.jpg');\">\n                            <a data-elementor-open-lightbox=\"yes\" data-elementor-lightbox-slideshow=\"1436\" class=\"geopark-image-gallery-item-link\" href=\"https:\/\/geopark.viska.dev\/wp-content\/uploads\/2019\/11\/47_gar\u00f0skagaviti_JohannIsberg_b.jpg\"><\/a>\n                        <\/div>\n                    <\/div>\n\n\n                                    <div class=\"geopark-grid-item\" data-item-id=\"1031\">\n                        <div class=\"geopark-gallery-thumbnail\" style=\"background-image:url('https:\/\/geopark.viska.dev\/wp-content\/uploads\/2019\/11\/42_Svartsengi.jpg');\">\n                            <a data-elementor-open-lightbox=\"yes\" data-elementor-lightbox-slideshow=\"1436\" class=\"geopark-image-gallery-item-link\" href=\"https:\/\/geopark.viska.dev\/wp-content\/uploads\/2019\/11\/42_Svartsengi.jpg\"><\/a>\n                        <\/div>\n                    <\/div>\n\n\n                                    <\/div>\n                        <\/div>\n                    <\/div>\n            <\/div>\n        <\/div>\n\n    \t\t<\/div>\n\t\t\t\t<\/div>\n\t\t\t\t\t\t<\/div>\n\t\t\t\t\t<\/div>\n\t\t<\/div>\n\t\t\t\t\t\t\t\t<\/div>\n\t\t\t\t\t<\/div>\n\t\t<\/section>\n\t\t\t\t\t\t\t\t\t<\/div>\n\t\t\t<\/div>\n\t\t\t\t\t<\/div>\n\t\t","protected":false},"excerpt":{"rendered":"<p>Hva\u00f0 er Geopark Starfsmenn Stj\u00f3rn Verkefni \u00ed vinnslu Hva\u00f0 er Geopark UNESCO, Menningarm\u00e1lastofnun Sameinu\u00f0u \u00fej\u00f3\u00f0anna vi\u00f0urkenndi Reykjanes sem UNESCO Global Geopark \u00e1ri\u00f0 2015. UNESCO Global Geoparks eru sv\u00e6\u00f0i \u00fear sem minjum og landslagi sem eru jar\u00f0fr\u00e6\u00f0ilega mikilv\u00e6gar \u00e1 heimsv\u00edsu er st\u00fdrt eftir heildr\u00e6nni stefnu um verndun, fr\u00e6\u00f0slu og sj\u00e1lfb\u00e6ra \u00fer\u00f3un. \u00cd UNESCO Global Geopark eru &hellip;<\/p>\n<p class=\"read-more\"> <a class=\"\" href=\"https:\/\/geopark.viska.dev\/is\/hvadergeopark\/\"> <span class=\"screen-reader-text\">Hva\u00f0 er Geopark<\/span> Read More &raquo;<\/a><\/p>\n","protected":false},"author":1,"featured_media":0,"parent":0,"menu_order":0,"comment_status":"closed","ping_status":"closed","template":"elementor_header_footer","meta":{"inline_featured_image":false,"_mi_skip_tracking":false,"site-sidebar-layout":"no-sidebar","site-content-layout":"page-builder","ast-global-header-display":"","ast-main-header-display":"","ast-hfb-above-header-display":"","ast-hfb-below-header-display":"","ast-hfb-mobile-header-display":"","site-post-title":"disabled","ast-breadcrumbs-content":"","ast-featured-img":"disabled","footer-sml-layout":"","theme-transparent-header-meta":"default","adv-header-id-meta":"","stick-header-meta":"","header-above-stick-meta":"","header-main-stick-meta":"","header-below-stick-meta":""},"_links":{"self":[{"href":"https:\/\/geopark.viska.dev\/is\/wp-json\/wp\/v2\/pages\/1436"}],"collection":[{"href":"https:\/\/geopark.viska.dev\/is\/wp-json\/wp\/v2\/pages"}],"about":[{"href":"https:\/\/geopark.viska.dev\/is\/wp-json\/wp\/v2\/types\/page"}],"author":[{"embeddable":true,"href":"https:\/\/geopark.viska.dev\/is\/wp-json\/wp\/v2\/users\/1"}],"replies":[{"embeddable":true,"href":"https:\/\/geopark.viska.dev\/is\/wp-json\/wp\/v2\/comments?post=1436"}],"version-history":[{"count":23,"href":"https:\/\/geopark.viska.dev\/is\/wp-json\/wp\/v2\/pages\/1436\/revisions"}],"predecessor-version":[{"id":2787,"href":"https:\/\/geopark.viska.dev\/is\/wp-json\/wp\/v2\/pages\/1436\/revisions\/2787"}],"wp:attachment":[{"href":"https:\/\/geopark.viska.dev\/is\/wp-json\/wp\/v2\/media?parent=1436"}],"curies":[{"name":"wp","href":"https:\/\/api.w.org\/{rel}","templated":true}]}}